{"id":1001,"date":"2020-09-16T08:58:45","date_gmt":"2020-09-16T08:58:45","guid":{"rendered":"https:\/\/centroesteticamanresa.com\/politica-de-cookies\/"},"modified":"2020-09-22T10:55:14","modified_gmt":"2020-09-22T10:55:14","slug":"politica-de-cookies","status":"publish","type":"page","link":"https:\/\/centroesteticamanresa.com\/ca\/politica-de-cookies\/","title":{"rendered":"Pol\u00edtica de Cookies"},"content":{"rendered":"<h2>POL\u00cdTICA DE COOKIES<\/h2>\n<h3>1. Qu\u00e8 s\u00f3n les cookies i per qu\u00e8 les fem servir a la web?<\/h3>\n<p>Una cookie \u00e9s un fitxer que es descarrega al dispositiu de l&#8217;usuari a l&#8217;accedir a determinats lloc web per a emmagatzemar i recuperar informaci\u00f3 sobre la navegaci\u00f3 que s&#8217;efectua des del seu equip.<br \/>\nLes cookies permeten a aquesta web, entre altres coses, emmagatzemar i recuperar informaci\u00f3 sobre les decisions i h\u00e0bits de l&#8217;usuari. A aquest web les cookies que hi s\u00f3n necess\u00e0ries per al funcionament d&#8217;aquesta.<br \/>\n\u00c9s important destacar que l&#8217;\u00fas de cookies no proporciona dades personals de l&#8217;usuari.<\/p>\n<h3>2. Quin tipus de galetes hi ha?<\/h3>\n<p>Les cookies, en funci\u00f3 de el temps que romanen activades, poden dividir-se en galetes de sessi\u00f3 o permanents:<\/p>\n<h4>\u2022 Cookies de sessi\u00f3 i persistents:<\/h4>\n<p>Les Cookies de sessi\u00f3 s\u00f3n dissenyades per recaptar i emmagatzemar dades mentre l&#8217;usuari accedeix a una p\u00e0gina web. Se solen emprar per emmagatzemar informaci\u00f3 que nom\u00e9s interessa conservar per a la prestaci\u00f3 de el servei sol\u00b7licitat per l&#8217;usuari en una sola ocasi\u00f3. En el cas de les persistents, les dades segueixen emmagatzemades al dispositiu durant un per\u00edode de temps determinat, facilitant aix\u00ed el control de les opcions indicades sense tornar de repetir certs par\u00e0metres cada vegada que es visita el lloc web.<\/p>\n<p>Addicionalment, segons l&#8217;entitat que les gestioni, les Cookies poden classificar-se en pr\u00f2pies o de tercer:<\/p>\n<h4>\u2022 Cookies pr\u00f2pies o de tercers:<\/h4>\n<p>Les galetes pr\u00f2pies s\u00f3n aquelles que s&#8217;envien a l&#8217;equip terminal de l&#8217;usuari des d&#8217;un equip o domini gestionat pel propi editor i des del qual es presta el servei sol\u00b7licitat per l&#8217;usuari. En canvi, les galetes de tercers s\u00f3n aquelles que s&#8217;envien a el terminal de l&#8217;usuari des d&#8217;un equip o domini que no \u00e9s gestionat per l&#8217;editor, sin\u00f3 per un altra entitat que tracta les dades obtingudes a trav\u00e9s de les cookies.<\/p>\n<p>Pel que fa a aix\u00f2, les cookies poden ser:<\/p>\n<h4>\u2022 Cookies t\u00e8cniques \/ personalitzaci\u00f3 \/ an\u00e0lisi \/ publicit\u00e0ries:<\/h4>\n<p>Les Cookies t\u00e8cniques serien les que permeten controlar el tr\u00e0nsit i la comunicaci\u00f3 de dades; les de personalitzaci\u00f3, les que deixen als usuaris accedir segons algunes caracter\u00edstiques pr\u00f2pies que es recullen (navegador, idioma, etc.). Les d&#8217;an\u00e0lisi s\u00f3n aquelles que permeten a l&#8217;responsable de les mateixes, el seguiment i la mida de l&#8217;comportament dels usuaris dels llocs web als que estan vinculades, recullen dades sobre el comportament dels usuaris i permeten elaborar un perfil d&#8217;usuari. Finalment, les publicit\u00e0ries recullen dades sobre la gesti\u00f3 dels espais publicitaris<\/p>\n<h3>3. Quin tipus de cookies utilitza la p\u00e0gina web?<\/h3>\n<table width=\"437\">\n<thead>\n<tr>\n<td width=\"83\"><strong>Nom<\/strong><\/td>\n<td width=\"106\"><strong>Domini<\/strong><\/td>\n<td width=\"183\"><strong>Finalitat<\/strong><\/td>\n<td width=\"64\"><strong>Venciment<\/strong><\/td>\n<\/tr>\n<\/thead>\n<tbody>\n<tr>\n<td width=\"83\">DIYAppServer<\/td>\n<td width=\"106\">cdn.website-start.de<\/td>\n<td width=\"183\">Cookies relatives a l&#8217;servidor de hosting, informaci\u00f3 estad\u00edstica de les visites que rep el web.<\/td>\n<td width=\"64\">sessi\u00f3<\/td>\n<\/tr>\n<tr>\n<td width=\"83\">DIY_SB<\/td>\n<td width=\"106\">www.centroesteticamanresa.com<\/td>\n<td width=\"183\">Instal\u00b7la quan s&#8217;accedeix a la p\u00e0gina web al navegador. \u00c9s una cookie que identifica la sessi\u00f3, la qual s&#8217;envia per a qualsevol altre tipus de sessi\u00f3.<\/p>\n<p>&nbsp;<\/td>\n<td width=\"64\">sessi\u00f3<\/td>\n<tr>\n<p>&nbsp;<\/td>\n<\/tr>\n<\/tbody>\n<\/table>\n<h3>4. Com desactivar les cookies del navegador?<\/h3>\n<p>L&#8217;usuari pot configurar el seu navegador per no acceptar l&#8217;\u00fas de cookies, en aquest cas la personalitzaci\u00f3 de l&#8217;experi\u00e8ncia no s&#8217;aplicaria. Si se selecciona aquesta configuraci\u00f3 pot ser que no es pugui accedir a certes parts del lloc web, ja que pot causar una navegaci\u00f3 menys efica\u00e7.<br \/>\nLa majoria de navegadors actualment permeten a l&#8217;usuari configurar si volen acceptar cookies i quines d&#8217;aquestes. Aquests par\u00e0metres normalment es troben en els &#8220;par\u00e0metres&#8221; o &#8220;prefer\u00e8ncies&#8221; de el men\u00fa del seu navegador.<br \/>\nInternet Explorer des d&#8217;aqu\u00ed:<a href=\"http:\/\/windows.microsoft.com\/es-es\/internet-explorer\/delete-manage-cookies#ie=ie-10\" target=\"_blank\" rel=\"noopener noreferrer\">http:\/\/windows.microsoft.com\/es-es\/internet-explorer\/delete-manage-cookies#ie=ie-10<\/a><br \/>\nGoogle Chrome des d&#8217;aqu\u00ed: <a href=\"http:\/\/support.google.com\/chrome\/bin\/answer.py?hl=es&amp;answer=95647\" target=\"_blank\" rel=\"noopener noreferrer\">http:\/\/support.google.com\/chrome\/bin\/answer.py?hl=es&amp;answer=95647<\/a><br \/>\nSafari des d&#8217;aqu\u00ed: <a href=\"https:\/\/support.apple.com\/kb\/ph17191?locale=es_ES\" target=\"_blank\" rel=\"noopener noreferrer\">https:\/\/support.apple.com\/kb\/ph17191?locale=es_ES<\/a><br \/>\nOpera des d&#8217;aqu\u00ed: <a href=\"http:\/\/help.opera.com\/Windows\/11.50\/es-ES\/cookies.html\" target=\"_blank\" rel=\"noopener noreferrer\">http:\/\/help.opera.com\/Windows\/11.50\/es-ES\/cookies.html<\/a><\/p>\n","protected":false},"excerpt":{"rendered":"<p>POL\u00cdTICA DE COOKIES 1. Qu\u00e8 s\u00f3n les cookies i per qu\u00e8 les fem servir a la web? Una cookie \u00e9s [&hellip;]<\/p>\n","protected":false},"author":4,"featured_media":0,"parent":0,"menu_order":0,"comment_status":"closed","ping_status":"open","template":"","meta":{"_uag_custom_page_level_css":"","footnotes":""},"class_list":["post-1001","page","type-page","status-publish","hentry"],"yoast_head":"<!-- This site is optimized with the Yoast SEO plugin v23.0 - https:\/\/yoast.com\/wordpress\/plugins\/seo\/ -->\n<title>Pol\u00edtica de Cookies \u00b7 Natural M\u00e8dic Est\u00e8tic \u00b7 Centre d&#039;est\u00e8tica Manresa<\/title>\n<meta name=\"description\" content=\"Pol\u00edtica de Cookies \u00b7 Natural M\u00e8dic Est\u00e8tic \u00b7 Centro Est\u00e8tica Manresa \u00b7 Centre m\u00e8dic est\u00e8tic ubicat a Manresa (Barcelona).\" \/>\n<meta name=\"robots\" content=\"index, follow, max-snippet:-1, max-image-preview:large, max-video-preview:-1\" \/>\n<link rel=\"canonical\" href=\"https:\/\/centroesteticamanresa.com\/ca\/politica-de-cookies\/\" \/>\n<meta property=\"og:locale\" content=\"ca_ES\" \/>\n<meta property=\"og:type\" content=\"article\" \/>\n<meta property=\"og:title\" content=\"Pol\u00edtica de Cookies \u00b7 Natural M\u00e8dic Est\u00e8tic \u00b7 Centre d&#039;est\u00e8tica Manresa\" \/>\n<meta property=\"og:description\" content=\"Pol\u00edtica de Cookies \u00b7 Natural M\u00e8dic Est\u00e8tic \u00b7 Centro Est\u00e8tica Manresa \u00b7 Centre m\u00e8dic est\u00e8tic ubicat a Manresa (Barcelona).\" \/>\n<meta property=\"og:url\" content=\"https:\/\/centroesteticamanresa.com\/ca\/politica-de-cookies\/\" \/>\n<meta property=\"og:site_name\" content=\"Natural M\u00e8dic Est\u00e8tic \u00b7 Centre M\u00e8dic Est\u00e8tic a Manresa\" \/>\n<meta property=\"article:modified_time\" content=\"2020-09-22T10:55:14+00:00\" \/>\n<meta name=\"twitter:card\" content=\"summary_large_image\" \/>\n<meta name=\"twitter:label1\" content=\"Temps estimat de lectura\" \/>\n\t<meta name=\"twitter:data1\" content=\"3 minuts\" \/>\n<script type=\"application\/ld+json\" class=\"yoast-schema-graph\">{\"@context\":\"https:\/\/schema.org\",\"@graph\":[{\"@type\":\"WebPage\",\"@id\":\"https:\/\/centroesteticamanresa.com\/ca\/politica-de-cookies\/\",\"url\":\"https:\/\/centroesteticamanresa.com\/ca\/politica-de-cookies\/\",\"name\":\"Pol\u00edtica de Cookies \u00b7 Natural M\u00e8dic Est\u00e8tic \u00b7 Centre d'est\u00e8tica Manresa\",\"isPartOf\":{\"@id\":\"https:\/\/centroesteticamanresa.com\/ca\/#website\"},\"datePublished\":\"2020-09-16T08:58:45+00:00\",\"dateModified\":\"2020-09-22T10:55:14+00:00\",\"description\":\"Pol\u00edtica de Cookies \u00b7 Natural M\u00e8dic Est\u00e8tic \u00b7 Centro Est\u00e8tica Manresa \u00b7 Centre m\u00e8dic est\u00e8tic ubicat a Manresa (Barcelona).\",\"breadcrumb\":{\"@id\":\"https:\/\/centroesteticamanresa.com\/ca\/politica-de-cookies\/#breadcrumb\"},\"inLanguage\":\"ca\",\"potentialAction\":[{\"@type\":\"ReadAction\",\"target\":[\"https:\/\/centroesteticamanresa.com\/ca\/politica-de-cookies\/\"]}]},{\"@type\":\"BreadcrumbList\",\"@id\":\"https:\/\/centroesteticamanresa.com\/ca\/politica-de-cookies\/#breadcrumb\",\"itemListElement\":[{\"@type\":\"ListItem\",\"position\":1,\"name\":\"Portada\",\"item\":\"https:\/\/centroesteticamanresa.com\/ca\/?page_id=1166\"},{\"@type\":\"ListItem\",\"position\":2,\"name\":\"Pol\u00edtica de Cookies\"}]},{\"@type\":\"WebSite\",\"@id\":\"https:\/\/centroesteticamanresa.com\/ca\/#website\",\"url\":\"https:\/\/centroesteticamanresa.com\/ca\/\",\"name\":\"Natural M\u00e8dic Est\u00e8tic \u00b7 Centre M\u00e8dic Est\u00e8tic a Manresa\",\"description\":\"Centro M\u00e9dico de est\u00e9tica avanzada especializado en adelgazamiento, belleza y salud integral, ubicado en Manresa (Barcelona).\",\"potentialAction\":[{\"@type\":\"SearchAction\",\"target\":{\"@type\":\"EntryPoint\",\"urlTemplate\":\"https:\/\/centroesteticamanresa.com\/ca\/?s={search_term_string}\"},\"query-input\":\"required name=search_term_string\"}],\"inLanguage\":\"ca\"}]}<\/script>\n<!-- \/ Yoast SEO plugin. -->","yoast_head_json":{"title":"Pol\u00edtica de Cookies \u00b7 Natural M\u00e8dic Est\u00e8tic \u00b7 Centre d'est\u00e8tica Manresa","description":"Pol\u00edtica de Cookies \u00b7 Natural M\u00e8dic Est\u00e8tic \u00b7 Centro Est\u00e8tica Manresa \u00b7 Centre m\u00e8dic est\u00e8tic ubicat a Manresa (Barcelona).","robots":{"index":"index","follow":"follow","max-snippet":"max-snippet:-1","max-image-preview":"max-image-preview:large","max-video-preview":"max-video-preview:-1"},"canonical":"https:\/\/centroesteticamanresa.com\/ca\/politica-de-cookies\/","og_locale":"ca_ES","og_type":"article","og_title":"Pol\u00edtica de Cookies \u00b7 Natural M\u00e8dic Est\u00e8tic \u00b7 Centre d'est\u00e8tica Manresa","og_description":"Pol\u00edtica de Cookies \u00b7 Natural M\u00e8dic Est\u00e8tic \u00b7 Centro Est\u00e8tica Manresa \u00b7 Centre m\u00e8dic est\u00e8tic ubicat a Manresa (Barcelona).","og_url":"https:\/\/centroesteticamanresa.com\/ca\/politica-de-cookies\/","og_site_name":"Natural M\u00e8dic Est\u00e8tic \u00b7 Centre M\u00e8dic Est\u00e8tic a Manresa","article_modified_time":"2020-09-22T10:55:14+00:00","twitter_card":"summary_large_image","twitter_misc":{"Temps estimat de lectura":"3 minuts"},"schema":{"@context":"https:\/\/schema.org","@graph":[{"@type":"WebPage","@id":"https:\/\/centroesteticamanresa.com\/ca\/politica-de-cookies\/","url":"https:\/\/centroesteticamanresa.com\/ca\/politica-de-cookies\/","name":"Pol\u00edtica de Cookies \u00b7 Natural M\u00e8dic Est\u00e8tic \u00b7 Centre d'est\u00e8tica Manresa","isPartOf":{"@id":"https:\/\/centroesteticamanresa.com\/ca\/#website"},"datePublished":"2020-09-16T08:58:45+00:00","dateModified":"2020-09-22T10:55:14+00:00","description":"Pol\u00edtica de Cookies \u00b7 Natural M\u00e8dic Est\u00e8tic \u00b7 Centro Est\u00e8tica Manresa \u00b7 Centre m\u00e8dic est\u00e8tic ubicat a Manresa (Barcelona).","breadcrumb":{"@id":"https:\/\/centroesteticamanresa.com\/ca\/politica-de-cookies\/#breadcrumb"},"inLanguage":"ca","potentialAction":[{"@type":"ReadAction","target":["https:\/\/centroesteticamanresa.com\/ca\/politica-de-cookies\/"]}]},{"@type":"BreadcrumbList","@id":"https:\/\/centroesteticamanresa.com\/ca\/politica-de-cookies\/#breadcrumb","itemListElement":[{"@type":"ListItem","position":1,"name":"Portada","item":"https:\/\/centroesteticamanresa.com\/ca\/?page_id=1166"},{"@type":"ListItem","position":2,"name":"Pol\u00edtica de Cookies"}]},{"@type":"WebSite","@id":"https:\/\/centroesteticamanresa.com\/ca\/#website","url":"https:\/\/centroesteticamanresa.com\/ca\/","name":"Natural M\u00e8dic Est\u00e8tic \u00b7 Centre M\u00e8dic Est\u00e8tic a Manresa","description":"Centro M\u00e9dico de est\u00e9tica avanzada especializado en adelgazamiento, belleza y salud integral, ubicado en Manresa (Barcelona).","potentialAction":[{"@type":"SearchAction","target":{"@type":"EntryPoint","urlTemplate":"https:\/\/centroesteticamanresa.com\/ca\/?s={search_term_string}"},"query-input":"required name=search_term_string"}],"inLanguage":"ca"}]}},"uagb_featured_image_src":{"full":false,"thumbnail":false,"medium":false,"medium_large":false,"large":false,"1536x1536":false,"2048x2048":false},"uagb_author_info":{"display_name":"AitzaWeb","author_link":"https:\/\/centroesteticamanresa.com\/ca\/author\/aitzaweb\/"},"uagb_comment_info":0,"uagb_excerpt":"POL\u00cdTICA DE COOKIES 1. Qu\u00e8 s\u00f3n les cookies i per qu\u00e8 les fem servir a la web? Una cookie \u00e9s [&hellip;]","_links":{"self":[{"href":"https:\/\/centroesteticamanresa.com\/ca\/wp-json\/wp\/v2\/pages\/1001"}],"collection":[{"href":"https:\/\/centroesteticamanresa.com\/ca\/wp-json\/wp\/v2\/pages"}],"about":[{"href":"https:\/\/centroesteticamanresa.com\/ca\/wp-json\/wp\/v2\/types\/page"}],"author":[{"embeddable":true,"href":"https:\/\/centroesteticamanresa.com\/ca\/wp-json\/wp\/v2\/users\/4"}],"replies":[{"embeddable":true,"href":"https:\/\/centroesteticamanresa.com\/ca\/wp-json\/wp\/v2\/comments?post=1001"}],"version-history":[{"count":3,"href":"https:\/\/centroesteticamanresa.com\/ca\/wp-json\/wp\/v2\/pages\/1001\/revisions"}],"predecessor-version":[{"id":1004,"href":"https:\/\/centroesteticamanresa.com\/ca\/wp-json\/wp\/v2\/pages\/1001\/revisions\/1004"}],"wp:attachment":[{"href":"https:\/\/centroesteticamanresa.com\/ca\/wp-json\/wp\/v2\/media?parent=1001"}],"curies":[{"name":"wp","href":"https:\/\/api.w.org\/{rel}","templated":true}]}}