{"id":1005,"date":"2020-09-16T08:54:20","date_gmt":"2020-09-16T08:54:20","guid":{"rendered":"https:\/\/centroesteticamanresa.com\/politica-de-privacidad\/"},"modified":"2022-02-28T15:36:34","modified_gmt":"2022-02-28T15:36:34","slug":"politica-de-privacidad","status":"publish","type":"page","link":"https:\/\/centroesteticamanresa.com\/ca\/politica-de-privacidad\/","title":{"rendered":"Pol\u00edtica de Privacitat"},"content":{"rendered":"<h2>POL\u00cdTICA DE PRIVACITAT<\/h2>\n<p>De conformitat amb la <strong>Llei Org\u00e0nica 3\/2018, de el 5 de desembre, de Protecci\u00f3 de Dades Personals i Garanties dels Drets Digitals,<\/strong> i del Reglament (UE) 2016\/679, de 27 d&#8217;abril de 2016, relatiu a la protecci\u00f3 de les persones f\u00edsiques pel que fa a el tractament de dades personals ia la lliure circulaci\u00f3 d&#8217;aquestes dades, <strong>NATURAL M\u00c8DIC EST\u00c8TIC<\/strong> informa als Usuaris que naveguin i accedeixin a la p\u00e0gina web <a href=\"https:\/\/centroesteticamanresa.com\/.com\">www.centroesteticamanresa.com<\/a> sobre a els tractaments de dades personals realitzats:<\/p>\n<h3>Responsable<\/h3>\n<p><strong>AITZA SUAREZ SALAS<\/strong><br \/>\nPasseig de Pere III, 70 Local B<br \/>\n08242 Manresa, (Barcelona)<br \/>\nTel\u00e8fon:\u00a0930 132 192<br \/>\nM\u00f2bil:\u00a0687 893 705<br \/>\nCIF: 39528005K<br \/>\n<strong>Registre Sanitari E08607839<br \/>\n<\/strong><strong>N\u00famero de Col\u00b7legiat CAT001083<\/strong><\/p>\n<h3>Finalitat<\/h3>\n<p>Gestionar les dades als quals l&#8217;empresa accedeix com a conseq\u00fc\u00e8ncia de la navegaci\u00f3, consulta i \/ o sol\u00b7licitud, aix\u00ed com la contractaci\u00f3 de serveis a trav\u00e9s del lloc web i, si escau enviar comunicacions comercials.<\/p>\n<h3>Legitimaci\u00f3<\/h3>\n<p>Execuci\u00f3 d&#8217;un contracte.<\/p>\n<h3>Destinataris<\/h3>\n<p>No es cediran les dades a tercers, excepte obligaci\u00f3 legal.<\/p>\n<h3>Drets<\/h3>\n<p>Accedir, rectificar i suprimir les dades, aix\u00ed com els altres drets regulats en el Reglament (UE) 679\/2016 poden ser exercits dirigint-se a el seg\u00fcent domicili: Passeig de Pere III, 70 Local B 08242 Manresa, (Barcelona) o a la seg\u00fcent Adre\u00e7a de correu electr\u00f2nic <a href=\"mailto:nautralmedicestetic@gmail.com\"><strong> nautralmedicestetic@gmail.com <\/strong><\/a><\/p>\n<h3>Conservaci\u00f3<\/h3>\n<p>En el cas que l&#8217;usuari nom\u00e9s faci una consulta seves dades no seran utilitzades per cap altre motiu a part de gestionar la resposta.<\/p>\n<p>Abans de l&#8217;enviament de qualsevol sol\u00b7licitud d&#8217;informaci\u00f3 a trav\u00e9s de l&#8217;correu electr\u00f2nic de contacte d&#8217;aquesta p\u00e0gina web, l&#8217;usuari ha d&#8217;acceptar la pol\u00edtica de privacitat i les condicions d&#8217;\u00fas de la mateixa, per tal de prestar el consentiment expr\u00e9s i informat pel tractament de les dades amb les finalitats indicades.<\/p>\n<p>Les dades personals que l&#8217;Usuari facilita <strong>NATURAL M\u00c8DIC EST\u00c8TIC<\/strong> han de ser actuals perqu\u00e8 la informaci\u00f3 dels registres estigui actualitza i sense errors. L&#8217;Usuari respondr\u00e0 de la veracitat de les dades facilitades.<\/p>\n<h3>Menors d&#8217;edat<\/h3>\n<p>Menores d&#8217;edat<\/p>\n<p>Els menors de 18 anys no poden cedir les seves dades personals a <strong>NATURAL M\u00c8DIC EST\u00c8TIC <\/strong> sense el previ consentiment dels seus pares i \/ o tutors legals.<\/p>\n<p>En cas que <strong>NATURAL M\u00c8DIC EST\u00c8TIC<\/strong> detect\u00e9s que l&#8217;usuari \u00e9s menor de 18 anys es reserva el dret a sol\u00b7licitar una c\u00f2pia del seu DNI o document d&#8217;identitat equivalent, o, si s&#8217;escau, el autoritzaci\u00f3 dels seus pares i \/ o tutors legals, causant baixa en cas de no acreditar el compliment d&#8217;aquest requisit o manca de resposta.<\/p>\n<h3>Quines mesures de seguretat t\u00e9 implantada l&#8217;empresa?<\/h3>\n<p><strong>NATURAL M\u00c8DIC EST\u00c8TIC<\/strong> informa que t\u00e9 implantades les mesures de seguretat d&#8217;\u00edndole t\u00e8cnica i organitzatives necess\u00e0ries que garanteixin la seguretat de les dades de car\u00e0cter personal de l&#8217;Usuari i evitin la seva alteraci\u00f3, p\u00e8rdua, tractament i \/ o acc\u00e9s no autoritzat d&#8217;acord amb l&#8217;estat de la tecnologia, la naturalesa de les dades emmagatzemades i els riscos a qu\u00e8 estan exposats, tant si provenen de l&#8217;acci\u00f3 humana o del medi f\u00edsic o natural, de conformitat amb el que preveu la normativa vigent.<\/p>\n","protected":false},"excerpt":{"rendered":"<p>POL\u00cdTICA DE PRIVACITAT De conformitat amb la Llei Org\u00e0nica 3\/2018, de el 5 de desembre, de Protecci\u00f3 de Dades Personals [&hellip;]<\/p>\n","protected":false},"author":4,"featured_media":0,"parent":0,"menu_order":0,"comment_status":"closed","ping_status":"open","template":"","meta":{"_uag_custom_page_level_css":"","footnotes":""},"class_list":["post-1005","page","type-page","status-publish","hentry"],"yoast_head":"<!-- This site is optimized with the Yoast SEO plugin v23.0 - https:\/\/yoast.com\/wordpress\/plugins\/seo\/ -->\n<title>Pol\u00edtica de Privacitat \u00b7 Natural M\u00e8dic Est\u00e8tic \u00b7 Centre M\u00e8dic Est\u00e8tic<\/title>\n<meta name=\"description\" content=\"Pol\u00edtica de Privacitat \u00b7 Natural M\u00e8dic Est\u00e8tic \u00b7 Centre M\u00e8dic Est\u00e8tic a Manresa \u00b7 Est\u00e8tica Avan\u00e7ada a Manresa.\" \/>\n<meta name=\"robots\" content=\"index, follow, max-snippet:-1, max-image-preview:large, max-video-preview:-1\" \/>\n<link rel=\"canonical\" href=\"https:\/\/centroesteticamanresa.com\/ca\/politica-de-privacidad\/\" \/>\n<meta property=\"og:locale\" content=\"ca_ES\" \/>\n<meta property=\"og:type\" content=\"article\" \/>\n<meta property=\"og:title\" content=\"Pol\u00edtica de Privacitat \u00b7 Natural M\u00e8dic Est\u00e8tic \u00b7 Centre M\u00e8dic Est\u00e8tic\" \/>\n<meta property=\"og:description\" content=\"Pol\u00edtica de Privacitat \u00b7 Natural M\u00e8dic Est\u00e8tic \u00b7 Centre M\u00e8dic Est\u00e8tic a Manresa \u00b7 Est\u00e8tica Avan\u00e7ada a Manresa.\" \/>\n<meta property=\"og:url\" content=\"https:\/\/centroesteticamanresa.com\/ca\/politica-de-privacidad\/\" \/>\n<meta property=\"og:site_name\" content=\"Natural M\u00e8dic Est\u00e8tic \u00b7 Centre M\u00e8dic Est\u00e8tic a Manresa\" \/>\n<meta property=\"article:modified_time\" content=\"2022-02-28T15:36:34+00:00\" \/>\n<meta name=\"twitter:card\" content=\"summary_large_image\" \/>\n<meta name=\"twitter:label1\" content=\"Temps estimat de lectura\" \/>\n\t<meta name=\"twitter:data1\" content=\"3 minuts\" \/>\n<script type=\"application\/ld+json\" class=\"yoast-schema-graph\">{\"@context\":\"https:\/\/schema.org\",\"@graph\":[{\"@type\":\"WebPage\",\"@id\":\"https:\/\/centroesteticamanresa.com\/ca\/politica-de-privacidad\/\",\"url\":\"https:\/\/centroesteticamanresa.com\/ca\/politica-de-privacidad\/\",\"name\":\"Pol\u00edtica de Privacitat \u00b7 Natural M\u00e8dic Est\u00e8tic \u00b7 Centre M\u00e8dic Est\u00e8tic\",\"isPartOf\":{\"@id\":\"https:\/\/centroesteticamanresa.com\/ca\/#website\"},\"datePublished\":\"2020-09-16T08:54:20+00:00\",\"dateModified\":\"2022-02-28T15:36:34+00:00\",\"description\":\"Pol\u00edtica de Privacitat \u00b7 Natural M\u00e8dic Est\u00e8tic \u00b7 Centre M\u00e8dic Est\u00e8tic a Manresa \u00b7 Est\u00e8tica Avan\u00e7ada a Manresa.\",\"breadcrumb\":{\"@id\":\"https:\/\/centroesteticamanresa.com\/ca\/politica-de-privacidad\/#breadcrumb\"},\"inLanguage\":\"ca\",\"potentialAction\":[{\"@type\":\"ReadAction\",\"target\":[\"https:\/\/centroesteticamanresa.com\/ca\/politica-de-privacidad\/\"]}]},{\"@type\":\"BreadcrumbList\",\"@id\":\"https:\/\/centroesteticamanresa.com\/ca\/politica-de-privacidad\/#breadcrumb\",\"itemListElement\":[{\"@type\":\"ListItem\",\"position\":1,\"name\":\"Portada\",\"item\":\"https:\/\/centroesteticamanresa.com\/ca\/?page_id=1166\"},{\"@type\":\"ListItem\",\"position\":2,\"name\":\"Pol\u00edtica de Privacitat\"}]},{\"@type\":\"WebSite\",\"@id\":\"https:\/\/centroesteticamanresa.com\/ca\/#website\",\"url\":\"https:\/\/centroesteticamanresa.com\/ca\/\",\"name\":\"Natural M\u00e8dic Est\u00e8tic \u00b7 Centre M\u00e8dic Est\u00e8tic a Manresa\",\"description\":\"Centro M\u00e9dico de est\u00e9tica avanzada especializado en adelgazamiento, belleza y salud integral, ubicado en Manresa (Barcelona).\",\"potentialAction\":[{\"@type\":\"SearchAction\",\"target\":{\"@type\":\"EntryPoint\",\"urlTemplate\":\"https:\/\/centroesteticamanresa.com\/ca\/?s={search_term_string}\"},\"query-input\":\"required name=search_term_string\"}],\"inLanguage\":\"ca\"}]}<\/script>\n<!-- \/ Yoast SEO plugin. -->","yoast_head_json":{"title":"Pol\u00edtica de Privacitat \u00b7 Natural M\u00e8dic Est\u00e8tic \u00b7 Centre M\u00e8dic Est\u00e8tic","description":"Pol\u00edtica de Privacitat \u00b7 Natural M\u00e8dic Est\u00e8tic \u00b7 Centre M\u00e8dic Est\u00e8tic a Manresa \u00b7 Est\u00e8tica Avan\u00e7ada a Manresa.","robots":{"index":"index","follow":"follow","max-snippet":"max-snippet:-1","max-image-preview":"max-image-preview:large","max-video-preview":"max-video-preview:-1"},"canonical":"https:\/\/centroesteticamanresa.com\/ca\/politica-de-privacidad\/","og_locale":"ca_ES","og_type":"article","og_title":"Pol\u00edtica de Privacitat \u00b7 Natural M\u00e8dic Est\u00e8tic \u00b7 Centre M\u00e8dic Est\u00e8tic","og_description":"Pol\u00edtica de Privacitat \u00b7 Natural M\u00e8dic Est\u00e8tic \u00b7 Centre M\u00e8dic Est\u00e8tic a Manresa \u00b7 Est\u00e8tica Avan\u00e7ada a Manresa.","og_url":"https:\/\/centroesteticamanresa.com\/ca\/politica-de-privacidad\/","og_site_name":"Natural M\u00e8dic Est\u00e8tic \u00b7 Centre M\u00e8dic Est\u00e8tic a Manresa","article_modified_time":"2022-02-28T15:36:34+00:00","twitter_card":"summary_large_image","twitter_misc":{"Temps estimat de lectura":"3 minuts"},"schema":{"@context":"https:\/\/schema.org","@graph":[{"@type":"WebPage","@id":"https:\/\/centroesteticamanresa.com\/ca\/politica-de-privacidad\/","url":"https:\/\/centroesteticamanresa.com\/ca\/politica-de-privacidad\/","name":"Pol\u00edtica de Privacitat \u00b7 Natural M\u00e8dic Est\u00e8tic \u00b7 Centre M\u00e8dic Est\u00e8tic","isPartOf":{"@id":"https:\/\/centroesteticamanresa.com\/ca\/#website"},"datePublished":"2020-09-16T08:54:20+00:00","dateModified":"2022-02-28T15:36:34+00:00","description":"Pol\u00edtica de Privacitat \u00b7 Natural M\u00e8dic Est\u00e8tic \u00b7 Centre M\u00e8dic Est\u00e8tic a Manresa \u00b7 Est\u00e8tica Avan\u00e7ada a Manresa.","breadcrumb":{"@id":"https:\/\/centroesteticamanresa.com\/ca\/politica-de-privacidad\/#breadcrumb"},"inLanguage":"ca","potentialAction":[{"@type":"ReadAction","target":["https:\/\/centroesteticamanresa.com\/ca\/politica-de-privacidad\/"]}]},{"@type":"BreadcrumbList","@id":"https:\/\/centroesteticamanresa.com\/ca\/politica-de-privacidad\/#breadcrumb","itemListElement":[{"@type":"ListItem","position":1,"name":"Portada","item":"https:\/\/centroesteticamanresa.com\/ca\/?page_id=1166"},{"@type":"ListItem","position":2,"name":"Pol\u00edtica de Privacitat"}]},{"@type":"WebSite","@id":"https:\/\/centroesteticamanresa.com\/ca\/#website","url":"https:\/\/centroesteticamanresa.com\/ca\/","name":"Natural M\u00e8dic Est\u00e8tic \u00b7 Centre M\u00e8dic Est\u00e8tic a Manresa","description":"Centro M\u00e9dico de est\u00e9tica avanzada especializado en adelgazamiento, belleza y salud integral, ubicado en Manresa (Barcelona).","potentialAction":[{"@type":"SearchAction","target":{"@type":"EntryPoint","urlTemplate":"https:\/\/centroesteticamanresa.com\/ca\/?s={search_term_string}"},"query-input":"required name=search_term_string"}],"inLanguage":"ca"}]}},"uagb_featured_image_src":{"full":false,"thumbnail":false,"medium":false,"medium_large":false,"large":false,"1536x1536":false,"2048x2048":false},"uagb_author_info":{"display_name":"AitzaWeb","author_link":"https:\/\/centroesteticamanresa.com\/ca\/author\/aitzaweb\/"},"uagb_comment_info":0,"uagb_excerpt":"POL\u00cdTICA DE PRIVACITAT De conformitat amb la Llei Org\u00e0nica 3\/2018, de el 5 de desembre, de Protecci\u00f3 de Dades Personals [&hellip;]","_links":{"self":[{"href":"https:\/\/centroesteticamanresa.com\/ca\/wp-json\/wp\/v2\/pages\/1005"}],"collection":[{"href":"https:\/\/centroesteticamanresa.com\/ca\/wp-json\/wp\/v2\/pages"}],"about":[{"href":"https:\/\/centroesteticamanresa.com\/ca\/wp-json\/wp\/v2\/types\/page"}],"author":[{"embeddable":true,"href":"https:\/\/centroesteticamanresa.com\/ca\/wp-json\/wp\/v2\/users\/4"}],"replies":[{"embeddable":true,"href":"https:\/\/centroesteticamanresa.com\/ca\/wp-json\/wp\/v2\/comments?post=1005"}],"version-history":[{"count":6,"href":"https:\/\/centroesteticamanresa.com\/ca\/wp-json\/wp\/v2\/pages\/1005\/revisions"}],"predecessor-version":[{"id":1147,"href":"https:\/\/centroesteticamanresa.com\/ca\/wp-json\/wp\/v2\/pages\/1005\/revisions\/1147"}],"wp:attachment":[{"href":"https:\/\/centroesteticamanresa.com\/ca\/wp-json\/wp\/v2\/media?parent=1005"}],"curies":[{"name":"wp","href":"https:\/\/api.w.org\/{rel}","templated":true}]}}