{"id":1009,"date":"2019-11-19T14:46:20","date_gmt":"2019-11-19T14:46:20","guid":{"rendered":"https:\/\/centroesteticamanresa.com\/aviso-legal\/"},"modified":"2022-02-28T15:35:16","modified_gmt":"2022-02-28T15:35:16","slug":"aviso-legal","status":"publish","type":"page","link":"https:\/\/centroesteticamanresa.com\/ca\/aviso-legal\/","title":{"rendered":"Av\u00eds Legal"},"content":{"rendered":"<h2>AV\u00cdS LEGAL<\/h2>\n<p>En compliment de la Llei 34\/2002, de 11 de juliol, de Serveis de la Societat de la Informaci\u00f3 i de Comer\u00e7 electr\u00f2nic, s&#8217;informa a l&#8217;Usuari que el titular de la p\u00e0gina web www.mentaevents.com \u00e9s de <strong>Aitza SUAREZ SALES <\/strong> i les seves dades d&#8217;identificaci\u00f3 s\u00f3n:<br \/>\nDomicili: Passeig de Pere III, 70 Local B<br \/>\n08242 Manresa, (Barcelona)<br \/>\nTel\u00e8fon:\u00a0930 132 192<br \/>\nM\u00f2bil:\u00a0687 893 705<br \/>\nCIF: 39528005K<br \/>\n<strong>Registre Sanitari E08607839<br \/>\n<\/strong><strong>N\u00famero de Col\u00b7legiat CAT001083<\/strong><\/p>\n<h3>1. Accedir a la p\u00e0gina web<\/h3>\n<p>L&#8217;av\u00eds legal regula l&#8217;acc\u00e9s i \u00fas dels Usuaris a la p\u00e0gina web i t\u00e9 per objecte donar a con\u00e8ixer els productes de l&#8217;entitat i permetre l&#8217;acc\u00e9s general de tots els usuaris d&#8217;Internet.<br \/>\nL&#8217;acc\u00e9s i \/ o \u00fas de la Web atribueix a qui ho realitza la condici\u00f3 d&#8217;usuari i l&#8217;acceptaci\u00f3, sense reserves de cap classe, de totes i cadascuna de les presents condicions generals, aix\u00ed com d&#8217;aquelles altres particulars que, si escau , regeixin la utilitzaci\u00f3 del Portal o dels serveis vinculats al mateix.<br \/>\nL&#8217;usuari ha de llegir atentament l&#8217;Av\u00eds Legal i les pol\u00edtiques de privacitat i de Cookies quan es proposi utilitzar la p\u00e0gina web, ja que <strong>NATURAL M\u00c8DIC EST\u00c8TIC es reserva la facultat de realitzar, en qualsevol moment i sense necessitat de preav\u00eds, qualsevol modificaci\u00f3 o actualitzaci\u00f3 dels continguts i serveis, de les presents disposicions d&#8217;acc\u00e9s i \u00fas i, en general, de quants elements integrin el disseny i configuraci\u00f3 de la seva web. Si no accepta les condicions d&#8217;acc\u00e9s i \u00fas, li preguem s&#8217;abstingui d&#8217;utilitzar el Web i el seu contingut.<\/strong><\/p>\n<h3>2. Utilitzaci\u00f3 de la p\u00e0gina web<\/h3>\n<p>L&#8217;Usuari es compromet a fer un \u00fas diligent de la p\u00e0gina web, aix\u00ed com de la informaci\u00f3 relativa als seus serveis i activitats, amb total subjecci\u00f3 tant a la normativa aplicable, aix\u00ed com amb la moral i els bons costums generalment acceptats i l&#8217;ordre p\u00fablic , les condicions d&#8217;acc\u00e9s i \u00fas i qualssevol altres condicions establertes en la p\u00e0gina web.<br \/>\nA m\u00e9s, es compromet a abstenir-se d&#8217;utilitzar qualsevol dels continguts amb fins o efectes il\u00b7l\u00edcits, prohibits en el present text, lesius dels drets i interessos de tercers, o que de qualsevol forma puguin danyar, inutilitzar, sobrecarregar, deteriorar o impedir la normal utilitzaci\u00f3 dels continguts, altres Usuaris o de qualsevol usuari d&#8217;Internet (maquinari i programari).<\/p>\n<h3>3. Funcionament de la p\u00e0gina web<\/h3>\n<p>En cas d&#8217;incompliment de les condicions de l&#8217;Av\u00eds Legal, o les pol\u00edtiques de privacitat i galetes, <strong> NATURAL M\u00c8DIC EST\u00c8TIC <\/strong> es reserva el dret a limitar, suspendre i \/ o excloure l&#8217;acc\u00e9s a la seva p\u00e0gina web, adoptant qualsevol mesura t\u00e8cnica necess\u00e0ria a la seva respecte. <strong> NATURAL M\u00c8DIC EST\u00c8TIC <\/strong> far\u00e0 el possible per mantenir la p\u00e0gina web en bon funcionament, evitant errors, o b\u00e9 reparant-los i mantenint els continguts actualitzats. Ara b\u00e9, <strong> NATURAL M\u00c8DIC EST\u00c8TIC <\/strong> no garanteix la disponibilitat i continu\u00eftat en l&#8217;acc\u00e9s a la p\u00e0gina web ni la inexist\u00e8ncia d&#8217;errors en el contingut.<\/p>\n<h3>4. Responsabilitat<\/h3>\n<p>L&#8217;Usuari \u00e9s l&#8217;\u00fanic responsable de l&#8217;\u00fas que pugui fer de qualsevol informaci\u00f3 o mecanisme de la p\u00e0gina web.<br \/>\n<strong> NATURAL M\u00c8DIC EST\u00c8TIC <\/strong> no es far\u00e0 responsable de cap dany en el maquinari i \/ o programari de l&#8217;Usuari que es derivi de l&#8217;acc\u00e9s i \u00fas de la p\u00e0gina web. Aix\u00ed mateix, tampoc es responsabilitzar\u00e0 d&#8217;aquests danys i \/ o perjudicis que es puguin ocasionar per l&#8217;acc\u00e9s i \/ o \u00fas de la informaci\u00f3 de la p\u00e0gina web, i en concret els que es puguin produir en sistemes inform\u00e0tics o els provocats per virus \/ o atacs inform\u00e0tics, caigudes, interrupcions abs\u00e8ncia o defecte en les comunicacions i \/ o Internet.<br \/>\nL&#8217;Usuari ser\u00e0 responsable dels danys i \/ o perjudicis que <strong> NATURAL M\u00c8DIC EST\u00c8TIC <\/strong> pugui patir com a conseq\u00fc\u00e8ncia de l&#8217;incompliment de qualsevol dels obligacions a qu\u00e8 queda sotm\u00e8s a trav\u00e9s d&#8217;aquest av\u00eds legal, la normativa aplicable i Pol\u00edtica de Privacitat i de galetes.<\/p>\n<h3>5. Pol\u00edtica en mat\u00e8ria de &#8220;Links&#8221; (Web enlla\u00e7ant i enlla\u00e7ada)<\/h3>\n<p><strong>\u00b7Web enlla\u00e7ant<\/strong><br \/>\nEls tercers que tinguin la intenci\u00f3 d&#8217;incloure en una p\u00e0gina web un enlla\u00e7 de la present p\u00e0gina hauran de complir amb la legislaci\u00f3 vigent i no podran allotjar continguts que siguin inapropiats, il\u00b7l\u00edcits, pornogr\u00e0fics, violents, etc.<\/p>\n<p>En cap <strong> NATURAL M\u00c8DIC EST\u00c8TIC <\/strong> \u00e9s fa responsable de l&#8217;contingut de la p\u00e0gina web, ni promou, garanteix, supervisa ni recomana els continguts d&#8217;aquesta.<\/p>\n<p>Si el web enlla\u00e7ant incompleix algun dels aspectes anteriors, estar\u00e0 obligat a suprimir l&#8217;enlla\u00e7 de forma inmediata.<\/p>\n<p><strong>\u00b7Web enlla\u00e7ada<\/strong><br \/>\nEn aquesta p\u00e0gina web es poden incloure enlla\u00e7os de p\u00e0gines web de tercers que permetin a l&#8217;Usuari accedir. No obstant aix\u00f2, <strong> NATURAL M\u00c8DIC EST\u00c8TIC <\/strong> no es fa responsable de l&#8217;contingut d&#8217;aquestes p\u00e0gines web enlla\u00e7ades, sin\u00f3 que ser\u00e0 l&#8217;Usuari l&#8217;encarregat d&#8217;acceptar i comprovar els accessos cada vegada que accedeixi.<br \/>\nTals enlla\u00e7os o mencions tenen una finalitat que no impliquen el suport, aprovaci\u00f3, comercialitzaci\u00f3 o relaci\u00f3 entre la p\u00e0gina i les persones o entitats titulars dels llocs on es trobin.<\/p>\n<h3>6. Propietat Intel\u00b7lectual i Industrial sobre els continguts<\/h3>\n<p><strong> NATURAL M\u00c8DIC EST\u00c8TIC <\/strong> o els seus llicenciats, s\u00f3n titulars de tots els drets de propietat intel\u00b7lectual sobre els continguts de la p\u00e0gina web, entenent com a tal tots els dissenys, bases de dades, programes d&#8217;ordinadors subjacents (codi font, incl\u00f2s), aix\u00ed com els diferents elements que integren la p\u00e0gina web (textos, gr\u00e0fics, fotografies, v\u00eddeos, colors, etc.), estructura, ordre, etc. En relaci\u00f3 a les marques i noms comercials (&#8220;signes distintius&#8221;) s\u00f3n titularitat de <strong> NATURAL M\u00c8DIC EST\u00c8TIC <\/strong> o els llicenciats.<br \/>\nL&#8217;\u00fas de la p\u00e0gina web per part de l&#8217;Usuari no suposa la cessi\u00f3 de cap dret de propietat intel\u00b7lectual ni industrial. L&#8217;Usuari t\u00e9 totalment prohibit reproduir, copiar, distribuir, posar a disposici\u00f3 o de qualsevol altra forma de comunicar p\u00fablicament, transformar o modificar els Continguts o els Signes distintius, llevat que es compti amb l&#8217;autoritzaci\u00f3 de l&#8217;titular dels corresponents drets o aix\u00f2 resulti legalment perm\u00e8s.<\/p>\n<h3>7. Legislaci\u00f3 aplicable<\/h3>\n<p>L&#8217;Av\u00eds Legal es regir\u00e0 i interpretar\u00e0 de conformitat amb la legislaci\u00f3 espanyola.<br \/>\nPer a la resoluci\u00f3 de qualsevol conflicte que pogu\u00e9s derivar-se de l&#8217;acc\u00e9s a la p\u00e0gina web, se sotmetran als jutjats o tribunals pertinents de conformitat amb la normativa de consumidors i usuaris.<\/p>\n<h3>8. Contacte<\/h3>\n<p>Per a qualsevol pregunta o comentari sobre el present av\u00eds legal pot posar-se en contacte amb nosaltres a trav\u00e9s de l&#8217;correu electr\u00f2nic <a href=\"mailto:nautralmedicestetic@gmail.com\">nautralmedicestetic@gmail.com<\/a><\/p>\n","protected":false},"excerpt":{"rendered":"<p>AV\u00cdS LEGAL En compliment de la Llei 34\/2002, de 11 de juliol, de Serveis de la Societat de la Informaci\u00f3 [&hellip;]<\/p>\n","protected":false},"author":4,"featured_media":0,"parent":0,"menu_order":0,"comment_status":"closed","ping_status":"open","template":"","meta":{"_uag_custom_page_level_css":"","footnotes":""},"class_list":["post-1009","page","type-page","status-publish","hentry"],"yoast_head":"<!-- This site is optimized with the Yoast SEO plugin v23.0 - https:\/\/yoast.com\/wordpress\/plugins\/seo\/ -->\n<title>Av\u00eds Legal \u00b7 Natural M\u00e8dic Est\u00e8tic \u00b7 Centre Est\u00e8tica Avan\u00e7ada Manresa<\/title>\n<meta name=\"description\" content=\"Av\u00eds Legal \u00b7 Natural M\u00e8dic Est\u00e8tic \u00b7 Centre Est\u00e8tica Avan\u00e7ada Manresa \u00b7 Centre m\u00e8dic est\u00e8tic ubicat a Manresa (Barcelona).\" \/>\n<meta name=\"robots\" content=\"index, follow, max-snippet:-1, max-image-preview:large, max-video-preview:-1\" \/>\n<link rel=\"canonical\" href=\"https:\/\/centroesteticamanresa.com\/ca\/aviso-legal\/\" \/>\n<meta property=\"og:locale\" content=\"ca_ES\" \/>\n<meta property=\"og:type\" content=\"article\" \/>\n<meta property=\"og:title\" content=\"Av\u00eds Legal \u00b7 Natural M\u00e8dic Est\u00e8tic \u00b7 Centre Est\u00e8tica Avan\u00e7ada Manresa\" \/>\n<meta property=\"og:description\" content=\"Av\u00eds Legal \u00b7 Natural M\u00e8dic Est\u00e8tic \u00b7 Centre Est\u00e8tica Avan\u00e7ada Manresa \u00b7 Centre m\u00e8dic est\u00e8tic ubicat a Manresa (Barcelona).\" \/>\n<meta property=\"og:url\" content=\"https:\/\/centroesteticamanresa.com\/ca\/aviso-legal\/\" \/>\n<meta property=\"og:site_name\" content=\"Natural M\u00e8dic Est\u00e8tic \u00b7 Centre M\u00e8dic Est\u00e8tic a Manresa\" \/>\n<meta property=\"article:modified_time\" content=\"2022-02-28T15:35:16+00:00\" \/>\n<meta name=\"twitter:card\" content=\"summary_large_image\" \/>\n<meta name=\"twitter:label1\" content=\"Temps estimat de lectura\" \/>\n\t<meta name=\"twitter:data1\" content=\"5 minuts\" \/>\n<script type=\"application\/ld+json\" class=\"yoast-schema-graph\">{\"@context\":\"https:\/\/schema.org\",\"@graph\":[{\"@type\":\"WebPage\",\"@id\":\"https:\/\/centroesteticamanresa.com\/ca\/aviso-legal\/\",\"url\":\"https:\/\/centroesteticamanresa.com\/ca\/aviso-legal\/\",\"name\":\"Av\u00eds Legal \u00b7 Natural M\u00e8dic Est\u00e8tic \u00b7 Centre Est\u00e8tica Avan\u00e7ada Manresa\",\"isPartOf\":{\"@id\":\"https:\/\/centroesteticamanresa.com\/ca\/#website\"},\"datePublished\":\"2019-11-19T14:46:20+00:00\",\"dateModified\":\"2022-02-28T15:35:16+00:00\",\"description\":\"Av\u00eds Legal \u00b7 Natural M\u00e8dic Est\u00e8tic \u00b7 Centre Est\u00e8tica Avan\u00e7ada Manresa \u00b7 Centre m\u00e8dic est\u00e8tic ubicat a Manresa (Barcelona).\",\"breadcrumb\":{\"@id\":\"https:\/\/centroesteticamanresa.com\/ca\/aviso-legal\/#breadcrumb\"},\"inLanguage\":\"ca\",\"potentialAction\":[{\"@type\":\"ReadAction\",\"target\":[\"https:\/\/centroesteticamanresa.com\/ca\/aviso-legal\/\"]}]},{\"@type\":\"BreadcrumbList\",\"@id\":\"https:\/\/centroesteticamanresa.com\/ca\/aviso-legal\/#breadcrumb\",\"itemListElement\":[{\"@type\":\"ListItem\",\"position\":1,\"name\":\"Portada\",\"item\":\"https:\/\/centroesteticamanresa.com\/ca\/?page_id=1166\"},{\"@type\":\"ListItem\",\"position\":2,\"name\":\"Av\u00eds Legal\"}]},{\"@type\":\"WebSite\",\"@id\":\"https:\/\/centroesteticamanresa.com\/ca\/#website\",\"url\":\"https:\/\/centroesteticamanresa.com\/ca\/\",\"name\":\"Natural M\u00e8dic Est\u00e8tic \u00b7 Centre M\u00e8dic Est\u00e8tic a Manresa\",\"description\":\"Centro M\u00e9dico de est\u00e9tica avanzada especializado en adelgazamiento, belleza y salud integral, ubicado en Manresa (Barcelona).\",\"potentialAction\":[{\"@type\":\"SearchAction\",\"target\":{\"@type\":\"EntryPoint\",\"urlTemplate\":\"https:\/\/centroesteticamanresa.com\/ca\/?s={search_term_string}\"},\"query-input\":\"required name=search_term_string\"}],\"inLanguage\":\"ca\"}]}<\/script>\n<!-- \/ Yoast SEO plugin. -->","yoast_head_json":{"title":"Av\u00eds Legal \u00b7 Natural M\u00e8dic Est\u00e8tic \u00b7 Centre Est\u00e8tica Avan\u00e7ada Manresa","description":"Av\u00eds Legal \u00b7 Natural M\u00e8dic Est\u00e8tic \u00b7 Centre Est\u00e8tica Avan\u00e7ada Manresa \u00b7 Centre m\u00e8dic est\u00e8tic ubicat a Manresa (Barcelona).","robots":{"index":"index","follow":"follow","max-snippet":"max-snippet:-1","max-image-preview":"max-image-preview:large","max-video-preview":"max-video-preview:-1"},"canonical":"https:\/\/centroesteticamanresa.com\/ca\/aviso-legal\/","og_locale":"ca_ES","og_type":"article","og_title":"Av\u00eds Legal \u00b7 Natural M\u00e8dic Est\u00e8tic \u00b7 Centre Est\u00e8tica Avan\u00e7ada Manresa","og_description":"Av\u00eds Legal \u00b7 Natural M\u00e8dic Est\u00e8tic \u00b7 Centre Est\u00e8tica Avan\u00e7ada Manresa \u00b7 Centre m\u00e8dic est\u00e8tic ubicat a Manresa (Barcelona).","og_url":"https:\/\/centroesteticamanresa.com\/ca\/aviso-legal\/","og_site_name":"Natural M\u00e8dic Est\u00e8tic \u00b7 Centre M\u00e8dic Est\u00e8tic a Manresa","article_modified_time":"2022-02-28T15:35:16+00:00","twitter_card":"summary_large_image","twitter_misc":{"Temps estimat de lectura":"5 minuts"},"schema":{"@context":"https:\/\/schema.org","@graph":[{"@type":"WebPage","@id":"https:\/\/centroesteticamanresa.com\/ca\/aviso-legal\/","url":"https:\/\/centroesteticamanresa.com\/ca\/aviso-legal\/","name":"Av\u00eds Legal \u00b7 Natural M\u00e8dic Est\u00e8tic \u00b7 Centre Est\u00e8tica Avan\u00e7ada Manresa","isPartOf":{"@id":"https:\/\/centroesteticamanresa.com\/ca\/#website"},"datePublished":"2019-11-19T14:46:20+00:00","dateModified":"2022-02-28T15:35:16+00:00","description":"Av\u00eds Legal \u00b7 Natural M\u00e8dic Est\u00e8tic \u00b7 Centre Est\u00e8tica Avan\u00e7ada Manresa \u00b7 Centre m\u00e8dic est\u00e8tic ubicat a Manresa (Barcelona).","breadcrumb":{"@id":"https:\/\/centroesteticamanresa.com\/ca\/aviso-legal\/#breadcrumb"},"inLanguage":"ca","potentialAction":[{"@type":"ReadAction","target":["https:\/\/centroesteticamanresa.com\/ca\/aviso-legal\/"]}]},{"@type":"BreadcrumbList","@id":"https:\/\/centroesteticamanresa.com\/ca\/aviso-legal\/#breadcrumb","itemListElement":[{"@type":"ListItem","position":1,"name":"Portada","item":"https:\/\/centroesteticamanresa.com\/ca\/?page_id=1166"},{"@type":"ListItem","position":2,"name":"Av\u00eds Legal"}]},{"@type":"WebSite","@id":"https:\/\/centroesteticamanresa.com\/ca\/#website","url":"https:\/\/centroesteticamanresa.com\/ca\/","name":"Natural M\u00e8dic Est\u00e8tic \u00b7 Centre M\u00e8dic Est\u00e8tic a Manresa","description":"Centro M\u00e9dico de est\u00e9tica avanzada especializado en adelgazamiento, belleza y salud integral, ubicado en Manresa (Barcelona).","potentialAction":[{"@type":"SearchAction","target":{"@type":"EntryPoint","urlTemplate":"https:\/\/centroesteticamanresa.com\/ca\/?s={search_term_string}"},"query-input":"required name=search_term_string"}],"inLanguage":"ca"}]}},"uagb_featured_image_src":{"full":false,"thumbnail":false,"medium":false,"medium_large":false,"large":false,"1536x1536":false,"2048x2048":false},"uagb_author_info":{"display_name":"AitzaWeb","author_link":"https:\/\/centroesteticamanresa.com\/ca\/author\/aitzaweb\/"},"uagb_comment_info":0,"uagb_excerpt":"AV\u00cdS LEGAL En compliment de la Llei 34\/2002, de 11 de juliol, de Serveis de la Societat de la Informaci\u00f3 [&hellip;]","_links":{"self":[{"href":"https:\/\/centroesteticamanresa.com\/ca\/wp-json\/wp\/v2\/pages\/1009"}],"collection":[{"href":"https:\/\/centroesteticamanresa.com\/ca\/wp-json\/wp\/v2\/pages"}],"about":[{"href":"https:\/\/centroesteticamanresa.com\/ca\/wp-json\/wp\/v2\/types\/page"}],"author":[{"embeddable":true,"href":"https:\/\/centroesteticamanresa.com\/ca\/wp-json\/wp\/v2\/users\/4"}],"replies":[{"embeddable":true,"href":"https:\/\/centroesteticamanresa.com\/ca\/wp-json\/wp\/v2\/comments?post=1009"}],"version-history":[{"count":6,"href":"https:\/\/centroesteticamanresa.com\/ca\/wp-json\/wp\/v2\/pages\/1009\/revisions"}],"predecessor-version":[{"id":1146,"href":"https:\/\/centroesteticamanresa.com\/ca\/wp-json\/wp\/v2\/pages\/1009\/revisions\/1146"}],"wp:attachment":[{"href":"https:\/\/centroesteticamanresa.com\/ca\/wp-json\/wp\/v2\/media?parent=1009"}],"curies":[{"name":"wp","href":"https:\/\/api.w.org\/{rel}","templated":true}]}}