{"id":769,"date":"2020-01-17T17:35:49","date_gmt":"2020-01-17T17:35:49","guid":{"rendered":"https:\/\/centroesteticamanresa.com\/tratamientos-corporales\/"},"modified":"2020-09-19T16:05:43","modified_gmt":"2020-09-19T16:05:43","slug":"tratamientos-corporales","status":"publish","type":"page","link":"https:\/\/centroesteticamanresa.com\/ca\/tratamientos-corporales\/","title":{"rendered":"Tractaments Corporals"},"content":{"rendered":"<div class=\"section-full-width section-light2\" style=\"background-color:#fcfcfc;\" id=\"section-1\"><div class=\"section-boxed\" style=\"color:#777777;\"><\/p>\n<h5 style=\"text-align: center;\">Tindr\u00e0s sempre en el nostre centre l&#8217;\u00faltim en tractaments corporals, adaptats i creats especialment per a cada pacient. Abans de comen\u00e7ar el tractament et farem de manera <strong>GRATU\u00cfTA<\/strong>, una avaluaci\u00f3 i diagn\u00f2stic exhaustiu, estudiant minuciosament el teu cas en particular, analitzant mesures antropom\u00e8triques, bioempedancia (m\u00fascul, greix, aigua i ossos), a m\u00e9s et farem una prova ecogr\u00e0fica analitzant el tipus de teixit gras que tractarem. Garantim resultats en els nostres tractaments.<\/h5>\n<p style=\"text-align: center;\"><strong>TINDR\u00c0S FACILITATS PER FINAN\u00c7AR ELS TEUS TRACTAMENTS<\/strong><\/p>\n<h5><\/h5>\n<h5><\/h5>\n<h5><\/h5>\n<div class=\"services-wrapper services-boxed-photo cols-wrapper cols-4 pexeto-parallax\"><div class=\"services-box col\"><div class=\"img-container\"><img decoding=\"async\" src=\"https:\/\/centroesteticamanresa.com\/wp-content\/uploads\/2020\/09\/WhatsApp-Image-2020-01-24-at-12.46.35.jpg\" alt=\"ANTICEL.LUL\u00cdTIC\"\/><\/div><div class=\"services-content\"><div class=\"sc-wraper\"><h3>ANTICEL.LUL\u00cdTIC<\/h3><p><b>Ones ac\u00fastiques<\/b> un tractament est\u00e8tic no invasiu i sense contraindicacions, amb resultats visibles des de la primera sessi\u00f3 i en pocs minuts. Les <b>ones de xoc de AWT Storz<\/b> s\u00f3n una novetat mundial, ara disponible en el centre d'est\u00e8tica de Manresa.<\/p><\/div><\/div><\/div><div class=\"services-box col\"><div class=\"img-container\"><img decoding=\"async\" src=\"https:\/\/centroesteticamanresa.com\/wp-content\/uploads\/2020\/09\/WhatsApp-Image-2020-01-24-at-12.46.32-1.jpg\" alt=\"REDUCTOR\"\/><\/div><div class=\"services-content\"><div class=\"sc-wraper\"><h3>REDUCTOR<\/h3><p>Un tractament reductor \u00e9s una veritable soluci\u00f3 per a les persones que durant anys han baixat pes.<\/p><\/div><\/div><\/div><div class=\"services-box col\"><div class=\"img-container\"><img decoding=\"async\" src=\"https:\/\/centroesteticamanresa.com\/wp-content\/uploads\/2020\/09\/WhatsApp-Image-2020-01-24-at-12.54.10.jpg\" alt=\"REAFIRMANT\"\/><\/div><div class=\"services-content\"><div class=\"sc-wraper\"><h3>REAFIRMANT<\/h3><p>El programa de radiofreq\u00fc\u00e8ncia reafirmant i anticel.lulitic, activa la circulaci\u00f3, el col\u00b7lagen i l'elastina, produint aix\u00ed una millor reafirmaci\u00f3 i eliminaci\u00f3 de toxines.<\/p><\/div><\/div><\/div><div class=\"services-box col nomargin\"><div class=\"img-container\"><img decoding=\"async\" src=\"https:\/\/centroesteticamanresa.com\/wp-content\/uploads\/2020\/09\/WhatsApp-Image-2020-01-24-at-12.46.35-1.jpg\" alt=\"REMODELANT\"\/><\/div><div class=\"services-content\"><div class=\"sc-wraper\"><h3>REMODELANT<\/h3><p>Tonificaci\u00f3 i remodelaci\u00f3. Tonifica la massa muscular millorant el to. L'acci\u00f3 remodelant facilita la millora de tot el contorn.<\/p><\/div><\/div><\/div><div class=\"services-box col\"><div class=\"img-container\"><img decoding=\"async\" src=\"https:\/\/centroesteticamanresa.com\/wp-content\/uploads\/2020\/09\/WhatsApp-Image-2020-01-24-at-12.46.32.jpg\" alt=\"APRIMANT\"\/><\/div><div class=\"services-content\"><div class=\"sc-wraper\"><h3>APRIMANT<\/h3><p>Disposem de diversos programes d'aprimament i reductors que podem oferir-te segons el teu tipus de greix. El programa <b>Lipobelt Las\u00e8r<\/ b> \u00e9s un aprimant reductor de forma localitzada. Redueixes cent\u00edmetres des de la primera sessi\u00f3.<\/p><\/div><\/div><\/div><div class=\"services-box col\"><div class=\"img-container\"><img decoding=\"async\" src=\"https:\/\/centroesteticamanresa.com\/wp-content\/uploads\/2020\/09\/WhatsApp-Image-2020-01-24-at-12.46.33.jpg\" alt=\"CIRCULATORI\"\/><\/div><div class=\"services-content\"><div class=\"sc-wraper\"><h3>CIRCULATORI<\/h3><p>El massatge circulatori s'efectua per afavorir i activar el reg sanguini, ajudant a l'eliminaci\u00f3 de toxines i afavorir l'intercanvi cel\u00b7lular. <\/p><\/div><\/div><\/div><div class=\"services-box col\"><div class=\"img-container\"><img decoding=\"async\" src=\"https:\/\/centroesteticamanresa.com\/wp-content\/uploads\/2020\/09\/WhatsApp-Image-2020-01-24-at-12.46.33-1.jpg\" alt=\"POST OPERATORI\"\/><\/div><div class=\"services-content\"><div class=\"sc-wraper\"><h3>POST OPERATORI<\/h3><p>A Natural M\u00e8dic Est\u00e8tic Manresa trobar\u00e0s les mes avan\u00e7ades t\u00e8cniques post operat\u00f2ries, totalment personalitzades realitzades per les nostres especialistes per a la teva r\u00e0pida i segura recuperaci\u00f3.<\/p><\/div><\/div><\/div><div class=\"services-box col nomargin\"><div class=\"img-container\"><img decoding=\"async\" src=\"https:\/\/centroesteticamanresa.com\/wp-content\/uploads\/2020\/09\/WhatsApp-Image-2020-01-24-at-12.46.36.jpg\" alt=\"POST PART\"\/><\/div><div class=\"services-content\"><div class=\"sc-wraper\"><h3>POST PART<\/h3><p><b>Rollaction<\/b>, el teu aliat despr\u00e9s del part. Despr\u00e9s del part toca recuperar les formes perdudes i tonificar tots els teixits que durant nou mesos han estat sotmesos a un estirament constant.\r\n\r\nL'experi\u00e8ncia de m\u00e9s de 35 anys ens ha demostrat que el massatge profund de tots aquests teixits \u00e9s la millor forma de reduir el volum adquirit i tornar-los la fermesa d'una forma r\u00e0pida.<\/p><\/div><\/div><\/div><div class=\"services-box col\"><div class=\"img-container\"><img decoding=\"async\" src=\"https:\/\/centroesteticamanresa.com\/wp-content\/uploads\/2020\/09\/8FFEFDAC-94B1-4B20-99AD-F8FA281F3ECD.jpg\" alt=\"Tractament Antiestries\"\/><\/div><div class=\"services-content\"><div class=\"sc-wraper\"><h3>Tractament Antiestries<\/h3><p>El protocol antiestries m\u00e9s efica\u00e7: l\u00e0ser, tractaments i cosm\u00e8tica. Els experts de Natural M\u00e8dic Est\u00e8tic Manresa t'expliquen les millors alternatives per combatre aquestes marques de la pell tant en cl\u00ednica com a casa<\/p><\/div><\/div><\/div><div class=\"services-box col\"><div class=\"img-container\"><img decoding=\"async\" src=\"https:\/\/centroesteticamanresa.com\/wp-content\/uploads\/2020\/09\/2048D7FE-ECEF-4393-A569-9127109CDB52.jpg\" alt=\"Redueix el Greix Localitzat\"\/><\/div><div class=\"services-content\"><div class=\"sc-wraper\"><h3>Redueix el Greix Localitzat<\/h3><p>El greix localitzat es caracteritza per l'augment desproporcionat de c\u00e8l\u00b7lules adiposes localitzades a la hipodermis. Sol tenir m\u00e9s pres\u00e8ncia a les cuixes i abdomen i \u00e9s una dels greixos m\u00e9s dif\u00edcils d'eliminar.<\/p><\/div><\/div><\/div><div class=\"services-box col\"><div class=\"img-container\"><img decoding=\"async\" src=\"https:\/\/centroesteticamanresa.com\/wp-content\/uploads\/2020\/09\/B9D675E4-B510-4CF9-A516-EB75BE0EB1C5.jpg\" alt=\"Bellaction Duo de Sapphire\"\/><\/div><div class=\"services-content\"><div class=\"sc-wraper\"><h3>Bellaction Duo de Sapphire<\/h3><p>Sistema de massatge fisioactivo profund. \u00c9s l'\u00fanic sistema del mercat que treballa sobre tots els teixits tous, des de la pell fins al m\u00fascul.<\/p><\/div><\/div><\/div><div class=\"services-box col nomargin\"><div class=\"img-container\"><img decoding=\"async\" src=\"https:\/\/centroesteticamanresa.com\/wp-content\/uploads\/2020\/09\/C023E20B-8B65-4CAF-A982-54A29A82545D.jpg\" alt=\"Rollaction System de Ross\"\/><\/div><div class=\"services-content\"><div class=\"sc-wraper\"><h3>Rollaction System de Ross<\/h3><p>Remodelaci\u00f3 corporal amb massatge fisioactivo inspirat en les mans de l'quiromassatgista per ajudar-te a perdre pes i eliminar cel\u00b7lulitis.<\/p><\/div><\/div><\/div><div class=\"services-box col\"><div class=\"img-container\"><img decoding=\"async\" src=\"https:\/\/centroesteticamanresa.com\/wp-content\/uploads\/2020\/09\/A3B3107D-702E-42A2-9669-3A1347AAA134.jpg\" alt=\"Ones de Xoc de AWT Storz Medical\"\/><\/div><div class=\"services-content\"><div class=\"sc-wraper\"><h3>Ones de Xoc de AWT Storz Medical<\/h3><p>Ones de xoc focals (ESWT) per a tractaments no invasius d'indicacions ortop\u00e8diques com tendinopaties i s\u00edndromes de dolor miofacial.<\/p><\/div><\/div><\/div><div class=\"services-box col\"><div class=\"img-container\"><img decoding=\"async\" src=\"https:\/\/centroesteticamanresa.com\/wp-content\/uploads\/2020\/09\/F5E19BA6-AFC5-4BEF-9F67-7AE4DB88765E.jpg\" alt=\"Pressoter\u00e0pia de Sapphire\"\/><\/div><div class=\"services-content\"><div class=\"sc-wraper\"><h3>Pressoter\u00e0pia de Sapphire<\/h3><p>La pressoter\u00e0pia \u00e9s un tractament est\u00e8tic que utilitza la pressi\u00f3 d'aire per realitzar un drenatge limf\u00e0tic. Millora l'oxigenaci\u00f3 en tot el cos, sent aquest efecte un gran benefici en si per tot l'organisme.<\/p><\/div><\/div><\/div><div class=\"services-box col\"><div class=\"img-container\"><img decoding=\"async\" src=\"https:\/\/centroesteticamanresa.com\/wp-content\/uploads\/2020\/09\/EC815769-3BB5-48AC-A596-4322FEEA3DCA.jpg\" alt=\"Lipobelt L\u00e1ser de Ross\"\/><\/div><div class=\"services-content\"><div class=\"sc-wraper\"><h3>Lipobelt L\u00e1ser de Ross<\/h3><p>Sistema BI-TEC per a recuperaci\u00f3 de lesions corporals, tractaments est\u00e8tics avan\u00e7ats i processos postquir\u00fargics.<\/p><\/div><\/div><\/div><div class=\"services-box col nomargin\"><div class=\"img-container\"><img decoding=\"async\" src=\"https:\/\/centroesteticamanresa.com\/wp-content\/uploads\/2020\/09\/A765CD56-EA81-45E5-85ED-A9F54540AE4F.jpg\" alt=\"Kestos Termoestimulaci\u00f3 de Ross\"\/><\/div><div class=\"services-content\"><div class=\"sc-wraper\"><h3>Kestos Termoestimulaci\u00f3 de Ross<\/h3><p>Tractaments corporals intensos de reafirmaci\u00f3 i reducci\u00f3 de volum no desitjat i de la cel\u00b7lulitis.<\/p><\/div><\/div><\/div><div class=\"services-box col\"><div class=\"img-container\"><img decoding=\"async\" src=\"https:\/\/centroesteticamanresa.com\/wp-content\/uploads\/2020\/09\/8652CF4E-58B1-4581-BDD9-609931371380.jpg\" alt=\"Diatermina de Medecestec\"\/><\/div><div class=\"services-content\"><div class=\"sc-wraper\"><h3>Diatermina de Medecestec<\/h3><p>Gr\u00e0cies al tractament t\u00e8rmic en profunditat a la zona lesionada integrada en la ter\u00e0pia manual, amplifiquen i potencien els efectes rehabitalizantes.<\/p><\/div><\/div><\/div><div class=\"services-box col\"><div class=\"img-container\"><img decoding=\"async\" src=\"https:\/\/centroesteticamanresa.com\/wp-content\/uploads\/2020\/09\/68806461-2B82-4217-ACA1-68B8F86FE682.jpg\" alt=\"Ultracavitaci\u00f3 de Cocoon\"\/><\/div><div class=\"services-content\"><div class=\"sc-wraper\"><h3>Ultracavitaci\u00f3 de Cocoon<\/h3><p>La cavitaci\u00f3 amb ultrasons \u00e9s per a la fusi\u00f3 de greixos atrapades sota la dermis i epidermis, i \u00e9s una de les formes m\u00e9s eficaces de millorar l'eliminaci\u00f3 de greix localitzat o la cel\u00b7lulitis, augmentant la condici\u00f3 general en les \u00e0rees de el cos com els bra\u00e7os, glutis i cuixes, fins i tot la l\u00ednia de sostenidors.<\/p><\/div><\/div><\/div><div class=\"services-box col nomargin\"><div class=\"img-container\"><img decoding=\"async\" src=\"https:\/\/centroesteticamanresa.com\/wp-content\/uploads\/2020\/10\/cllc-copia.png\" alt=\"Radiofreq\u00fc\u00e8ncia de Cocoon\"\/><\/div><div class=\"services-content\"><div class=\"sc-wraper\"><h3>Radiofreq\u00fc\u00e8ncia de Cocoon<\/h3><p>Multiplataforma que combina tecnologia de radiofreq\u00fc\u00e8ncia i ultrasons, indicada per al contorn corporal i el rejoveniment facial.<\/p><\/div><\/div><\/div><div class=\"clear\"><\/div><\/div>\n<p>\n<\/div><\/div>\n","protected":false},"excerpt":{"rendered":"","protected":false},"author":4,"featured_media":0,"parent":0,"menu_order":0,"comment_status":"open","ping_status":"open","template":"template-full-custom.php","meta":{"_uag_custom_page_level_css":"","footnotes":""},"class_list":["post-769","page","type-page","status-publish","hentry"],"yoast_head":"<!-- This site is optimized with the Yoast SEO plugin v23.0 - https:\/\/yoast.com\/wordpress\/plugins\/seo\/ -->\n<title>Centre Est\u00e8tica Manresa \u00b7 Tractaments Corporals \u00b7 Natural M\u00e8dic Est\u00e8tic<\/title>\n<meta name=\"description\" content=\"Centre Est\u00e8tica Manresa \u00b7 Tractaments Corporals \u00b7 Natural M\u00e8dic Est\u00e8tic \u00b7 Centre M\u00e8dic Est\u00e8tic a Manresa (Barcelona).\" \/>\n<meta name=\"robots\" content=\"index, follow, max-snippet:-1, max-image-preview:large, max-video-preview:-1\" \/>\n<link rel=\"canonical\" href=\"https:\/\/centroesteticamanresa.com\/ca\/tratamientos-corporales\/\" \/>\n<meta property=\"og:locale\" content=\"ca_ES\" \/>\n<meta property=\"og:type\" content=\"article\" \/>\n<meta property=\"og:title\" content=\"Centre Est\u00e8tica Manresa \u00b7 Tractaments Corporals \u00b7 Natural M\u00e8dic Est\u00e8tic\" \/>\n<meta property=\"og:description\" content=\"Centre Est\u00e8tica Manresa \u00b7 Tractaments Corporals \u00b7 Natural M\u00e8dic Est\u00e8tic \u00b7 Centre M\u00e8dic Est\u00e8tic a Manresa (Barcelona).\" \/>\n<meta property=\"og:url\" content=\"https:\/\/centroesteticamanresa.com\/ca\/tratamientos-corporales\/\" \/>\n<meta property=\"og:site_name\" content=\"Natural M\u00e8dic Est\u00e8tic \u00b7 Centre M\u00e8dic Est\u00e8tic a Manresa\" \/>\n<meta property=\"article:modified_time\" content=\"2020-09-19T16:05:43+00:00\" \/>\n<meta name=\"twitter:card\" content=\"summary_large_image\" \/>\n<meta name=\"twitter:label1\" content=\"Temps estimat de lectura\" \/>\n\t<meta name=\"twitter:data1\" content=\"1 minut\" \/>\n<script type=\"application\/ld+json\" class=\"yoast-schema-graph\">{\"@context\":\"https:\/\/schema.org\",\"@graph\":[{\"@type\":\"WebPage\",\"@id\":\"https:\/\/centroesteticamanresa.com\/ca\/tratamientos-corporales\/\",\"url\":\"https:\/\/centroesteticamanresa.com\/ca\/tratamientos-corporales\/\",\"name\":\"Centre Est\u00e8tica Manresa \u00b7 Tractaments Corporals \u00b7 Natural M\u00e8dic Est\u00e8tic\",\"isPartOf\":{\"@id\":\"https:\/\/centroesteticamanresa.com\/ca\/#website\"},\"datePublished\":\"2020-01-17T17:35:49+00:00\",\"dateModified\":\"2020-09-19T16:05:43+00:00\",\"description\":\"Centre Est\u00e8tica Manresa \u00b7 Tractaments Corporals \u00b7 Natural M\u00e8dic Est\u00e8tic \u00b7 Centre M\u00e8dic Est\u00e8tic a Manresa (Barcelona).\",\"breadcrumb\":{\"@id\":\"https:\/\/centroesteticamanresa.com\/ca\/tratamientos-corporales\/#breadcrumb\"},\"inLanguage\":\"ca\",\"potentialAction\":[{\"@type\":\"ReadAction\",\"target\":[\"https:\/\/centroesteticamanresa.com\/ca\/tratamientos-corporales\/\"]}]},{\"@type\":\"BreadcrumbList\",\"@id\":\"https:\/\/centroesteticamanresa.com\/ca\/tratamientos-corporales\/#breadcrumb\",\"itemListElement\":[{\"@type\":\"ListItem\",\"position\":1,\"name\":\"Portada\",\"item\":\"https:\/\/centroesteticamanresa.com\/ca\/?page_id=1166\"},{\"@type\":\"ListItem\",\"position\":2,\"name\":\"Tractaments Corporals\"}]},{\"@type\":\"WebSite\",\"@id\":\"https:\/\/centroesteticamanresa.com\/ca\/#website\",\"url\":\"https:\/\/centroesteticamanresa.com\/ca\/\",\"name\":\"Natural M\u00e8dic Est\u00e8tic \u00b7 Centre M\u00e8dic Est\u00e8tic a Manresa\",\"description\":\"Centro M\u00e9dico de est\u00e9tica avanzada especializado en adelgazamiento, belleza y salud integral, ubicado en Manresa (Barcelona).\",\"potentialAction\":[{\"@type\":\"SearchAction\",\"target\":{\"@type\":\"EntryPoint\",\"urlTemplate\":\"https:\/\/centroesteticamanresa.com\/ca\/?s={search_term_string}\"},\"query-input\":\"required name=search_term_string\"}],\"inLanguage\":\"ca\"}]}<\/script>\n<!-- \/ Yoast SEO plugin. -->","yoast_head_json":{"title":"Centre Est\u00e8tica Manresa \u00b7 Tractaments Corporals \u00b7 Natural M\u00e8dic Est\u00e8tic","description":"Centre Est\u00e8tica Manresa \u00b7 Tractaments Corporals \u00b7 Natural M\u00e8dic Est\u00e8tic \u00b7 Centre M\u00e8dic Est\u00e8tic a Manresa (Barcelona).","robots":{"index":"index","follow":"follow","max-snippet":"max-snippet:-1","max-image-preview":"max-image-preview:large","max-video-preview":"max-video-preview:-1"},"canonical":"https:\/\/centroesteticamanresa.com\/ca\/tratamientos-corporales\/","og_locale":"ca_ES","og_type":"article","og_title":"Centre Est\u00e8tica Manresa \u00b7 Tractaments Corporals \u00b7 Natural M\u00e8dic Est\u00e8tic","og_description":"Centre Est\u00e8tica Manresa \u00b7 Tractaments Corporals \u00b7 Natural M\u00e8dic Est\u00e8tic \u00b7 Centre M\u00e8dic Est\u00e8tic a Manresa (Barcelona).","og_url":"https:\/\/centroesteticamanresa.com\/ca\/tratamientos-corporales\/","og_site_name":"Natural M\u00e8dic Est\u00e8tic \u00b7 Centre M\u00e8dic Est\u00e8tic a Manresa","article_modified_time":"2020-09-19T16:05:43+00:00","twitter_card":"summary_large_image","twitter_misc":{"Temps estimat de lectura":"1 minut"},"schema":{"@context":"https:\/\/schema.org","@graph":[{"@type":"WebPage","@id":"https:\/\/centroesteticamanresa.com\/ca\/tratamientos-corporales\/","url":"https:\/\/centroesteticamanresa.com\/ca\/tratamientos-corporales\/","name":"Centre Est\u00e8tica Manresa \u00b7 Tractaments Corporals \u00b7 Natural M\u00e8dic Est\u00e8tic","isPartOf":{"@id":"https:\/\/centroesteticamanresa.com\/ca\/#website"},"datePublished":"2020-01-17T17:35:49+00:00","dateModified":"2020-09-19T16:05:43+00:00","description":"Centre Est\u00e8tica Manresa \u00b7 Tractaments Corporals \u00b7 Natural M\u00e8dic Est\u00e8tic \u00b7 Centre M\u00e8dic Est\u00e8tic a Manresa (Barcelona).","breadcrumb":{"@id":"https:\/\/centroesteticamanresa.com\/ca\/tratamientos-corporales\/#breadcrumb"},"inLanguage":"ca","potentialAction":[{"@type":"ReadAction","target":["https:\/\/centroesteticamanresa.com\/ca\/tratamientos-corporales\/"]}]},{"@type":"BreadcrumbList","@id":"https:\/\/centroesteticamanresa.com\/ca\/tratamientos-corporales\/#breadcrumb","itemListElement":[{"@type":"ListItem","position":1,"name":"Portada","item":"https:\/\/centroesteticamanresa.com\/ca\/?page_id=1166"},{"@type":"ListItem","position":2,"name":"Tractaments Corporals"}]},{"@type":"WebSite","@id":"https:\/\/centroesteticamanresa.com\/ca\/#website","url":"https:\/\/centroesteticamanresa.com\/ca\/","name":"Natural M\u00e8dic Est\u00e8tic \u00b7 Centre M\u00e8dic Est\u00e8tic a Manresa","description":"Centro M\u00e9dico de est\u00e9tica avanzada especializado en adelgazamiento, belleza y salud integral, ubicado en Manresa (Barcelona).","potentialAction":[{"@type":"SearchAction","target":{"@type":"EntryPoint","urlTemplate":"https:\/\/centroesteticamanresa.com\/ca\/?s={search_term_string}"},"query-input":"required name=search_term_string"}],"inLanguage":"ca"}]}},"uagb_featured_image_src":{"full":false,"thumbnail":false,"medium":false,"medium_large":false,"large":false,"1536x1536":false,"2048x2048":false},"uagb_author_info":{"display_name":"AitzaWeb","author_link":"https:\/\/centroesteticamanresa.com\/ca\/author\/aitzaweb\/"},"uagb_comment_info":0,"uagb_excerpt":null,"_links":{"self":[{"href":"https:\/\/centroesteticamanresa.com\/ca\/wp-json\/wp\/v2\/pages\/769"}],"collection":[{"href":"https:\/\/centroesteticamanresa.com\/ca\/wp-json\/wp\/v2\/pages"}],"about":[{"href":"https:\/\/centroesteticamanresa.com\/ca\/wp-json\/wp\/v2\/types\/page"}],"author":[{"embeddable":true,"href":"https:\/\/centroesteticamanresa.com\/ca\/wp-json\/wp\/v2\/users\/4"}],"replies":[{"embeddable":true,"href":"https:\/\/centroesteticamanresa.com\/ca\/wp-json\/wp\/v2\/comments?post=769"}],"version-history":[{"count":5,"href":"https:\/\/centroesteticamanresa.com\/ca\/wp-json\/wp\/v2\/pages\/769\/revisions"}],"predecessor-version":[{"id":832,"href":"https:\/\/centroesteticamanresa.com\/ca\/wp-json\/wp\/v2\/pages\/769\/revisions\/832"}],"wp:attachment":[{"href":"https:\/\/centroesteticamanresa.com\/ca\/wp-json\/wp\/v2\/media?parent=769"}],"curies":[{"name":"wp","href":"https:\/\/api.w.org\/{rel}","templated":true}]}}