{"id":833,"date":"2020-01-17T17:42:15","date_gmt":"2020-01-17T17:42:15","guid":{"rendered":"https:\/\/centroesteticamanresa.com\/tratamientos-faciales\/"},"modified":"2020-09-22T10:16:30","modified_gmt":"2020-09-22T10:16:30","slug":"tratamientos-faciales","status":"publish","type":"page","link":"https:\/\/centroesteticamanresa.com\/ca\/tratamientos-faciales\/","title":{"rendered":"Tratamientos Faciales"},"content":{"rendered":"<div class=\"section-full-width section-light2\" style=\"background-color:#fcfcfc;\" id=\"section-1\"><div class=\"section-boxed\" style=\"color:#777777;\"><\/p>\n<h5 style=\"text-align: center;\">Tindr\u00e0s a <b>Natural Medic Estetic <\/b>sempre els teus tractaments <strong>FACIALS<\/strong><b> <\/b>personalitzats, satisfent les teves necessitats especifiques, creant un ecosistema que t&#8217;ajudar\u00e0 a mantenir sana la teva pell i cura de la teva cara. Et realitzarem un diagn\u00f2stic personalitzat, diagnosticant amb el nostre Analitzador M\u00e8dic Facial l&#8217;estat de la teva pell, analitzarem el nivell del teu grau de pigmentaci\u00f3, hidrataci\u00f3, greix, PH i nutrici\u00f3, combinant la nostra gran experi\u00e8ncia, aparatologia i productes naturals i cosmec\u00e8utics d&#8217;\u00faltima generaci\u00f3, on obtindr\u00e0s sempre els millors resultats.<\/h5>\n<p style=\"text-align: center;\"><strong>FACILITATS DE FINAN\u00c7AMENT A TOTS ELS TEUS TRACTAMENTS<\/strong><\/p>\n<h5 style=\"text-align: center;\"><\/h5>\n<h5><\/h5>\n<div class=\"services-wrapper services-thumbnail\"><div class=\"services-box col\"><div class=\"thumbnail-wrapper\"><div class=\"services-img\" style=\"background-image:url(https:\/\/centroesteticamanresa.com\/wp-content\/uploads\/2020\/09\/01_facial_antiarrgues-235x235.jpg)\"><\/div><div class=\"services-content\"><div class=\"sc-wraper\"><h3><a href=\"https:\/\/centroesteticamanresa.com\/ca\/portfolio\/antiarrugas\/\">ANTIARRUGUES<\/a><\/h3><\/div><\/div><\/div><\/div><div class=\"services-box col\"><div class=\"thumbnail-wrapper\"><div class=\"services-img\" style=\"background-image:url(https:\/\/centroesteticamanresa.com\/wp-content\/uploads\/2020\/09\/02_facial_antitaques-235x235.jpg)\"><\/div><div class=\"services-content\"><div class=\"sc-wraper\"><h3><a href=\"https:\/\/centroesteticamanresa.com\/ca\/portfolio\/antimanchas\/\">ANTITAQUES<\/a><\/h3><\/div><\/div><\/div><\/div><div class=\"services-box col\"><div class=\"thumbnail-wrapper\"><div class=\"services-img\" style=\"background-image:url(https:\/\/centroesteticamanresa.com\/wp-content\/uploads\/2020\/09\/03_facial_antiacne-235x235.jpg)\"><\/div><div class=\"services-content\"><div class=\"sc-wraper\"><h3><a href=\"https:\/\/centroesteticamanresa.com\/ca\/portfolio\/antimanchas\/\">ANTI ACNE<\/a><\/h3><\/div><\/div><\/div><\/div><div class=\"services-box col\"><div class=\"thumbnail-wrapper\"><div class=\"services-img\" style=\"background-image:url(https:\/\/centroesteticamanresa.com\/wp-content\/uploads\/2020\/09\/04_facial_reafirmant-235x235.jpg)\"><\/div><div class=\"services-content\"><div class=\"sc-wraper\"><h3><a href=\"https:\/\/centroesteticamanresa.com\/ca\/portfolio\/reafirmante\/\">REAFIRMANT<\/a><\/h3><\/div><\/div><\/div><\/div><div class=\"services-box col\"><div class=\"thumbnail-wrapper\"><div class=\"services-img\" style=\"background-image:url(https:\/\/centroesteticamanresa.com\/wp-content\/uploads\/2020\/09\/05_facial_hidratant-235x235.jpg)\"><\/div><div class=\"services-content\"><div class=\"sc-wraper\"><h3><a href=\"https:\/\/centroesteticamanresa.com\/ca\/portfolio\/hidratante\/\">HIDRATANT<\/a><\/h3><\/div><\/div><\/div><\/div><div class=\"services-box col\"><div class=\"thumbnail-wrapper\"><div class=\"services-img\" style=\"background-image:url(https:\/\/centroesteticamanresa.com\/wp-content\/uploads\/2020\/09\/06_facial_oxigenant-235x235.jpg)\"><\/div><div class=\"services-content\"><div class=\"sc-wraper\"><h3><a href=\"https:\/\/centroesteticamanresa.com\/ca\/portfolio\/oxigenante\/\">OXIGENANT<\/a><\/h3><\/div><\/div><\/div><\/div><div class=\"services-box col\"><div class=\"thumbnail-wrapper\"><div class=\"services-img\" style=\"background-image:url(https:\/\/centroesteticamanresa.com\/wp-content\/uploads\/2020\/09\/07_facial_vitamines-235x235.jpg)\"><\/div><div class=\"services-content\"><div class=\"sc-wraper\"><h3><a href=\"https:\/\/centroesteticamanresa.com\/ca\/portfolio\/vitaminas\/\">VITAMINES<\/a><\/h3><\/div><\/div><\/div><\/div><div class=\"services-box col\"><div class=\"thumbnail-wrapper\"><div class=\"services-img\" style=\"background-image:url(https:\/\/centroesteticamanresa.com\/wp-content\/uploads\/2020\/09\/08_facial_peeling-235x235.jpg)\"><\/div><div class=\"services-content\"><div class=\"sc-wraper\"><h3><a href=\"https:\/\/centroesteticamanresa.com\/ca\/portfolio\/peeling-quimicos\/\">PEELING <\/br> QU\u00cdMICS<\/a><\/h3><\/div><\/div><\/div><\/div><div class=\"clear\"><\/div><\/div>\n<p>\n<\/div><\/div>\n<div class=\"services-wrapper services-fullbox cols-wrapper cols-4\" style=\"background-color:#304151;color:#ffffff;\"><div class=\"services-box col services-no-content\"><div class=\"img-container\"><img decoding=\"async\" src=\"https:\/\/centroesteticamanresa.com\/wp-content\/uploads\/2020\/01\/304044BA-E117-448B-838D-5E6A67618867.jpg\" alt=\"\"\/><\/div><div class=\"services-content\"><div class=\"sc-wraper\"><\/div><\/div><\/div><div class=\"services-box col services-no-content\"><div class=\"img-container\"><img decoding=\"async\" src=\"https:\/\/centroesteticamanresa.com\/wp-content\/uploads\/2020\/01\/0D8C9A2A-53E2-4BF0-8B1B-D51AFAF03E18.jpg\" alt=\"\"\/><\/div><div class=\"services-content\"><div class=\"sc-wraper\"><\/div><\/div><\/div><div class=\"services-box col services-no-content\"><div class=\"img-container\"><img decoding=\"async\" src=\"https:\/\/centroesteticamanresa.com\/wp-content\/uploads\/2020\/01\/74F6F3A7-A489-4933-8997-AA64CCBE8C12.jpg\" alt=\"\"\/><\/div><div class=\"services-content\"><div class=\"sc-wraper\"><\/div><\/div><\/div><div class=\"services-box col nomargin services-no-content\"><div class=\"img-container\"><img decoding=\"async\" src=\"https:\/\/centroesteticamanresa.com\/wp-content\/uploads\/2020\/01\/304044BA-E117-448B-838D-5E6A67618867.jpg\" alt=\"\"\/><\/div><div class=\"services-content\"><div class=\"sc-wraper\"><\/div><\/div><\/div><div class=\"clear\"><\/div><\/div>\n","protected":false},"excerpt":{"rendered":"","protected":false},"author":4,"featured_media":0,"parent":0,"menu_order":0,"comment_status":"open","ping_status":"open","template":"template-full-custom.php","meta":{"_uag_custom_page_level_css":"","footnotes":""},"class_list":["post-833","page","type-page","status-publish","hentry"],"yoast_head":"<!-- This site is optimized with the Yoast SEO plugin v23.0 - https:\/\/yoast.com\/wordpress\/plugins\/seo\/ -->\n<title>Natural M\u00e8dic Est\u00e8tic \u00b7 Tractaments d&#039;Est\u00e8tica Facial a Manresa<\/title>\n<meta name=\"description\" content=\"Natural M\u00e8dic Est\u00e8tic \u00b7 Tractaments d&#039;Est\u00e8tica Facial a Manresa \u00b7 Centre d&#039;est\u00e8tica situat a Manresa \u00b7 Esteticiste a Manresa.\" \/>\n<meta name=\"robots\" content=\"index, follow, max-snippet:-1, max-image-preview:large, max-video-preview:-1\" \/>\n<link rel=\"canonical\" href=\"https:\/\/centroesteticamanresa.com\/ca\/tratamientos-faciales\/\" \/>\n<meta property=\"og:locale\" content=\"ca_ES\" \/>\n<meta property=\"og:type\" content=\"article\" \/>\n<meta property=\"og:title\" content=\"Natural M\u00e8dic Est\u00e8tic \u00b7 Tractaments d&#039;Est\u00e8tica Facial a Manresa\" \/>\n<meta property=\"og:description\" content=\"Natural M\u00e8dic Est\u00e8tic \u00b7 Tractaments d&#039;Est\u00e8tica Facial a Manresa \u00b7 Centre d&#039;est\u00e8tica situat a Manresa \u00b7 Esteticiste a Manresa.\" \/>\n<meta property=\"og:url\" content=\"https:\/\/centroesteticamanresa.com\/ca\/tratamientos-faciales\/\" \/>\n<meta property=\"og:site_name\" content=\"Natural M\u00e8dic Est\u00e8tic \u00b7 Centre M\u00e8dic Est\u00e8tic a Manresa\" \/>\n<meta property=\"article:modified_time\" content=\"2020-09-22T10:16:30+00:00\" \/>\n<meta name=\"twitter:card\" content=\"summary_large_image\" \/>\n<meta name=\"twitter:label1\" content=\"Temps estimat de lectura\" \/>\n\t<meta name=\"twitter:data1\" content=\"1 minut\" \/>\n<script type=\"application\/ld+json\" class=\"yoast-schema-graph\">{\"@context\":\"https:\/\/schema.org\",\"@graph\":[{\"@type\":\"WebPage\",\"@id\":\"https:\/\/centroesteticamanresa.com\/ca\/tratamientos-faciales\/\",\"url\":\"https:\/\/centroesteticamanresa.com\/ca\/tratamientos-faciales\/\",\"name\":\"Natural M\u00e8dic Est\u00e8tic \u00b7 Tractaments d'Est\u00e8tica Facial a Manresa\",\"isPartOf\":{\"@id\":\"https:\/\/centroesteticamanresa.com\/ca\/#website\"},\"datePublished\":\"2020-01-17T17:42:15+00:00\",\"dateModified\":\"2020-09-22T10:16:30+00:00\",\"description\":\"Natural M\u00e8dic Est\u00e8tic \u00b7 Tractaments d'Est\u00e8tica Facial a Manresa \u00b7 Centre d'est\u00e8tica situat a Manresa \u00b7 Esteticiste a Manresa.\",\"breadcrumb\":{\"@id\":\"https:\/\/centroesteticamanresa.com\/ca\/tratamientos-faciales\/#breadcrumb\"},\"inLanguage\":\"ca\",\"potentialAction\":[{\"@type\":\"ReadAction\",\"target\":[\"https:\/\/centroesteticamanresa.com\/ca\/tratamientos-faciales\/\"]}]},{\"@type\":\"BreadcrumbList\",\"@id\":\"https:\/\/centroesteticamanresa.com\/ca\/tratamientos-faciales\/#breadcrumb\",\"itemListElement\":[{\"@type\":\"ListItem\",\"position\":1,\"name\":\"Portada\",\"item\":\"https:\/\/centroesteticamanresa.com\/ca\/?page_id=1166\"},{\"@type\":\"ListItem\",\"position\":2,\"name\":\"Tratamientos Faciales\"}]},{\"@type\":\"WebSite\",\"@id\":\"https:\/\/centroesteticamanresa.com\/ca\/#website\",\"url\":\"https:\/\/centroesteticamanresa.com\/ca\/\",\"name\":\"Natural M\u00e8dic Est\u00e8tic \u00b7 Centre M\u00e8dic Est\u00e8tic a Manresa\",\"description\":\"Centro M\u00e9dico de est\u00e9tica avanzada especializado en adelgazamiento, belleza y salud integral, ubicado en Manresa (Barcelona).\",\"potentialAction\":[{\"@type\":\"SearchAction\",\"target\":{\"@type\":\"EntryPoint\",\"urlTemplate\":\"https:\/\/centroesteticamanresa.com\/ca\/?s={search_term_string}\"},\"query-input\":\"required name=search_term_string\"}],\"inLanguage\":\"ca\"}]}<\/script>\n<!-- \/ Yoast SEO plugin. -->","yoast_head_json":{"title":"Natural M\u00e8dic Est\u00e8tic \u00b7 Tractaments d'Est\u00e8tica Facial a Manresa","description":"Natural M\u00e8dic Est\u00e8tic \u00b7 Tractaments d'Est\u00e8tica Facial a Manresa \u00b7 Centre d'est\u00e8tica situat a Manresa \u00b7 Esteticiste a Manresa.","robots":{"index":"index","follow":"follow","max-snippet":"max-snippet:-1","max-image-preview":"max-image-preview:large","max-video-preview":"max-video-preview:-1"},"canonical":"https:\/\/centroesteticamanresa.com\/ca\/tratamientos-faciales\/","og_locale":"ca_ES","og_type":"article","og_title":"Natural M\u00e8dic Est\u00e8tic \u00b7 Tractaments d'Est\u00e8tica Facial a Manresa","og_description":"Natural M\u00e8dic Est\u00e8tic \u00b7 Tractaments d'Est\u00e8tica Facial a Manresa \u00b7 Centre d'est\u00e8tica situat a Manresa \u00b7 Esteticiste a Manresa.","og_url":"https:\/\/centroesteticamanresa.com\/ca\/tratamientos-faciales\/","og_site_name":"Natural M\u00e8dic Est\u00e8tic \u00b7 Centre M\u00e8dic Est\u00e8tic a Manresa","article_modified_time":"2020-09-22T10:16:30+00:00","twitter_card":"summary_large_image","twitter_misc":{"Temps estimat de lectura":"1 minut"},"schema":{"@context":"https:\/\/schema.org","@graph":[{"@type":"WebPage","@id":"https:\/\/centroesteticamanresa.com\/ca\/tratamientos-faciales\/","url":"https:\/\/centroesteticamanresa.com\/ca\/tratamientos-faciales\/","name":"Natural M\u00e8dic Est\u00e8tic \u00b7 Tractaments d'Est\u00e8tica Facial a Manresa","isPartOf":{"@id":"https:\/\/centroesteticamanresa.com\/ca\/#website"},"datePublished":"2020-01-17T17:42:15+00:00","dateModified":"2020-09-22T10:16:30+00:00","description":"Natural M\u00e8dic Est\u00e8tic \u00b7 Tractaments d'Est\u00e8tica Facial a Manresa \u00b7 Centre d'est\u00e8tica situat a Manresa \u00b7 Esteticiste a Manresa.","breadcrumb":{"@id":"https:\/\/centroesteticamanresa.com\/ca\/tratamientos-faciales\/#breadcrumb"},"inLanguage":"ca","potentialAction":[{"@type":"ReadAction","target":["https:\/\/centroesteticamanresa.com\/ca\/tratamientos-faciales\/"]}]},{"@type":"BreadcrumbList","@id":"https:\/\/centroesteticamanresa.com\/ca\/tratamientos-faciales\/#breadcrumb","itemListElement":[{"@type":"ListItem","position":1,"name":"Portada","item":"https:\/\/centroesteticamanresa.com\/ca\/?page_id=1166"},{"@type":"ListItem","position":2,"name":"Tratamientos Faciales"}]},{"@type":"WebSite","@id":"https:\/\/centroesteticamanresa.com\/ca\/#website","url":"https:\/\/centroesteticamanresa.com\/ca\/","name":"Natural M\u00e8dic Est\u00e8tic \u00b7 Centre M\u00e8dic Est\u00e8tic a Manresa","description":"Centro M\u00e9dico de est\u00e9tica avanzada especializado en adelgazamiento, belleza y salud integral, ubicado en Manresa (Barcelona).","potentialAction":[{"@type":"SearchAction","target":{"@type":"EntryPoint","urlTemplate":"https:\/\/centroesteticamanresa.com\/ca\/?s={search_term_string}"},"query-input":"required name=search_term_string"}],"inLanguage":"ca"}]}},"uagb_featured_image_src":{"full":false,"thumbnail":false,"medium":false,"medium_large":false,"large":false,"1536x1536":false,"2048x2048":false},"uagb_author_info":{"display_name":"AitzaWeb","author_link":"https:\/\/centroesteticamanresa.com\/ca\/author\/aitzaweb\/"},"uagb_comment_info":0,"uagb_excerpt":null,"_links":{"self":[{"href":"https:\/\/centroesteticamanresa.com\/ca\/wp-json\/wp\/v2\/pages\/833"}],"collection":[{"href":"https:\/\/centroesteticamanresa.com\/ca\/wp-json\/wp\/v2\/pages"}],"about":[{"href":"https:\/\/centroesteticamanresa.com\/ca\/wp-json\/wp\/v2\/types\/page"}],"author":[{"embeddable":true,"href":"https:\/\/centroesteticamanresa.com\/ca\/wp-json\/wp\/v2\/users\/4"}],"replies":[{"embeddable":true,"href":"https:\/\/centroesteticamanresa.com\/ca\/wp-json\/wp\/v2\/comments?post=833"}],"version-history":[{"count":4,"href":"https:\/\/centroesteticamanresa.com\/ca\/wp-json\/wp\/v2\/pages\/833\/revisions"}],"predecessor-version":[{"id":862,"href":"https:\/\/centroesteticamanresa.com\/ca\/wp-json\/wp\/v2\/pages\/833\/revisions\/862"}],"wp:attachment":[{"href":"https:\/\/centroesteticamanresa.com\/ca\/wp-json\/wp\/v2\/media?parent=833"}],"curies":[{"name":"wp","href":"https:\/\/api.w.org\/{rel}","templated":true}]}}