{"id":863,"date":"2020-01-17T17:24:39","date_gmt":"2020-01-17T17:24:39","guid":{"rendered":"https:\/\/centroesteticamanresa.com\/depilacion-laser\/"},"modified":"2020-09-22T08:56:05","modified_gmt":"2020-09-22T08:56:05","slug":"depilacion-laser","status":"publish","type":"page","link":"https:\/\/centroesteticamanresa.com\/ca\/depilacion-laser\/","title":{"rendered":"Depilaci\u00f3 L\u00e0ser"},"content":{"rendered":"<div class=\"section-full-width section-light2\" style=\"background-color:#fcfcfc;\" id=\"\u00bfque\u00c9sladepilaci\u00d3l\u00c0serd\u00cdoded39altapot\u00c8ncia\"><div class=\"section-boxed\" style=\"color:#777777;\"><h2 class=\"section-title\" style=\"color:#252525;\">\u00bfQUE \u00c9S LA DEPILACI\u00d3 L\u00c0SER D\u00cdODE D&#39;ALTA POT\u00c8NCIA?<\/h2><h4 style=\"color:#252525;\" class=\"sub-title\">\u00c9s una t\u00e8cnica per eliminar de forma permanent el borrissol no desitjat, d&#39;una manera efica\u00e7, r\u00e0pida i indolora.<\/h4><\/p>\n<h5 style=\"text-align: center;\">A <b>Natural M\u00e9dic Est\u00e8tic<\/b>, comptem amb la tecnologia m\u00e9s innovadora i premiada internacionalment amb el <b>LASER D\u00cdODE ALTA POT\u00c8NCIA SAPPHIRE LS-1200<\/b> dir\u00e0s ad\u00e9u al p\u00e8l per sempre. Compta amb un calibratge personalizat, tractament \u00f2ptim d&#8217;acord a les teves necessitats, pensada en la sensibilitat de la teva pell i la reacci\u00f3 t\u00e8rmica de la teva p\u00e8l.<\/h5>\n<p>Tecnologia Patentada, l&#8217;\u00fanic l\u00e0ser que permet treballar fins a -7\u00baC en contacte amb la pell DEPILICE \u00e9s el fred que fa indolora la depilaci\u00f3 l\u00e0ser d&#8217;alta pot\u00e8ncia. Efica\u00e7 i segur tant en homes com en dones. Resultats testats en qualsevol fototip de l&#8217;escala de tipus de pell Fitzpatrick pel qual podem depilar tot l&#8217;any fins i tot a l&#8217;estiu.<\/p>\n<p>&nbsp;<\/p>\n<div class=\"services-wrapper services-boxed-photo cols-wrapper cols-3\"><div class=\"services-box col\"><div class=\"img-container\"><img decoding=\"async\" src=\"https:\/\/centroesteticamanresa.com\/wp-content\/uploads\/2020\/09\/laser-1.png\" alt=\"Com actua el l\u00e0ser de diode d&#039;alta pot\u00e8ncia?\"\/><\/div><div class=\"services-content\"><div class=\"sc-wraper\"><h3>Com actua el l\u00e0ser de diode d'alta pot\u00e8ncia?<\/h3><p>El l\u00e0ser de D\u00edode \u00e9s un feix de llum que, absorbit de forma selectiva pel pigment de el fol\u00b7licle pil\u00f3s, la melanina provoca la destrucci\u00f3 t\u00e8rmica de les c\u00e8l\u00b7lules responsables del creixement dels cabells.<\/p><\/div><\/div><\/div><div class=\"services-box col\"><div class=\"img-container\"><img decoding=\"async\" src=\"https:\/\/centroesteticamanresa.com\/wp-content\/uploads\/2020\/09\/laser-2.png\" alt=\"Quants tractaments es necessiten?\"\/><\/div><div class=\"services-content\"><div class=\"sc-wraper\"><h3>Quants tractaments es necessiten?<\/h3><p>La depilaci\u00f3 l\u00e0ser requereix diversos tractaments. Aix\u00f2 \u00e9s a causa que el l\u00e0ser funciona millor quan el p\u00e8l est\u00e0 en una etapa primerenca de creixement (anomenada an\u00e0gena), i no tots els p\u00e8ls estan en aquesta fase a el mateix temps.<\/p><\/div><\/div><\/div><div class=\"services-box col nomargin\"><div class=\"img-container\"><img decoding=\"async\" src=\"https:\/\/centroesteticamanresa.com\/wp-content\/uploads\/2020\/09\/laser-3.png\" alt=\"La depilaci\u00f3 l\u00e0ser de d\u00edode d&#039;alta pot\u00e8ncia \u00e9s definitiva?\"\/><\/div><div class=\"services-content\"><div class=\"sc-wraper\"><h3>La depilaci\u00f3 l\u00e0ser de d\u00edode d'alta pot\u00e8ncia \u00e9s definitiva?<\/h3><p>S\u00ed. La depilaci\u00f3 aconsegueix que el cabells destru\u00eft quedi eliminat de forma definitiva. A cada sessi\u00f3 amb l\u00e0ser, nom\u00e9s els fol\u00b7licles pilosos actius s\u00f3n eliminats definitivament, i per aix\u00f2 es necessiten diverses sessions de l\u00e0ser per eliminar permanentment el p\u00e8l d'una zona.<\/p><\/div><\/div><\/div><div class=\"clear\"><\/div><\/div>\n<p>\n<\/div><\/div>\n<div class=\"services-wrapper services-fullbox cols-wrapper cols-4\" style=\"background-color:#304151;color:#ffffff;\"><div class=\"services-box col services-no-content\"><div class=\"img-container\"><img decoding=\"async\" src=\"https:\/\/centroesteticamanresa.com\/wp-content\/uploads\/2020\/01\/laser-01.jpg\" alt=\"\"\/><\/div><div class=\"services-content\"><div class=\"sc-wraper\"><\/div><\/div><\/div><div class=\"services-box col services-no-content\"><div class=\"img-container\"><img decoding=\"async\" src=\"https:\/\/centroesteticamanresa.com\/wp-content\/uploads\/2020\/01\/laser-02.jpg\" alt=\"\"\/><\/div><div class=\"services-content\"><div class=\"sc-wraper\"><\/div><\/div><\/div><div class=\"services-box col services-no-content\"><div class=\"img-container\"><img decoding=\"async\" src=\"https:\/\/centroesteticamanresa.com\/wp-content\/uploads\/2020\/01\/laser-03.jpg\" alt=\"\"\/><\/div><div class=\"services-content\"><div class=\"sc-wraper\"><\/div><\/div><\/div><div class=\"services-box col nomargin services-no-content\"><div class=\"img-container\"><img decoding=\"async\" src=\"https:\/\/centroesteticamanresa.com\/wp-content\/uploads\/2020\/01\/laser-04.jpg\" alt=\"\"\/><\/div><div class=\"services-content\"><div class=\"sc-wraper\"><\/div><\/div><\/div><div class=\"clear\"><\/div><\/div>\n","protected":false},"excerpt":{"rendered":"","protected":false},"author":4,"featured_media":0,"parent":0,"menu_order":0,"comment_status":"open","ping_status":"open","template":"template-full-custom.php","meta":{"_uag_custom_page_level_css":"","footnotes":""},"class_list":["post-863","page","type-page","status-publish","hentry"],"yoast_head":"<!-- This site is optimized with the Yoast SEO plugin v23.0 - https:\/\/yoast.com\/wordpress\/plugins\/seo\/ -->\n<title>Depilaci\u00f3 L\u00e0ser \u00b7 Natural M\u00e8dic Est\u00e8tic Manresa \u00b7 Centre d&#039;Est\u00e8tica<\/title>\n<meta name=\"description\" content=\"Depilaci\u00f3 L\u00e0ser \u00b7 Natural M\u00e8dic Est\u00e8tic Manresa \u00b7 Centre d&#039;Est\u00e8ticaCentre d&#039;Est\u00e8tica ubicat Manresa \u00b7 Depilaci\u00f3 L\u00e0ser Diode\" \/>\n<meta name=\"robots\" content=\"index, follow, max-snippet:-1, max-image-preview:large, max-video-preview:-1\" \/>\n<link rel=\"canonical\" href=\"https:\/\/centroesteticamanresa.com\/ca\/depilacion-laser\/\" \/>\n<meta property=\"og:locale\" content=\"ca_ES\" \/>\n<meta property=\"og:type\" content=\"article\" \/>\n<meta property=\"og:title\" content=\"Depilaci\u00f3 L\u00e0ser \u00b7 Natural M\u00e8dic Est\u00e8tic Manresa \u00b7 Centre d&#039;Est\u00e8tica\" \/>\n<meta property=\"og:description\" content=\"Depilaci\u00f3 L\u00e0ser \u00b7 Natural M\u00e8dic Est\u00e8tic Manresa \u00b7 Centre d&#039;Est\u00e8ticaCentre d&#039;Est\u00e8tica ubicat Manresa \u00b7 Depilaci\u00f3 L\u00e0ser Diode\" \/>\n<meta property=\"og:url\" content=\"https:\/\/centroesteticamanresa.com\/ca\/depilacion-laser\/\" \/>\n<meta property=\"og:site_name\" content=\"Natural M\u00e8dic Est\u00e8tic \u00b7 Centre M\u00e8dic Est\u00e8tic a Manresa\" \/>\n<meta property=\"article:modified_time\" content=\"2020-09-22T08:56:05+00:00\" \/>\n<meta name=\"twitter:card\" content=\"summary_large_image\" \/>\n<meta name=\"twitter:label1\" content=\"Temps estimat de lectura\" \/>\n\t<meta name=\"twitter:data1\" content=\"2 minuts\" \/>\n<script type=\"application\/ld+json\" class=\"yoast-schema-graph\">{\"@context\":\"https:\/\/schema.org\",\"@graph\":[{\"@type\":\"WebPage\",\"@id\":\"https:\/\/centroesteticamanresa.com\/ca\/depilacion-laser\/\",\"url\":\"https:\/\/centroesteticamanresa.com\/ca\/depilacion-laser\/\",\"name\":\"Depilaci\u00f3 L\u00e0ser \u00b7 Natural M\u00e8dic Est\u00e8tic Manresa \u00b7 Centre d'Est\u00e8tica\",\"isPartOf\":{\"@id\":\"https:\/\/centroesteticamanresa.com\/ca\/#website\"},\"datePublished\":\"2020-01-17T17:24:39+00:00\",\"dateModified\":\"2020-09-22T08:56:05+00:00\",\"description\":\"Depilaci\u00f3 L\u00e0ser \u00b7 Natural M\u00e8dic Est\u00e8tic Manresa \u00b7 Centre d'Est\u00e8ticaCentre d'Est\u00e8tica ubicat Manresa \u00b7 Depilaci\u00f3 L\u00e0ser Diode\",\"breadcrumb\":{\"@id\":\"https:\/\/centroesteticamanresa.com\/ca\/depilacion-laser\/#breadcrumb\"},\"inLanguage\":\"ca\",\"potentialAction\":[{\"@type\":\"ReadAction\",\"target\":[\"https:\/\/centroesteticamanresa.com\/ca\/depilacion-laser\/\"]}]},{\"@type\":\"BreadcrumbList\",\"@id\":\"https:\/\/centroesteticamanresa.com\/ca\/depilacion-laser\/#breadcrumb\",\"itemListElement\":[{\"@type\":\"ListItem\",\"position\":1,\"name\":\"Portada\",\"item\":\"https:\/\/centroesteticamanresa.com\/ca\/?page_id=1166\"},{\"@type\":\"ListItem\",\"position\":2,\"name\":\"Depilaci\u00f3 L\u00e0ser\"}]},{\"@type\":\"WebSite\",\"@id\":\"https:\/\/centroesteticamanresa.com\/ca\/#website\",\"url\":\"https:\/\/centroesteticamanresa.com\/ca\/\",\"name\":\"Natural M\u00e8dic Est\u00e8tic \u00b7 Centre M\u00e8dic Est\u00e8tic a Manresa\",\"description\":\"Centro M\u00e9dico de est\u00e9tica avanzada especializado en adelgazamiento, belleza y salud integral, ubicado en Manresa (Barcelona).\",\"potentialAction\":[{\"@type\":\"SearchAction\",\"target\":{\"@type\":\"EntryPoint\",\"urlTemplate\":\"https:\/\/centroesteticamanresa.com\/ca\/?s={search_term_string}\"},\"query-input\":\"required name=search_term_string\"}],\"inLanguage\":\"ca\"}]}<\/script>\n<!-- \/ Yoast SEO plugin. -->","yoast_head_json":{"title":"Depilaci\u00f3 L\u00e0ser \u00b7 Natural M\u00e8dic Est\u00e8tic Manresa \u00b7 Centre d'Est\u00e8tica","description":"Depilaci\u00f3 L\u00e0ser \u00b7 Natural M\u00e8dic Est\u00e8tic Manresa \u00b7 Centre d'Est\u00e8ticaCentre d'Est\u00e8tica ubicat Manresa \u00b7 Depilaci\u00f3 L\u00e0ser Diode","robots":{"index":"index","follow":"follow","max-snippet":"max-snippet:-1","max-image-preview":"max-image-preview:large","max-video-preview":"max-video-preview:-1"},"canonical":"https:\/\/centroesteticamanresa.com\/ca\/depilacion-laser\/","og_locale":"ca_ES","og_type":"article","og_title":"Depilaci\u00f3 L\u00e0ser \u00b7 Natural M\u00e8dic Est\u00e8tic Manresa \u00b7 Centre d'Est\u00e8tica","og_description":"Depilaci\u00f3 L\u00e0ser \u00b7 Natural M\u00e8dic Est\u00e8tic Manresa \u00b7 Centre d'Est\u00e8ticaCentre d'Est\u00e8tica ubicat Manresa \u00b7 Depilaci\u00f3 L\u00e0ser Diode","og_url":"https:\/\/centroesteticamanresa.com\/ca\/depilacion-laser\/","og_site_name":"Natural M\u00e8dic Est\u00e8tic \u00b7 Centre M\u00e8dic Est\u00e8tic a Manresa","article_modified_time":"2020-09-22T08:56:05+00:00","twitter_card":"summary_large_image","twitter_misc":{"Temps estimat de lectura":"2 minuts"},"schema":{"@context":"https:\/\/schema.org","@graph":[{"@type":"WebPage","@id":"https:\/\/centroesteticamanresa.com\/ca\/depilacion-laser\/","url":"https:\/\/centroesteticamanresa.com\/ca\/depilacion-laser\/","name":"Depilaci\u00f3 L\u00e0ser \u00b7 Natural M\u00e8dic Est\u00e8tic Manresa \u00b7 Centre d'Est\u00e8tica","isPartOf":{"@id":"https:\/\/centroesteticamanresa.com\/ca\/#website"},"datePublished":"2020-01-17T17:24:39+00:00","dateModified":"2020-09-22T08:56:05+00:00","description":"Depilaci\u00f3 L\u00e0ser \u00b7 Natural M\u00e8dic Est\u00e8tic Manresa \u00b7 Centre d'Est\u00e8ticaCentre d'Est\u00e8tica ubicat Manresa \u00b7 Depilaci\u00f3 L\u00e0ser Diode","breadcrumb":{"@id":"https:\/\/centroesteticamanresa.com\/ca\/depilacion-laser\/#breadcrumb"},"inLanguage":"ca","potentialAction":[{"@type":"ReadAction","target":["https:\/\/centroesteticamanresa.com\/ca\/depilacion-laser\/"]}]},{"@type":"BreadcrumbList","@id":"https:\/\/centroesteticamanresa.com\/ca\/depilacion-laser\/#breadcrumb","itemListElement":[{"@type":"ListItem","position":1,"name":"Portada","item":"https:\/\/centroesteticamanresa.com\/ca\/?page_id=1166"},{"@type":"ListItem","position":2,"name":"Depilaci\u00f3 L\u00e0ser"}]},{"@type":"WebSite","@id":"https:\/\/centroesteticamanresa.com\/ca\/#website","url":"https:\/\/centroesteticamanresa.com\/ca\/","name":"Natural M\u00e8dic Est\u00e8tic \u00b7 Centre M\u00e8dic Est\u00e8tic a Manresa","description":"Centro M\u00e9dico de est\u00e9tica avanzada especializado en adelgazamiento, belleza y salud integral, ubicado en Manresa (Barcelona).","potentialAction":[{"@type":"SearchAction","target":{"@type":"EntryPoint","urlTemplate":"https:\/\/centroesteticamanresa.com\/ca\/?s={search_term_string}"},"query-input":"required name=search_term_string"}],"inLanguage":"ca"}]}},"uagb_featured_image_src":{"full":false,"thumbnail":false,"medium":false,"medium_large":false,"large":false,"1536x1536":false,"2048x2048":false},"uagb_author_info":{"display_name":"AitzaWeb","author_link":"https:\/\/centroesteticamanresa.com\/ca\/author\/aitzaweb\/"},"uagb_comment_info":0,"uagb_excerpt":null,"_links":{"self":[{"href":"https:\/\/centroesteticamanresa.com\/ca\/wp-json\/wp\/v2\/pages\/863"}],"collection":[{"href":"https:\/\/centroesteticamanresa.com\/ca\/wp-json\/wp\/v2\/pages"}],"about":[{"href":"https:\/\/centroesteticamanresa.com\/ca\/wp-json\/wp\/v2\/types\/page"}],"author":[{"embeddable":true,"href":"https:\/\/centroesteticamanresa.com\/ca\/wp-json\/wp\/v2\/users\/4"}],"replies":[{"embeddable":true,"href":"https:\/\/centroesteticamanresa.com\/ca\/wp-json\/wp\/v2\/comments?post=863"}],"version-history":[{"count":3,"href":"https:\/\/centroesteticamanresa.com\/ca\/wp-json\/wp\/v2\/pages\/863\/revisions"}],"predecessor-version":[{"id":878,"href":"https:\/\/centroesteticamanresa.com\/ca\/wp-json\/wp\/v2\/pages\/863\/revisions\/878"}],"wp:attachment":[{"href":"https:\/\/centroesteticamanresa.com\/ca\/wp-json\/wp\/v2\/media?parent=863"}],"curies":[{"name":"wp","href":"https:\/\/api.w.org\/{rel}","templated":true}]}}