{"id":879,"date":"2020-01-17T17:48:06","date_gmt":"2020-01-17T17:48:06","guid":{"rendered":"https:\/\/centroesteticamanresa.com\/belleza\/"},"modified":"2020-09-22T09:33:47","modified_gmt":"2020-09-22T09:33:47","slug":"belleza","status":"publish","type":"page","link":"https:\/\/centroesteticamanresa.com\/ca\/belleza\/","title":{"rendered":"Bellesa"},"content":{"rendered":"<div class=\"section-full-width section-light2\" style=\"background-color:#fcfcfc;\" id=\"section-1\"><div class=\"section-boxed\" style=\"color:#777777;\"><\/p>\n<h5 style=\"text-align: center;\"><b>ACONSEGUIR UN ROSTRE REJOVENIT \u00c9S EL SOMNI DE TOTS<\/b><br \/>\nUna pell cuidada, \u00e9s sin\u00f2nim de bellesa i salut. Perqu\u00e8 renunciar a un rostre llumin\u00f3s, suau i llis?<br \/>\nAmb els tractaments facials personalitzats aconseguim harmonia a la cara, corregint o minorant defectes, aix\u00ed com ressaltar les parts m\u00e9s belles de cadascun. La veritable bellesa \u00e9s la naturalitat.<\/h5>\n<p style=\"text-align: center;\">El ritme de vida actual fa que cada vegada hi hagi m\u00e9s demanda social de tractaments est\u00e8tics, perqu\u00e8 la nostra aparen\u00e7a diu molt de nosaltres i ara tenim la sort de que cada vegada podem comptar amb m\u00e9s tractaments est\u00e8tics no invasius, sense necessitat de cirurgia, sense gaireb\u00e9 efectes secundaris, el que ens facilita el nostre dia a dia i no haver de faltar a la feina i el millor, amb grans resultats.<\/p>\n<p style=\"text-align: center;\">Podem ajudar-te a lluir m\u00e9s bella dia a dia, descobreix la teva bellesa des de l&#8217;interior.<\/p>\n<h5><\/h5>\n<div class=\"services-wrapper services-thumbnail\"><div class=\"services-box col\"><div class=\"thumbnail-wrapper\"><div class=\"services-img\" style=\"background-image:url(https:\/\/centroesteticamanresa.com\/wp-content\/uploads\/2020\/09\/96803A17-0D69-43EE-802F-185D96E5FCEE-235x235.jpg)\"><\/div><div class=\"services-content\"><div class=\"sc-wraper\"><h3>MICROBLADING<\/h3><\/div><\/div><\/div><\/div><div class=\"services-box col\"><div class=\"thumbnail-wrapper\"><div class=\"services-img\" style=\"background-image:url(https:\/\/centroesteticamanresa.com\/wp-content\/uploads\/2020\/09\/micropigmentacion_manresa-235x235.jpg)\"><\/div><div class=\"services-content\"><div class=\"sc-wraper\"><h3><a href=\"https:\/\/centroesteticamanresa.com\/ca\/portfolio\/microprigmentacion\/\">MICROPIGMENTACI\u00d3<\/a><\/h3><\/div><\/div><\/div><\/div><div class=\"services-box col\"><div class=\"thumbnail-wrapper\"><div class=\"services-img\" style=\"background-image:url(https:\/\/centroesteticamanresa.com\/wp-content\/uploads\/2020\/09\/depilacion_cera_manresa-235x235.jpg)\"><\/div><div class=\"services-content\"><div class=\"sc-wraper\"><h3><a href=\"https:\/\/centroesteticamanresa.com\/ca\/portfolio\/depilacion-cera-tibia-y-caliente\/\">DEPILACI\u00d3 CERA T\u00c8BIA I CALENT<\/a><\/h3><\/div><\/div><\/div><\/div><div class=\"services-box col\"><div class=\"thumbnail-wrapper\"><div class=\"services-img\" style=\"background-image:url(https:\/\/centroesteticamanresa.com\/wp-content\/uploads\/2020\/09\/peeling_manresa-235x235.jpg)\"><\/div><div class=\"services-content\"><div class=\"sc-wraper\"><h3><a href=\"https:\/\/centroesteticamanresa.com\/ca\/portfolio\/peeling-e-hidratacion-corporal\/\">PEELING I HIDRATACI\u00d3 CORPORAL<\/a><\/h3><\/div><\/div><\/div><\/div><div class=\"services-box col\"><div class=\"thumbnail-wrapper\"><div class=\"services-img\" style=\"background-image:url(https:\/\/centroesteticamanresa.com\/wp-content\/uploads\/2020\/09\/manicura_pedicura_manresa-235x235.jpg)\"><\/div><div class=\"services-content\"><div class=\"sc-wraper\"><h3><a href=\"https:\/\/centroesteticamanresa.com\/ca\/portfolio\/peeling-e-hidratacion-corporal\/\">MANICURA I PEDICURA<\/a><\/h3><\/div><\/div><\/div><\/div><div class=\"services-box col\"><div class=\"thumbnail-wrapper\"><div class=\"services-img\" style=\"background-image:url(https:\/\/centroesteticamanresa.com\/wp-content\/uploads\/2020\/09\/rizar_pestanyas_manresa-235x235.jpg)\"><\/div><div class=\"services-content\"><div class=\"sc-wraper\"><h3><a href=\"https:\/\/centroesteticamanresa.com\/ca\/portfolio\/rizado-y-tinte-de-pestanas\/\">ARRISSAT I TINT DE PESTANYES<\/a><\/h3><\/div><\/div><\/div><\/div><div class=\"services-box col\"><div class=\"thumbnail-wrapper\"><div class=\"services-img\" style=\"background-image:url(https:\/\/centroesteticamanresa.com\/wp-content\/uploads\/2020\/09\/cuidado_pelo_manresa-235x235.jpg)\"><\/div><div class=\"services-content\"><div class=\"sc-wraper\"><h3><a href=\"https:\/\/centroesteticamanresa.com\/ca\/portfolio\/trataientos-capilares\/\">TRACTAMENTS CAP-PILARS<\/a><\/h3><\/div><\/div><\/div><\/div><div class=\"services-box col\"><div class=\"thumbnail-wrapper\"><div class=\"services-img\" style=\"background-image:url(https:\/\/centroesteticamanresa.com\/wp-content\/uploads\/2020\/09\/mensajes_manresa-235x235.jpg)\"><\/div><div class=\"services-content\"><div class=\"sc-wraper\"><h3><a href=\"https:\/\/centroesteticamanresa.com\/ca\/portfolio\/masajes\/\">MASSATGES<\/a><\/h3><\/div><\/div><\/div><\/div><div class=\"clear\"><\/div><\/div>\n<p>\n<\/div><\/div>\n","protected":false},"excerpt":{"rendered":"","protected":false},"author":4,"featured_media":0,"parent":0,"menu_order":0,"comment_status":"open","ping_status":"open","template":"template-full-custom.php","meta":{"_uag_custom_page_level_css":"","footnotes":""},"class_list":["post-879","page","type-page","status-publish","hentry"],"yoast_head":"<!-- This site is optimized with the Yoast SEO plugin v23.0 - https:\/\/yoast.com\/wordpress\/plugins\/seo\/ -->\n<title>Centre de Bellesa a Manresa \u00b7 Natural M\u00e8dic Est\u00e8tic \u00b7 Est\u00e8tica Avan\u00e7ada<\/title>\n<meta name=\"description\" content=\"Centre de Bellesa a Manresa \u00b7 Natural M\u00e8dic Est\u00e8tic \u00b7 Est\u00e8tica Avan\u00e7ada \u00b7 Centre d&#039;est\u00e8tica avan\u00e7ada situat a Manresa (Barcelona)\" \/>\n<meta name=\"robots\" content=\"index, follow, max-snippet:-1, max-image-preview:large, max-video-preview:-1\" \/>\n<link rel=\"canonical\" href=\"https:\/\/centroesteticamanresa.com\/ca\/belleza\/\" \/>\n<meta property=\"og:locale\" content=\"ca_ES\" \/>\n<meta property=\"og:type\" content=\"article\" \/>\n<meta property=\"og:title\" content=\"Centre de Bellesa a Manresa \u00b7 Natural M\u00e8dic Est\u00e8tic \u00b7 Est\u00e8tica Avan\u00e7ada\" \/>\n<meta property=\"og:description\" content=\"Centre de Bellesa a Manresa \u00b7 Natural M\u00e8dic Est\u00e8tic \u00b7 Est\u00e8tica Avan\u00e7ada \u00b7 Centre d&#039;est\u00e8tica avan\u00e7ada situat a Manresa (Barcelona)\" \/>\n<meta property=\"og:url\" content=\"https:\/\/centroesteticamanresa.com\/ca\/belleza\/\" \/>\n<meta property=\"og:site_name\" content=\"Natural M\u00e8dic Est\u00e8tic \u00b7 Centre M\u00e8dic Est\u00e8tic a Manresa\" \/>\n<meta property=\"article:modified_time\" content=\"2020-09-22T09:33:47+00:00\" \/>\n<meta name=\"twitter:card\" content=\"summary_large_image\" \/>\n<meta name=\"twitter:label1\" content=\"Temps estimat de lectura\" \/>\n\t<meta name=\"twitter:data1\" content=\"1 minut\" \/>\n<script type=\"application\/ld+json\" class=\"yoast-schema-graph\">{\"@context\":\"https:\/\/schema.org\",\"@graph\":[{\"@type\":\"WebPage\",\"@id\":\"https:\/\/centroesteticamanresa.com\/ca\/belleza\/\",\"url\":\"https:\/\/centroesteticamanresa.com\/ca\/belleza\/\",\"name\":\"Centre de Bellesa a Manresa \u00b7 Natural M\u00e8dic Est\u00e8tic \u00b7 Est\u00e8tica Avan\u00e7ada\",\"isPartOf\":{\"@id\":\"https:\/\/centroesteticamanresa.com\/ca\/#website\"},\"datePublished\":\"2020-01-17T17:48:06+00:00\",\"dateModified\":\"2020-09-22T09:33:47+00:00\",\"description\":\"Centre de Bellesa a Manresa \u00b7 Natural M\u00e8dic Est\u00e8tic \u00b7 Est\u00e8tica Avan\u00e7ada \u00b7 Centre d'est\u00e8tica avan\u00e7ada situat a Manresa (Barcelona)\",\"breadcrumb\":{\"@id\":\"https:\/\/centroesteticamanresa.com\/ca\/belleza\/#breadcrumb\"},\"inLanguage\":\"ca\",\"potentialAction\":[{\"@type\":\"ReadAction\",\"target\":[\"https:\/\/centroesteticamanresa.com\/ca\/belleza\/\"]}]},{\"@type\":\"BreadcrumbList\",\"@id\":\"https:\/\/centroesteticamanresa.com\/ca\/belleza\/#breadcrumb\",\"itemListElement\":[{\"@type\":\"ListItem\",\"position\":1,\"name\":\"Portada\",\"item\":\"https:\/\/centroesteticamanresa.com\/ca\/?page_id=1166\"},{\"@type\":\"ListItem\",\"position\":2,\"name\":\"Bellesa\"}]},{\"@type\":\"WebSite\",\"@id\":\"https:\/\/centroesteticamanresa.com\/ca\/#website\",\"url\":\"https:\/\/centroesteticamanresa.com\/ca\/\",\"name\":\"Natural M\u00e8dic Est\u00e8tic \u00b7 Centre M\u00e8dic Est\u00e8tic a Manresa\",\"description\":\"Centro M\u00e9dico de est\u00e9tica avanzada especializado en adelgazamiento, belleza y salud integral, ubicado en Manresa (Barcelona).\",\"potentialAction\":[{\"@type\":\"SearchAction\",\"target\":{\"@type\":\"EntryPoint\",\"urlTemplate\":\"https:\/\/centroesteticamanresa.com\/ca\/?s={search_term_string}\"},\"query-input\":\"required name=search_term_string\"}],\"inLanguage\":\"ca\"}]}<\/script>\n<!-- \/ Yoast SEO plugin. -->","yoast_head_json":{"title":"Centre de Bellesa a Manresa \u00b7 Natural M\u00e8dic Est\u00e8tic \u00b7 Est\u00e8tica Avan\u00e7ada","description":"Centre de Bellesa a Manresa \u00b7 Natural M\u00e8dic Est\u00e8tic \u00b7 Est\u00e8tica Avan\u00e7ada \u00b7 Centre d'est\u00e8tica avan\u00e7ada situat a Manresa (Barcelona)","robots":{"index":"index","follow":"follow","max-snippet":"max-snippet:-1","max-image-preview":"max-image-preview:large","max-video-preview":"max-video-preview:-1"},"canonical":"https:\/\/centroesteticamanresa.com\/ca\/belleza\/","og_locale":"ca_ES","og_type":"article","og_title":"Centre de Bellesa a Manresa \u00b7 Natural M\u00e8dic Est\u00e8tic \u00b7 Est\u00e8tica Avan\u00e7ada","og_description":"Centre de Bellesa a Manresa \u00b7 Natural M\u00e8dic Est\u00e8tic \u00b7 Est\u00e8tica Avan\u00e7ada \u00b7 Centre d'est\u00e8tica avan\u00e7ada situat a Manresa (Barcelona)","og_url":"https:\/\/centroesteticamanresa.com\/ca\/belleza\/","og_site_name":"Natural M\u00e8dic Est\u00e8tic \u00b7 Centre M\u00e8dic Est\u00e8tic a Manresa","article_modified_time":"2020-09-22T09:33:47+00:00","twitter_card":"summary_large_image","twitter_misc":{"Temps estimat de lectura":"1 minut"},"schema":{"@context":"https:\/\/schema.org","@graph":[{"@type":"WebPage","@id":"https:\/\/centroesteticamanresa.com\/ca\/belleza\/","url":"https:\/\/centroesteticamanresa.com\/ca\/belleza\/","name":"Centre de Bellesa a Manresa \u00b7 Natural M\u00e8dic Est\u00e8tic \u00b7 Est\u00e8tica Avan\u00e7ada","isPartOf":{"@id":"https:\/\/centroesteticamanresa.com\/ca\/#website"},"datePublished":"2020-01-17T17:48:06+00:00","dateModified":"2020-09-22T09:33:47+00:00","description":"Centre de Bellesa a Manresa \u00b7 Natural M\u00e8dic Est\u00e8tic \u00b7 Est\u00e8tica Avan\u00e7ada \u00b7 Centre d'est\u00e8tica avan\u00e7ada situat a Manresa (Barcelona)","breadcrumb":{"@id":"https:\/\/centroesteticamanresa.com\/ca\/belleza\/#breadcrumb"},"inLanguage":"ca","potentialAction":[{"@type":"ReadAction","target":["https:\/\/centroesteticamanresa.com\/ca\/belleza\/"]}]},{"@type":"BreadcrumbList","@id":"https:\/\/centroesteticamanresa.com\/ca\/belleza\/#breadcrumb","itemListElement":[{"@type":"ListItem","position":1,"name":"Portada","item":"https:\/\/centroesteticamanresa.com\/ca\/?page_id=1166"},{"@type":"ListItem","position":2,"name":"Bellesa"}]},{"@type":"WebSite","@id":"https:\/\/centroesteticamanresa.com\/ca\/#website","url":"https:\/\/centroesteticamanresa.com\/ca\/","name":"Natural M\u00e8dic Est\u00e8tic \u00b7 Centre M\u00e8dic Est\u00e8tic a Manresa","description":"Centro M\u00e9dico de est\u00e9tica avanzada especializado en adelgazamiento, belleza y salud integral, ubicado en Manresa (Barcelona).","potentialAction":[{"@type":"SearchAction","target":{"@type":"EntryPoint","urlTemplate":"https:\/\/centroesteticamanresa.com\/ca\/?s={search_term_string}"},"query-input":"required name=search_term_string"}],"inLanguage":"ca"}]}},"uagb_featured_image_src":{"full":false,"thumbnail":false,"medium":false,"medium_large":false,"large":false,"1536x1536":false,"2048x2048":false},"uagb_author_info":{"display_name":"AitzaWeb","author_link":"https:\/\/centroesteticamanresa.com\/ca\/author\/aitzaweb\/"},"uagb_comment_info":0,"uagb_excerpt":null,"_links":{"self":[{"href":"https:\/\/centroesteticamanresa.com\/ca\/wp-json\/wp\/v2\/pages\/879"}],"collection":[{"href":"https:\/\/centroesteticamanresa.com\/ca\/wp-json\/wp\/v2\/pages"}],"about":[{"href":"https:\/\/centroesteticamanresa.com\/ca\/wp-json\/wp\/v2\/types\/page"}],"author":[{"embeddable":true,"href":"https:\/\/centroesteticamanresa.com\/ca\/wp-json\/wp\/v2\/users\/4"}],"replies":[{"embeddable":true,"href":"https:\/\/centroesteticamanresa.com\/ca\/wp-json\/wp\/v2\/comments?post=879"}],"version-history":[{"count":5,"href":"https:\/\/centroesteticamanresa.com\/ca\/wp-json\/wp\/v2\/pages\/879\/revisions"}],"predecessor-version":[{"id":909,"href":"https:\/\/centroesteticamanresa.com\/ca\/wp-json\/wp\/v2\/pages\/879\/revisions\/909"}],"wp:attachment":[{"href":"https:\/\/centroesteticamanresa.com\/ca\/wp-json\/wp\/v2\/media?parent=879"}],"curies":[{"name":"wp","href":"https:\/\/api.w.org\/{rel}","templated":true}]}}