{"id":910,"date":"2020-01-22T11:09:47","date_gmt":"2020-01-22T11:09:47","guid":{"rendered":"https:\/\/centroesteticamanresa.com\/medicina-estetica\/"},"modified":"2020-09-22T10:02:34","modified_gmt":"2020-09-22T10:02:34","slug":"medicina-estetica","status":"publish","type":"page","link":"https:\/\/centroesteticamanresa.com\/ca\/medicina-estetica\/","title":{"rendered":"Medicina Est\u00e8tica"},"content":{"rendered":"<div class=\"section-full-width section-light2\" style=\"background-color:#fcfcfc;\" id=\"descobreixlamedicinaest\u00e8ticaantiaging\"><div class=\"section-boxed\" style=\"color:#777777;\"><h2 class=\"section-title\" style=\"color:#252525;\">Descobreix la medicina est\u00e8tica Antiaging<\/h2><h4 style=\"color:#252525;\" class=\"sub-title\">Natura M\u00e8dic Est\u00e8tic compta amb la consulta de medicina est\u00e8tica Antiaging<\/h4><\/p>\n<h5 style=\"text-align: center;\">Dirigit per la doctora Zainela Labordes L\u00f3pez, col\u00b7legiada 3556.<br \/>\nLa primera visita \u00e9s <b>GRATU\u00cfTA<\/b> i sense comprom\u00eds. <a href=\"https:\/\/centroesteticamanresa.com\/ca\/contact\/\">Demana m\u00e9s informaci\u00f3 posant-te en contacte amb nosaltres.<\/a><\/h5>\n<p style=\"text-align: center;\">Podr\u00e0s trobar i beneficiar-te dels darrers i m\u00e9s nous tractaments com s\u00f3n:<\/p>\n<div class=\"services-wrapper services-boxed-photo cols-wrapper cols-4\"><div class=\"services-box col\"><div class=\"img-container\"><img decoding=\"async\" src=\"https:\/\/centroesteticamanresa.com\/wp-content\/uploads\/2020\/09\/7393A0F3-8E80-4CD2-9E1C-FA14AD8B7BAC.jpg\" alt=\"\u00c0CID &lt;\/br&gt; HIALURONIC\"\/><\/div><div class=\"services-content\"><div class=\"sc-wraper\"><h3>\u00c0CID <\/br> HIALURONIC<\/h3><\/div><\/div><\/div><div class=\"services-box col\"><div class=\"img-container\"><img decoding=\"async\" src=\"https:\/\/centroesteticamanresa.com\/wp-content\/uploads\/2020\/09\/botox.jpg\" alt=\"&lt;\/br&gt;CORRECCI\u00d3 D&#039;ARRUGUES\"\/><\/div><div class=\"services-content\"><div class=\"sc-wraper\"><h3><\/br>CORRECCI\u00d3 D'ARRUGUES<\/h3><\/div><\/div><\/div><div class=\"services-box col\"><div class=\"img-container\"><img decoding=\"async\" src=\"https:\/\/centroesteticamanresa.com\/wp-content\/uploads\/2020\/09\/mesoterapia.jpg\" alt=\"MESOTERAPIA &lt;\/br&gt;VITAMINES\"\/><\/div><div class=\"services-content\"><div class=\"sc-wraper\"><h3>MESOTERAPIA <\/br>VITAMINES<\/h3><\/div><\/div><\/div><div class=\"services-box col nomargin\"><div class=\"img-container\"><img decoding=\"async\" src=\"https:\/\/centroesteticamanresa.com\/wp-content\/uploads\/2020\/09\/peeling.jpg\" alt=\"PEELING &lt;\/br&gt; QU\u00cdMIC\"\/><\/div><div class=\"services-content\"><div class=\"sc-wraper\"><h3>PEELING <\/br> QU\u00cdMIC<\/h3><\/div><\/div><\/div><div class=\"clear\"><\/div><\/div>\n<p>\n<\/div><\/div>\n","protected":false},"excerpt":{"rendered":"","protected":false},"author":4,"featured_media":0,"parent":0,"menu_order":0,"comment_status":"open","ping_status":"open","template":"template-full-custom.php","meta":{"_uag_custom_page_level_css":"","footnotes":""},"class_list":["post-910","page","type-page","status-publish","hentry"],"yoast_head":"<!-- This site is optimized with the Yoast SEO plugin v23.0 - https:\/\/yoast.com\/wordpress\/plugins\/seo\/ -->\n<title>Medicina Est\u00e8tica a Manresa \u00b7 Natural M\u00e8dic Est\u00e8tic<\/title>\n<meta name=\"description\" content=\"Medicina Est\u00e8tica a Manresa \u00b7 Natural M\u00e8dic Est\u00e8tic \u00b7 Centre d&#039;est\u00e8tica situat a Manresa \u00b7 Centre m\u00e8dic est\u00e8tic Manresa.\" \/>\n<meta name=\"robots\" content=\"index, follow, max-snippet:-1, max-image-preview:large, max-video-preview:-1\" \/>\n<link rel=\"canonical\" href=\"https:\/\/centroesteticamanresa.com\/ca\/medicina-estetica\/\" \/>\n<meta property=\"og:locale\" content=\"ca_ES\" \/>\n<meta property=\"og:type\" content=\"article\" \/>\n<meta property=\"og:title\" content=\"Medicina Est\u00e8tica a Manresa \u00b7 Natural M\u00e8dic Est\u00e8tic\" \/>\n<meta property=\"og:description\" content=\"Medicina Est\u00e8tica a Manresa \u00b7 Natural M\u00e8dic Est\u00e8tic \u00b7 Centre d&#039;est\u00e8tica situat a Manresa \u00b7 Centre m\u00e8dic est\u00e8tic Manresa.\" \/>\n<meta property=\"og:url\" content=\"https:\/\/centroesteticamanresa.com\/ca\/medicina-estetica\/\" \/>\n<meta property=\"og:site_name\" content=\"Natural M\u00e8dic Est\u00e8tic \u00b7 Centre M\u00e8dic Est\u00e8tic a Manresa\" \/>\n<meta property=\"article:modified_time\" content=\"2020-09-22T10:02:34+00:00\" \/>\n<meta name=\"twitter:card\" content=\"summary_large_image\" \/>\n<meta name=\"twitter:label1\" content=\"Temps estimat de lectura\" \/>\n\t<meta name=\"twitter:data1\" content=\"1 minut\" \/>\n<script type=\"application\/ld+json\" class=\"yoast-schema-graph\">{\"@context\":\"https:\/\/schema.org\",\"@graph\":[{\"@type\":\"WebPage\",\"@id\":\"https:\/\/centroesteticamanresa.com\/ca\/medicina-estetica\/\",\"url\":\"https:\/\/centroesteticamanresa.com\/ca\/medicina-estetica\/\",\"name\":\"Medicina Est\u00e8tica a Manresa \u00b7 Natural M\u00e8dic Est\u00e8tic\",\"isPartOf\":{\"@id\":\"https:\/\/centroesteticamanresa.com\/ca\/#website\"},\"datePublished\":\"2020-01-22T11:09:47+00:00\",\"dateModified\":\"2020-09-22T10:02:34+00:00\",\"description\":\"Medicina Est\u00e8tica a Manresa \u00b7 Natural M\u00e8dic Est\u00e8tic \u00b7 Centre d'est\u00e8tica situat a Manresa \u00b7 Centre m\u00e8dic est\u00e8tic Manresa.\",\"breadcrumb\":{\"@id\":\"https:\/\/centroesteticamanresa.com\/ca\/medicina-estetica\/#breadcrumb\"},\"inLanguage\":\"ca\",\"potentialAction\":[{\"@type\":\"ReadAction\",\"target\":[\"https:\/\/centroesteticamanresa.com\/ca\/medicina-estetica\/\"]}]},{\"@type\":\"BreadcrumbList\",\"@id\":\"https:\/\/centroesteticamanresa.com\/ca\/medicina-estetica\/#breadcrumb\",\"itemListElement\":[{\"@type\":\"ListItem\",\"position\":1,\"name\":\"Portada\",\"item\":\"https:\/\/centroesteticamanresa.com\/ca\/?page_id=1166\"},{\"@type\":\"ListItem\",\"position\":2,\"name\":\"Medicina Est\u00e8tica\"}]},{\"@type\":\"WebSite\",\"@id\":\"https:\/\/centroesteticamanresa.com\/ca\/#website\",\"url\":\"https:\/\/centroesteticamanresa.com\/ca\/\",\"name\":\"Natural M\u00e8dic Est\u00e8tic \u00b7 Centre M\u00e8dic Est\u00e8tic a Manresa\",\"description\":\"Centro M\u00e9dico de est\u00e9tica avanzada especializado en adelgazamiento, belleza y salud integral, ubicado en Manresa (Barcelona).\",\"potentialAction\":[{\"@type\":\"SearchAction\",\"target\":{\"@type\":\"EntryPoint\",\"urlTemplate\":\"https:\/\/centroesteticamanresa.com\/ca\/?s={search_term_string}\"},\"query-input\":\"required name=search_term_string\"}],\"inLanguage\":\"ca\"}]}<\/script>\n<!-- \/ Yoast SEO plugin. -->","yoast_head_json":{"title":"Medicina Est\u00e8tica a Manresa \u00b7 Natural M\u00e8dic Est\u00e8tic","description":"Medicina Est\u00e8tica a Manresa \u00b7 Natural M\u00e8dic Est\u00e8tic \u00b7 Centre d'est\u00e8tica situat a Manresa \u00b7 Centre m\u00e8dic est\u00e8tic Manresa.","robots":{"index":"index","follow":"follow","max-snippet":"max-snippet:-1","max-image-preview":"max-image-preview:large","max-video-preview":"max-video-preview:-1"},"canonical":"https:\/\/centroesteticamanresa.com\/ca\/medicina-estetica\/","og_locale":"ca_ES","og_type":"article","og_title":"Medicina Est\u00e8tica a Manresa \u00b7 Natural M\u00e8dic Est\u00e8tic","og_description":"Medicina Est\u00e8tica a Manresa \u00b7 Natural M\u00e8dic Est\u00e8tic \u00b7 Centre d'est\u00e8tica situat a Manresa \u00b7 Centre m\u00e8dic est\u00e8tic Manresa.","og_url":"https:\/\/centroesteticamanresa.com\/ca\/medicina-estetica\/","og_site_name":"Natural M\u00e8dic Est\u00e8tic \u00b7 Centre M\u00e8dic Est\u00e8tic a Manresa","article_modified_time":"2020-09-22T10:02:34+00:00","twitter_card":"summary_large_image","twitter_misc":{"Temps estimat de lectura":"1 minut"},"schema":{"@context":"https:\/\/schema.org","@graph":[{"@type":"WebPage","@id":"https:\/\/centroesteticamanresa.com\/ca\/medicina-estetica\/","url":"https:\/\/centroesteticamanresa.com\/ca\/medicina-estetica\/","name":"Medicina Est\u00e8tica a Manresa \u00b7 Natural M\u00e8dic Est\u00e8tic","isPartOf":{"@id":"https:\/\/centroesteticamanresa.com\/ca\/#website"},"datePublished":"2020-01-22T11:09:47+00:00","dateModified":"2020-09-22T10:02:34+00:00","description":"Medicina Est\u00e8tica a Manresa \u00b7 Natural M\u00e8dic Est\u00e8tic \u00b7 Centre d'est\u00e8tica situat a Manresa \u00b7 Centre m\u00e8dic est\u00e8tic Manresa.","breadcrumb":{"@id":"https:\/\/centroesteticamanresa.com\/ca\/medicina-estetica\/#breadcrumb"},"inLanguage":"ca","potentialAction":[{"@type":"ReadAction","target":["https:\/\/centroesteticamanresa.com\/ca\/medicina-estetica\/"]}]},{"@type":"BreadcrumbList","@id":"https:\/\/centroesteticamanresa.com\/ca\/medicina-estetica\/#breadcrumb","itemListElement":[{"@type":"ListItem","position":1,"name":"Portada","item":"https:\/\/centroesteticamanresa.com\/ca\/?page_id=1166"},{"@type":"ListItem","position":2,"name":"Medicina Est\u00e8tica"}]},{"@type":"WebSite","@id":"https:\/\/centroesteticamanresa.com\/ca\/#website","url":"https:\/\/centroesteticamanresa.com\/ca\/","name":"Natural M\u00e8dic Est\u00e8tic \u00b7 Centre M\u00e8dic Est\u00e8tic a Manresa","description":"Centro M\u00e9dico de est\u00e9tica avanzada especializado en adelgazamiento, belleza y salud integral, ubicado en Manresa (Barcelona).","potentialAction":[{"@type":"SearchAction","target":{"@type":"EntryPoint","urlTemplate":"https:\/\/centroesteticamanresa.com\/ca\/?s={search_term_string}"},"query-input":"required name=search_term_string"}],"inLanguage":"ca"}]}},"uagb_featured_image_src":{"full":false,"thumbnail":false,"medium":false,"medium_large":false,"large":false,"1536x1536":false,"2048x2048":false},"uagb_author_info":{"display_name":"AitzaWeb","author_link":"https:\/\/centroesteticamanresa.com\/ca\/author\/aitzaweb\/"},"uagb_comment_info":0,"uagb_excerpt":null,"_links":{"self":[{"href":"https:\/\/centroesteticamanresa.com\/ca\/wp-json\/wp\/v2\/pages\/910"}],"collection":[{"href":"https:\/\/centroesteticamanresa.com\/ca\/wp-json\/wp\/v2\/pages"}],"about":[{"href":"https:\/\/centroesteticamanresa.com\/ca\/wp-json\/wp\/v2\/types\/page"}],"author":[{"embeddable":true,"href":"https:\/\/centroesteticamanresa.com\/ca\/wp-json\/wp\/v2\/users\/4"}],"replies":[{"embeddable":true,"href":"https:\/\/centroesteticamanresa.com\/ca\/wp-json\/wp\/v2\/comments?post=910"}],"version-history":[{"count":5,"href":"https:\/\/centroesteticamanresa.com\/ca\/wp-json\/wp\/v2\/pages\/910\/revisions"}],"predecessor-version":[{"id":928,"href":"https:\/\/centroesteticamanresa.com\/ca\/wp-json\/wp\/v2\/pages\/910\/revisions\/928"}],"wp:attachment":[{"href":"https:\/\/centroesteticamanresa.com\/ca\/wp-json\/wp\/v2\/media?parent=910"}],"curies":[{"name":"wp","href":"https:\/\/api.w.org\/{rel}","templated":true}]}}