{"id":929,"date":"2020-01-22T11:38:50","date_gmt":"2020-01-22T11:38:50","guid":{"rendered":"https:\/\/centroesteticamanresa.com\/nutricion-y-dietetica\/"},"modified":"2020-09-22T10:01:11","modified_gmt":"2020-09-22T10:01:11","slug":"nutricion-y-dietetica","status":"publish","type":"page","link":"https:\/\/centroesteticamanresa.com\/ca\/nutricion-y-dietetica\/","title":{"rendered":"Nutrici\u00f3 y Diet\u00e8tica"},"content":{"rendered":"<div class=\"section-full-width section-light2\" style=\"background-color:#f7f7f7;\" id=\"section-1\"><div class=\"section-boxed\" style=\"color:#777777;\"><div class=\"services-wrapper services-fullbox cols-wrapper cols-2\" style=\"background-color:#efefef;color:#777777;\"><div class=\"services-box col services-no-content\"><div class=\"img-container\"><img decoding=\"async\" src=\"https:\/\/centroesteticamanresa.com\/wp-content\/uploads\/2020\/09\/AA698B57-83C2-4302-969B-0C0AD91E2459.jpg\" alt=\"\"\/><\/div><div class=\"services-content\"><div class=\"sc-wraper\"><\/div><\/div><\/div><div class=\"services-box col nomargin services-no-image\"><div class=\"services-content\"><div class=\"sc-wraper\"><h3>Aitza Su\u00e1rez Salas<\/h3><p>\u00b7 Llicenciada en Nutrici\u00f3 Humana i Diet\u00e8tica\r\nUniversitat de Vic CODINUCAT n\u00ba001083\r\n<\/br><\/br> \u00b7 PsicoNeuroInmunologa (Formada per XEVI VERDAGUER)\r\nPostgrau per la Universitat de Barcelona.<\/p><\/div><\/div><\/div><div class=\"clear\"><\/div><\/div>\n<p>&nbsp;<\/p>\n<h6 style=\"text-align: center;\"><b>Psico-Neuro-Immuno-Endocrinologia<\/b> \u00e9s una ci\u00e8ncia que estudia la <b>interrelaci\u00f3 entre la ment-cervell, el sistema nervi\u00f3s, el sistema immunol\u00f2gic, el sistema endocr\u00ed i el sistema digestiu de l&#8217;\u00e9sser hum\u00e0<\/b>, el qual ens permet entendre d&#8217;una manera personalitzada i global al pacient.<\/h6>\n<h6 style=\"text-align: center;\"><b>La Psiconeuroinmunoendocrinolog\u00eda, la psiconeuroimmunologia o Medicina Integradora<\/b> ens d\u00f3na la capacitat de poder entendre tots els desequilibris que manifesta el nostre cos quan tenim <b>mals de panxa, gasos, restrenyiment, migranyes, cansament, obesitat, dolors musculars, articulars, fatiga cr\u00f2nica, caiguda de cabell, psoriasi, problemes cardiovasculars, virus, fongs, etc&#8230;<\/b> i poder interrelacionar els s\u00edmptomes i trobar l&#8217;arrel de el problema.<\/h6>\n<h6 style=\"text-align: center;\">En la nostra primera visita el nostre objectiu ser\u00e0 entendre i comprendre el que et passa i aix\u00ed poder <b> millorar la teva qualitat de vida<\/b>, millorar el teu estat de salut, ensenyant-te i reeducant a una <b> correcta alimentaci\u00f3 personalitzada<\/b> i per poder tenir una exactitud de les teves defici\u00e8ncies micro i macro nutricionals et demanar\u00e9 diferents tipus d&#8217;anal\u00edtiques que ens ser\u00e0 de gran ajuda per poder establir pautes segures i aconseguir un <b> equilibri i regeneraci\u00f3 \u00f2ptima del teu estat de salut.<\/b><\/h6>\n<h5><\/h5>\n<p>\n<\/div><\/div>\n<div class=\"services-wrapper services-fullbox cols-wrapper cols-4\" style=\"background-color:#304151;color:#ffffff;\"><div class=\"services-box col services-no-content\"><div class=\"img-container\"><img decoding=\"async\" src=\"https:\/\/centroesteticamanresa.com\/wp-content\/uploads\/2020\/02\/Psiconeuroinmunoendocrinologia_natural_medic.jpeg\" alt=\"\"\/><\/div><div class=\"services-content\"><div class=\"sc-wraper\"><\/div><\/div><\/div><div class=\"services-box col services-no-content\"><div class=\"img-container\"><img decoding=\"async\" src=\"https:\/\/centroesteticamanresa.com\/wp-content\/uploads\/2020\/02\/Psiconeuroinmunoendocrinologia_manresa_medic_estetic.jpeg\" alt=\"\"\/><\/div><div class=\"services-content\"><div class=\"sc-wraper\"><\/div><\/div><\/div><div class=\"services-box col services-no-content\"><div class=\"img-container\"><img decoding=\"async\" src=\"https:\/\/centroesteticamanresa.com\/wp-content\/uploads\/2020\/02\/dietetica_manresa.jpeg\" alt=\"\"\/><\/div><div class=\"services-content\"><div class=\"sc-wraper\"><\/div><\/div><\/div><div class=\"services-box col nomargin services-no-content\"><div class=\"img-container\"><img decoding=\"async\" src=\"https:\/\/centroesteticamanresa.com\/wp-content\/uploads\/2020\/02\/Nutricion_manresa.jpeg\" alt=\"\"\/><\/div><div class=\"services-content\"><div class=\"sc-wraper\"><\/div><\/div><\/div><div class=\"clear\"><\/div><\/div>\n","protected":false},"excerpt":{"rendered":"","protected":false},"author":4,"featured_media":0,"parent":0,"menu_order":0,"comment_status":"open","ping_status":"open","template":"template-full-custom.php","meta":{"_uag_custom_page_level_css":"","footnotes":""},"class_list":["post-929","page","type-page","status-publish","hentry"],"yoast_head":"<!-- This site is optimized with the Yoast SEO plugin v23.0 - https:\/\/yoast.com\/wordpress\/plugins\/seo\/ -->\n<title>Nutrici\u00f3 i Diet\u00e8tica \u00b7 Natural M\u00e8dic Est\u00e8tic Manresa \u00b7 Est\u00e8tica Avan\u00e7ada<\/title>\n<meta name=\"description\" content=\"Nutrici\u00f3 i Diet\u00e8tica \u00b7 Natural M\u00e8dic Est\u00e8tic Manresa \u00b7 Est\u00e8tica Avan\u00e7ada \u00b7 Centre d&#039;est\u00e8tica ubicat a Manresa. Est\u00e8tica i nutrici\u00f3.\" \/>\n<meta name=\"robots\" content=\"index, follow, max-snippet:-1, max-image-preview:large, max-video-preview:-1\" \/>\n<link rel=\"canonical\" href=\"https:\/\/centroesteticamanresa.com\/ca\/nutricion-y-dietetica\/\" \/>\n<meta property=\"og:locale\" content=\"ca_ES\" \/>\n<meta property=\"og:type\" content=\"article\" \/>\n<meta property=\"og:title\" content=\"Nutrici\u00f3 i Diet\u00e8tica \u00b7 Natural M\u00e8dic Est\u00e8tic Manresa \u00b7 Est\u00e8tica Avan\u00e7ada\" \/>\n<meta property=\"og:description\" content=\"Nutrici\u00f3 i Diet\u00e8tica \u00b7 Natural M\u00e8dic Est\u00e8tic Manresa \u00b7 Est\u00e8tica Avan\u00e7ada \u00b7 Centre d&#039;est\u00e8tica ubicat a Manresa. Est\u00e8tica i nutrici\u00f3.\" \/>\n<meta property=\"og:url\" content=\"https:\/\/centroesteticamanresa.com\/ca\/nutricion-y-dietetica\/\" \/>\n<meta property=\"og:site_name\" content=\"Natural M\u00e8dic Est\u00e8tic \u00b7 Centre M\u00e8dic Est\u00e8tic a Manresa\" \/>\n<meta property=\"article:modified_time\" content=\"2020-09-22T10:01:11+00:00\" \/>\n<meta name=\"twitter:card\" content=\"summary_large_image\" \/>\n<meta name=\"twitter:label1\" content=\"Temps estimat de lectura\" \/>\n\t<meta name=\"twitter:data1\" content=\"2 minuts\" \/>\n<script type=\"application\/ld+json\" class=\"yoast-schema-graph\">{\"@context\":\"https:\/\/schema.org\",\"@graph\":[{\"@type\":\"WebPage\",\"@id\":\"https:\/\/centroesteticamanresa.com\/ca\/nutricion-y-dietetica\/\",\"url\":\"https:\/\/centroesteticamanresa.com\/ca\/nutricion-y-dietetica\/\",\"name\":\"Nutrici\u00f3 i Diet\u00e8tica \u00b7 Natural M\u00e8dic Est\u00e8tic Manresa \u00b7 Est\u00e8tica Avan\u00e7ada\",\"isPartOf\":{\"@id\":\"https:\/\/centroesteticamanresa.com\/ca\/#website\"},\"datePublished\":\"2020-01-22T11:38:50+00:00\",\"dateModified\":\"2020-09-22T10:01:11+00:00\",\"description\":\"Nutrici\u00f3 i Diet\u00e8tica \u00b7 Natural M\u00e8dic Est\u00e8tic Manresa \u00b7 Est\u00e8tica Avan\u00e7ada \u00b7 Centre d'est\u00e8tica ubicat a Manresa. Est\u00e8tica i nutrici\u00f3.\",\"breadcrumb\":{\"@id\":\"https:\/\/centroesteticamanresa.com\/ca\/nutricion-y-dietetica\/#breadcrumb\"},\"inLanguage\":\"ca\",\"potentialAction\":[{\"@type\":\"ReadAction\",\"target\":[\"https:\/\/centroesteticamanresa.com\/ca\/nutricion-y-dietetica\/\"]}]},{\"@type\":\"BreadcrumbList\",\"@id\":\"https:\/\/centroesteticamanresa.com\/ca\/nutricion-y-dietetica\/#breadcrumb\",\"itemListElement\":[{\"@type\":\"ListItem\",\"position\":1,\"name\":\"Portada\",\"item\":\"https:\/\/centroesteticamanresa.com\/ca\/?page_id=1166\"},{\"@type\":\"ListItem\",\"position\":2,\"name\":\"Nutrici\u00f3 y Diet\u00e8tica\"}]},{\"@type\":\"WebSite\",\"@id\":\"https:\/\/centroesteticamanresa.com\/ca\/#website\",\"url\":\"https:\/\/centroesteticamanresa.com\/ca\/\",\"name\":\"Natural M\u00e8dic Est\u00e8tic \u00b7 Centre M\u00e8dic Est\u00e8tic a Manresa\",\"description\":\"Centro M\u00e9dico de est\u00e9tica avanzada especializado en adelgazamiento, belleza y salud integral, ubicado en Manresa (Barcelona).\",\"potentialAction\":[{\"@type\":\"SearchAction\",\"target\":{\"@type\":\"EntryPoint\",\"urlTemplate\":\"https:\/\/centroesteticamanresa.com\/ca\/?s={search_term_string}\"},\"query-input\":\"required name=search_term_string\"}],\"inLanguage\":\"ca\"}]}<\/script>\n<!-- \/ Yoast SEO plugin. -->","yoast_head_json":{"title":"Nutrici\u00f3 i Diet\u00e8tica \u00b7 Natural M\u00e8dic Est\u00e8tic Manresa \u00b7 Est\u00e8tica Avan\u00e7ada","description":"Nutrici\u00f3 i Diet\u00e8tica \u00b7 Natural M\u00e8dic Est\u00e8tic Manresa \u00b7 Est\u00e8tica Avan\u00e7ada \u00b7 Centre d'est\u00e8tica ubicat a Manresa. Est\u00e8tica i nutrici\u00f3.","robots":{"index":"index","follow":"follow","max-snippet":"max-snippet:-1","max-image-preview":"max-image-preview:large","max-video-preview":"max-video-preview:-1"},"canonical":"https:\/\/centroesteticamanresa.com\/ca\/nutricion-y-dietetica\/","og_locale":"ca_ES","og_type":"article","og_title":"Nutrici\u00f3 i Diet\u00e8tica \u00b7 Natural M\u00e8dic Est\u00e8tic Manresa \u00b7 Est\u00e8tica Avan\u00e7ada","og_description":"Nutrici\u00f3 i Diet\u00e8tica \u00b7 Natural M\u00e8dic Est\u00e8tic Manresa \u00b7 Est\u00e8tica Avan\u00e7ada \u00b7 Centre d'est\u00e8tica ubicat a Manresa. Est\u00e8tica i nutrici\u00f3.","og_url":"https:\/\/centroesteticamanresa.com\/ca\/nutricion-y-dietetica\/","og_site_name":"Natural M\u00e8dic Est\u00e8tic \u00b7 Centre M\u00e8dic Est\u00e8tic a Manresa","article_modified_time":"2020-09-22T10:01:11+00:00","twitter_card":"summary_large_image","twitter_misc":{"Temps estimat de lectura":"2 minuts"},"schema":{"@context":"https:\/\/schema.org","@graph":[{"@type":"WebPage","@id":"https:\/\/centroesteticamanresa.com\/ca\/nutricion-y-dietetica\/","url":"https:\/\/centroesteticamanresa.com\/ca\/nutricion-y-dietetica\/","name":"Nutrici\u00f3 i Diet\u00e8tica \u00b7 Natural M\u00e8dic Est\u00e8tic Manresa \u00b7 Est\u00e8tica Avan\u00e7ada","isPartOf":{"@id":"https:\/\/centroesteticamanresa.com\/ca\/#website"},"datePublished":"2020-01-22T11:38:50+00:00","dateModified":"2020-09-22T10:01:11+00:00","description":"Nutrici\u00f3 i Diet\u00e8tica \u00b7 Natural M\u00e8dic Est\u00e8tic Manresa \u00b7 Est\u00e8tica Avan\u00e7ada \u00b7 Centre d'est\u00e8tica ubicat a Manresa. Est\u00e8tica i nutrici\u00f3.","breadcrumb":{"@id":"https:\/\/centroesteticamanresa.com\/ca\/nutricion-y-dietetica\/#breadcrumb"},"inLanguage":"ca","potentialAction":[{"@type":"ReadAction","target":["https:\/\/centroesteticamanresa.com\/ca\/nutricion-y-dietetica\/"]}]},{"@type":"BreadcrumbList","@id":"https:\/\/centroesteticamanresa.com\/ca\/nutricion-y-dietetica\/#breadcrumb","itemListElement":[{"@type":"ListItem","position":1,"name":"Portada","item":"https:\/\/centroesteticamanresa.com\/ca\/?page_id=1166"},{"@type":"ListItem","position":2,"name":"Nutrici\u00f3 y Diet\u00e8tica"}]},{"@type":"WebSite","@id":"https:\/\/centroesteticamanresa.com\/ca\/#website","url":"https:\/\/centroesteticamanresa.com\/ca\/","name":"Natural M\u00e8dic Est\u00e8tic \u00b7 Centre M\u00e8dic Est\u00e8tic a Manresa","description":"Centro M\u00e9dico de est\u00e9tica avanzada especializado en adelgazamiento, belleza y salud integral, ubicado en Manresa (Barcelona).","potentialAction":[{"@type":"SearchAction","target":{"@type":"EntryPoint","urlTemplate":"https:\/\/centroesteticamanresa.com\/ca\/?s={search_term_string}"},"query-input":"required name=search_term_string"}],"inLanguage":"ca"}]}},"uagb_featured_image_src":{"full":false,"thumbnail":false,"medium":false,"medium_large":false,"large":false,"1536x1536":false,"2048x2048":false},"uagb_author_info":{"display_name":"AitzaWeb","author_link":"https:\/\/centroesteticamanresa.com\/ca\/author\/aitzaweb\/"},"uagb_comment_info":0,"uagb_excerpt":null,"_links":{"self":[{"href":"https:\/\/centroesteticamanresa.com\/ca\/wp-json\/wp\/v2\/pages\/929"}],"collection":[{"href":"https:\/\/centroesteticamanresa.com\/ca\/wp-json\/wp\/v2\/pages"}],"about":[{"href":"https:\/\/centroesteticamanresa.com\/ca\/wp-json\/wp\/v2\/types\/page"}],"author":[{"embeddable":true,"href":"https:\/\/centroesteticamanresa.com\/ca\/wp-json\/wp\/v2\/users\/4"}],"replies":[{"embeddable":true,"href":"https:\/\/centroesteticamanresa.com\/ca\/wp-json\/wp\/v2\/comments?post=929"}],"version-history":[{"count":4,"href":"https:\/\/centroesteticamanresa.com\/ca\/wp-json\/wp\/v2\/pages\/929\/revisions"}],"predecessor-version":[{"id":938,"href":"https:\/\/centroesteticamanresa.com\/ca\/wp-json\/wp\/v2\/pages\/929\/revisions\/938"}],"wp:attachment":[{"href":"https:\/\/centroesteticamanresa.com\/ca\/wp-json\/wp\/v2\/media?parent=929"}],"curies":[{"name":"wp","href":"https:\/\/api.w.org\/{rel}","templated":true}]}}