{"id":939,"date":"2020-01-22T10:59:40","date_gmt":"2020-01-22T10:59:40","guid":{"rendered":"https:\/\/centroesteticamanresa.com\/bienestar\/"},"modified":"2020-09-22T10:15:19","modified_gmt":"2020-09-22T10:15:19","slug":"bienestar","status":"publish","type":"page","link":"https:\/\/centroesteticamanresa.com\/ca\/bienestar\/","title":{"rendered":"Benestar"},"content":{"rendered":"<div class=\"section-full-width section-light2\" style=\"background-color:#fcfcfc;\" id=\"ritualsdebellesa\"><div class=\"section-boxed\" style=\"color:#777777;\"><h2 class=\"section-title\" style=\"color:#252525;\">Rituals de Bellesa<\/h2><\/p>\n<h5 style=\"text-align: center;\">Tractaments en Centre d&#8217;Est\u00e8tica M\u00e8dic Manresa<\/h5>\n<h5><\/h5>\n<div class=\"services-wrapper services-thumbnail\"><div class=\"services-box col\"><div class=\"thumbnail-wrapper\"><div class=\"services-img\" style=\"background-image:url(https:\/\/centroesteticamanresa.com\/wp-content\/uploads\/2020\/09\/07_bienestar_maderoterapia-235x235.jpg)\"><\/div><div class=\"services-content\"><div class=\"sc-wraper\"><h3><a href=\"https:\/\/centroesteticamanresa.com\/ca\/portfolio\/flores-de-bach-y-minerales\/\">MADEROTERAPIA I MINERALS<\/a><\/h3><\/div><\/div><\/div><\/div><div class=\"services-box col\"><div class=\"thumbnail-wrapper\"><div class=\"services-img\" style=\"background-image:url(https:\/\/centroesteticamanresa.com\/wp-content\/uploads\/2020\/09\/06_bienestar_reiki-235x235.jpg)\"><\/div><div class=\"services-content\"><div class=\"sc-wraper\"><h3><a href=\"https:\/\/centroesteticamanresa.com\/ca\/portfolio\/reiki\/\">REIKI<\/a><\/h3><\/div><\/div><\/div><\/div><div class=\"services-box col\"><div class=\"thumbnail-wrapper\"><div class=\"services-img\" style=\"background-image:url(https:\/\/centroesteticamanresa.com\/wp-content\/uploads\/2020\/09\/05_bienestar_quiromassatge-235x235.jpg)\"><\/div><div class=\"services-content\"><div class=\"sc-wraper\"><h3><a href=\"https:\/\/centroesteticamanresa.com\/ca\/portfolio\/quiromasaje\/\">QUIROMASSATGE<\/a><\/h3><\/div><\/div><\/div><\/div><div class=\"services-box col\"><div class=\"thumbnail-wrapper\"><div class=\"services-img\" style=\"background-image:url(https:\/\/centroesteticamanresa.com\/wp-content\/uploads\/2020\/09\/04_bienestar_pindes-235x235.jpg)\"><\/div><div class=\"services-content\"><div class=\"sc-wraper\"><h3><a href=\"https:\/\/centroesteticamanresa.com\/ca\/portfolio\/pindas-medicinales\/\">PINDES MEDICINALES<\/a><\/h3><\/div><\/div><\/div><\/div><div class=\"services-box col\"><div class=\"thumbnail-wrapper\"><div class=\"services-img\" style=\"background-image:url(https:\/\/centroesteticamanresa.com\/wp-content\/uploads\/2020\/09\/03_bienestar_bambu-235x235.jpg)\"><\/div><div class=\"services-content\"><div class=\"sc-wraper\"><h3><a href=\"https:\/\/centroesteticamanresa.com\/ca\/portfolio\/masajes-descontracturantes\/\">MASSATGES AMB CANYES DE BAMBU<\/a><\/h3><\/div><\/div><\/div><\/div><div class=\"services-box col\"><div class=\"thumbnail-wrapper\"><div class=\"services-img\" style=\"background-image:url(https:\/\/centroesteticamanresa.com\/wp-content\/uploads\/2020\/09\/02_bienestar_descontracturants-235x235.jpg)\"><\/div><div class=\"services-content\"><div class=\"sc-wraper\"><h3><a href=\"https:\/\/centroesteticamanresa.com\/ca\/portfolio\/masajes-relajantes\/\">MASSATGES DESCONTRACTURANTS<\/a><\/h3><\/div><\/div><\/div><\/div><div class=\"services-box col\"><div class=\"thumbnail-wrapper\"><div class=\"services-img\" style=\"background-image:url(https:\/\/centroesteticamanresa.com\/wp-content\/uploads\/2020\/09\/01_bienestar_relaxants-235x235.jpg)\"><\/div><div class=\"services-content\"><div class=\"sc-wraper\"><h3><a href=\"https:\/\/centroesteticamanresa.com\/ca\/portfolio\/masajes-relajantes\/\">MASSATGES RELAXANTS<\/a><\/h3><\/div><\/div><\/div><\/div><div class=\"clear\"><\/div><\/div>\n<p>\n<\/div><\/div>\n","protected":false},"excerpt":{"rendered":"","protected":false},"author":4,"featured_media":0,"parent":0,"menu_order":0,"comment_status":"open","ping_status":"open","template":"template-full-custom.php","meta":{"_uag_custom_page_level_css":"","footnotes":""},"class_list":["post-939","page","type-page","status-publish","hentry"],"yoast_head":"<!-- This site is optimized with the Yoast SEO plugin v23.0 - https:\/\/yoast.com\/wordpress\/plugins\/seo\/ -->\n<title>Centre M\u00e8dic Est\u00e8tic a Manresa \u00b7 Natural M\u00e8dic Est\u00e8tic<\/title>\n<meta name=\"description\" content=\"Centre M\u00e8dic Est\u00e8tic a Manresa \u00b7 Natural M\u00e8dic Est\u00e8tic \u00b7 Centre d&#039;est\u00e8tica avan\u00e7ada situat a Manresa (Barcelona). Aitza Su\u00e1rez\" \/>\n<meta name=\"robots\" content=\"index, follow, max-snippet:-1, max-image-preview:large, max-video-preview:-1\" \/>\n<link rel=\"canonical\" href=\"https:\/\/centroesteticamanresa.com\/ca\/bienestar\/\" \/>\n<meta property=\"og:locale\" content=\"ca_ES\" \/>\n<meta property=\"og:type\" content=\"article\" \/>\n<meta property=\"og:title\" content=\"Centre M\u00e8dic Est\u00e8tic a Manresa \u00b7 Natural M\u00e8dic Est\u00e8tic\" \/>\n<meta property=\"og:description\" content=\"Centre M\u00e8dic Est\u00e8tic a Manresa \u00b7 Natural M\u00e8dic Est\u00e8tic \u00b7 Centre d&#039;est\u00e8tica avan\u00e7ada situat a Manresa (Barcelona). Aitza Su\u00e1rez\" \/>\n<meta property=\"og:url\" content=\"https:\/\/centroesteticamanresa.com\/ca\/bienestar\/\" \/>\n<meta property=\"og:site_name\" content=\"Natural M\u00e8dic Est\u00e8tic \u00b7 Centre M\u00e8dic Est\u00e8tic a Manresa\" \/>\n<meta property=\"article:modified_time\" content=\"2020-09-22T10:15:19+00:00\" \/>\n<meta name=\"twitter:card\" content=\"summary_large_image\" \/>\n<meta name=\"twitter:label1\" content=\"Temps estimat de lectura\" \/>\n\t<meta name=\"twitter:data1\" content=\"1 minut\" \/>\n<script type=\"application\/ld+json\" class=\"yoast-schema-graph\">{\"@context\":\"https:\/\/schema.org\",\"@graph\":[{\"@type\":\"WebPage\",\"@id\":\"https:\/\/centroesteticamanresa.com\/ca\/bienestar\/\",\"url\":\"https:\/\/centroesteticamanresa.com\/ca\/bienestar\/\",\"name\":\"Centre M\u00e8dic Est\u00e8tic a Manresa \u00b7 Natural M\u00e8dic Est\u00e8tic\",\"isPartOf\":{\"@id\":\"https:\/\/centroesteticamanresa.com\/ca\/#website\"},\"datePublished\":\"2020-01-22T10:59:40+00:00\",\"dateModified\":\"2020-09-22T10:15:19+00:00\",\"description\":\"Centre M\u00e8dic Est\u00e8tic a Manresa \u00b7 Natural M\u00e8dic Est\u00e8tic \u00b7 Centre d'est\u00e8tica avan\u00e7ada situat a Manresa (Barcelona). Aitza Su\u00e1rez\",\"breadcrumb\":{\"@id\":\"https:\/\/centroesteticamanresa.com\/ca\/bienestar\/#breadcrumb\"},\"inLanguage\":\"ca\",\"potentialAction\":[{\"@type\":\"ReadAction\",\"target\":[\"https:\/\/centroesteticamanresa.com\/ca\/bienestar\/\"]}]},{\"@type\":\"BreadcrumbList\",\"@id\":\"https:\/\/centroesteticamanresa.com\/ca\/bienestar\/#breadcrumb\",\"itemListElement\":[{\"@type\":\"ListItem\",\"position\":1,\"name\":\"Portada\",\"item\":\"https:\/\/centroesteticamanresa.com\/ca\/?page_id=1166\"},{\"@type\":\"ListItem\",\"position\":2,\"name\":\"Benestar\"}]},{\"@type\":\"WebSite\",\"@id\":\"https:\/\/centroesteticamanresa.com\/ca\/#website\",\"url\":\"https:\/\/centroesteticamanresa.com\/ca\/\",\"name\":\"Natural M\u00e8dic Est\u00e8tic \u00b7 Centre M\u00e8dic Est\u00e8tic a Manresa\",\"description\":\"Centro M\u00e9dico de est\u00e9tica avanzada especializado en adelgazamiento, belleza y salud integral, ubicado en Manresa (Barcelona).\",\"potentialAction\":[{\"@type\":\"SearchAction\",\"target\":{\"@type\":\"EntryPoint\",\"urlTemplate\":\"https:\/\/centroesteticamanresa.com\/ca\/?s={search_term_string}\"},\"query-input\":\"required name=search_term_string\"}],\"inLanguage\":\"ca\"}]}<\/script>\n<!-- \/ Yoast SEO plugin. -->","yoast_head_json":{"title":"Centre M\u00e8dic Est\u00e8tic a Manresa \u00b7 Natural M\u00e8dic Est\u00e8tic","description":"Centre M\u00e8dic Est\u00e8tic a Manresa \u00b7 Natural M\u00e8dic Est\u00e8tic \u00b7 Centre d'est\u00e8tica avan\u00e7ada situat a Manresa (Barcelona). Aitza Su\u00e1rez","robots":{"index":"index","follow":"follow","max-snippet":"max-snippet:-1","max-image-preview":"max-image-preview:large","max-video-preview":"max-video-preview:-1"},"canonical":"https:\/\/centroesteticamanresa.com\/ca\/bienestar\/","og_locale":"ca_ES","og_type":"article","og_title":"Centre M\u00e8dic Est\u00e8tic a Manresa \u00b7 Natural M\u00e8dic Est\u00e8tic","og_description":"Centre M\u00e8dic Est\u00e8tic a Manresa \u00b7 Natural M\u00e8dic Est\u00e8tic \u00b7 Centre d'est\u00e8tica avan\u00e7ada situat a Manresa (Barcelona). Aitza Su\u00e1rez","og_url":"https:\/\/centroesteticamanresa.com\/ca\/bienestar\/","og_site_name":"Natural M\u00e8dic Est\u00e8tic \u00b7 Centre M\u00e8dic Est\u00e8tic a Manresa","article_modified_time":"2020-09-22T10:15:19+00:00","twitter_card":"summary_large_image","twitter_misc":{"Temps estimat de lectura":"1 minut"},"schema":{"@context":"https:\/\/schema.org","@graph":[{"@type":"WebPage","@id":"https:\/\/centroesteticamanresa.com\/ca\/bienestar\/","url":"https:\/\/centroesteticamanresa.com\/ca\/bienestar\/","name":"Centre M\u00e8dic Est\u00e8tic a Manresa \u00b7 Natural M\u00e8dic Est\u00e8tic","isPartOf":{"@id":"https:\/\/centroesteticamanresa.com\/ca\/#website"},"datePublished":"2020-01-22T10:59:40+00:00","dateModified":"2020-09-22T10:15:19+00:00","description":"Centre M\u00e8dic Est\u00e8tic a Manresa \u00b7 Natural M\u00e8dic Est\u00e8tic \u00b7 Centre d'est\u00e8tica avan\u00e7ada situat a Manresa (Barcelona). Aitza Su\u00e1rez","breadcrumb":{"@id":"https:\/\/centroesteticamanresa.com\/ca\/bienestar\/#breadcrumb"},"inLanguage":"ca","potentialAction":[{"@type":"ReadAction","target":["https:\/\/centroesteticamanresa.com\/ca\/bienestar\/"]}]},{"@type":"BreadcrumbList","@id":"https:\/\/centroesteticamanresa.com\/ca\/bienestar\/#breadcrumb","itemListElement":[{"@type":"ListItem","position":1,"name":"Portada","item":"https:\/\/centroesteticamanresa.com\/ca\/?page_id=1166"},{"@type":"ListItem","position":2,"name":"Benestar"}]},{"@type":"WebSite","@id":"https:\/\/centroesteticamanresa.com\/ca\/#website","url":"https:\/\/centroesteticamanresa.com\/ca\/","name":"Natural M\u00e8dic Est\u00e8tic \u00b7 Centre M\u00e8dic Est\u00e8tic a Manresa","description":"Centro M\u00e9dico de est\u00e9tica avanzada especializado en adelgazamiento, belleza y salud integral, ubicado en Manresa (Barcelona).","potentialAction":[{"@type":"SearchAction","target":{"@type":"EntryPoint","urlTemplate":"https:\/\/centroesteticamanresa.com\/ca\/?s={search_term_string}"},"query-input":"required name=search_term_string"}],"inLanguage":"ca"}]}},"uagb_featured_image_src":{"full":false,"thumbnail":false,"medium":false,"medium_large":false,"large":false,"1536x1536":false,"2048x2048":false},"uagb_author_info":{"display_name":"AitzaWeb","author_link":"https:\/\/centroesteticamanresa.com\/ca\/author\/aitzaweb\/"},"uagb_comment_info":0,"uagb_excerpt":null,"_links":{"self":[{"href":"https:\/\/centroesteticamanresa.com\/ca\/wp-json\/wp\/v2\/pages\/939"}],"collection":[{"href":"https:\/\/centroesteticamanresa.com\/ca\/wp-json\/wp\/v2\/pages"}],"about":[{"href":"https:\/\/centroesteticamanresa.com\/ca\/wp-json\/wp\/v2\/types\/page"}],"author":[{"embeddable":true,"href":"https:\/\/centroesteticamanresa.com\/ca\/wp-json\/wp\/v2\/users\/4"}],"replies":[{"embeddable":true,"href":"https:\/\/centroesteticamanresa.com\/ca\/wp-json\/wp\/v2\/comments?post=939"}],"version-history":[{"count":5,"href":"https:\/\/centroesteticamanresa.com\/ca\/wp-json\/wp\/v2\/pages\/939\/revisions"}],"predecessor-version":[{"id":969,"href":"https:\/\/centroesteticamanresa.com\/ca\/wp-json\/wp\/v2\/pages\/939\/revisions\/969"}],"wp:attachment":[{"href":"https:\/\/centroesteticamanresa.com\/ca\/wp-json\/wp\/v2\/media?parent=939"}],"curies":[{"name":"wp","href":"https:\/\/api.w.org\/{rel}","templated":true}]}}