{"id":971,"date":"2020-01-22T12:08:35","date_gmt":"2020-01-22T12:08:35","guid":{"rendered":"https:\/\/centroesteticamanresa.com\/eliminacion-tatuajes\/"},"modified":"2020-09-22T10:40:01","modified_gmt":"2020-09-22T10:40:01","slug":"eliminacion-tatuajes","status":"publish","type":"page","link":"https:\/\/centroesteticamanresa.com\/ca\/eliminacion-tatuajes\/","title":{"rendered":"Eliminaci\u00f3 de Tatuatges"},"content":{"rendered":"<div class=\"section-full-width section-light2\" style=\"background-color:#f7f7f7;\" id=\"section-1\"><div class=\"section-boxed\" style=\"color:#777777;\"><div class=\"services-wrapper services-fullbox cols-wrapper cols-2\" style=\"background-color:#ebebeb;color:#595959;\"><div class=\"clear\"><\/div><\/div>\n<div class=\"section-full-width section-light2\" style=\"background-color:#f7f7f7;\" id=\"nombredesessionsnecess\u00e0ries\"><div class=\"section-boxed\" style=\"color:#777777;\"><h2 class=\"section-title\" style=\"color:#252525;\">Nombre de sessions necess\u00e0ries<\/h2><h4 style=\"color:#252525;\" class=\"sub-title\">DUBTES FREQ\u00dcENTS DEL TRACTAMENT<\/h4><\/div><\/div>\n<p>Alguns dels factors que influeixen en el nombre de sessions necess\u00e0ries per a l&#8217;eliminaci\u00f3 de tatuatges s\u00f3n:<\/p>\n<p>&nbsp;<\/p>\n<p><b><span style=\"color: #aabe3b;\">COLOR DEL TATUATGE<\/span><\/b><\/p>\n<p><b> Pigment de color negre i blau fosc.<\/b><br \/>\nS\u00f3n els que millor responen a el l\u00e0ser, i per aix\u00f2 els que menys sessions necessiten per a la seva eliminaci\u00f3. La dificultat d&#8217;aquest color radica en la seva alta densitat, com en el cas dels tatuatges tribals.<\/p>\n<p><b> Pigment de colors blau clar, verd, groc i tons mixts. <\/b><br \/>\nEl pic d&#8217;absorci\u00f3 d&#8217;aquests colors i la seva composici\u00f3 s\u00f3n variables i est\u00e0 condicionada fonamentalment per la quantitat d&#8217;\u00f2xid de titani o de zinc, que s\u00f3n els pigments m\u00e9s dif\u00edcils d&#8217;eliminar.<\/p>\n<p><b>Pigment de color vermell.<\/b><br \/>\nResponen b\u00e9 a l&#8217;l\u00e0ser encara que amb algunes sessions m\u00e9s que els negres.<\/p>\n<p>&nbsp;<\/p>\n<p><b><span style=\"color: #aabe3b;\">TIPUS DE TATUATGE<\/span><\/b><\/p>\n<p><b>Tatuatge professional.<\/b><br \/>\nRequereix un major nombre de sessions, de 8 a 15, a causa de la gran perman\u00e8ncia dels pigments empleats i la major densitat i profunditat.<\/p>\n<p><b>Tatuatge aficionat.<\/b><br \/>\nAquest tipus de tatuatges es realitzen amb tintes m\u00e9s inestables, de manera que la quantitat de pigment \u00e9s menor i sol ser m\u00e9s superficial. Necessita una mitjana de 8 sessions per a la seva eliminaci\u00f3 tot i que hi ha vegades que s\u00f3n profunds i necessitaran el mateix nombre de sessions que un tatuatge professional.<\/p>\n<p>&nbsp;<\/p>\n<p><b><span style=\"color: #aabe3b;\">LOCALITZACI\u00d3 CORPORAL<\/span><\/b><br \/>\nLes zones on la pell \u00e9s m\u00e9s fina s\u00f3n les que necessiten menor nombre de sessions (cap, coll, escot femen\u00ed, canell).<\/p>\n<p>En zones com cames, bra\u00e7os i esquena, la tinta del tatuatge es troba a m\u00e9s profunditat i la pell \u00e9s m\u00e9s gruixuda, pel que requereixen un major nombre de sessions.<\/p>\n<p>&nbsp;<\/p>\n<p><b><span style=\"color: #aabe3b;\">COLOR DE LA PELL<\/span><\/b><br \/>\nEn les pells clares ser\u00e0 en les que millor respongui el l\u00e0ser i en qu\u00e8 es notin els resultats amb menys sessions, en les pells m\u00e9s fosques seran precises m\u00e9s sessions per treure tatuatges.<\/p>\n<div class=\"section-full-width section-light2\" style=\"background-color:#f7f7f7;\" id=\"comesfaeltractament\"><div class=\"section-boxed\" style=\"color:#777777;\"><h2 class=\"section-title\" style=\"color:#252525;\">Com Es Fa El Tractament?<\/h2><h4 style=\"color:#252525;\" class=\"sub-title\">Laser Tattoo Removal<\/h4><\/div><\/div>\n<p>El tractament es realitza amb el l\u00e0ser Q-Switch que combina les longituds d&#8217;ona de 1064nm i 532nm, el que permet eliminar la gran majoria de pigments.<\/p>\n<p>S&#8217;ajusten els par\u00e0metres de l&#8217;l\u00e0ser i es comen\u00e7a a disparar sobre el tatuatge. El l\u00e0ser actua fragmentant les part\u00edcules de pigment en part\u00edcules de mida molt m\u00e9s petit que permeten que el nostre organisme les reabsorbeixi i les elimini posteriorment a trav\u00e9s de l&#8217;drenatge limf\u00e0tic.<br \/>\nUn cop finalitzada la sessi\u00f3, que en general \u00e9s r\u00e0pida, gr\u00e0cies a que el l\u00e0ser emet a 5Hz (\u00e9s a dir, 5 impactes per segon), s&#8217;aplica pomada antibi\u00f2tica i es cobreix la zona tractada amb una cura oclusiva. Les cures s&#8217;han de fer di\u00e0riament fins que la pell es recupera de la sessi\u00f3.<\/p>\n<p>En el transcurs de 4 a 6 setmanes el nostre metabolisme anir\u00e0 eliminant les micropart\u00edcules de pigment. No han de passar m\u00e9s de 8 setmanes entre sessi\u00f3 i sessi\u00f3 ja que hi ha estudis que demostren que el proc\u00e9s d&#8217;eliminaci\u00f3 de tatuatges s&#8217;alenteix. El l\u00e0ser Q-Switch \u00e9s molt vers\u00e0til i produeix resultats excel\u00b7lents en el tractament de tatuatges. Les complicacions s\u00f3n m\u00ednimes.<\/p>\n<p><b><span style=\"color: #aabe3b;\">RECOMANACIONS PR\u00c8VIES A LA SESSI\u00d3<\/span><\/b><br \/>\nNo prendre el sol ni fer sessions de raigs UVA 10 dies abans de l&#8217;tractament<\/p>\n<p>\n<\/div><\/div>\n<div class=\"services-wrapper services-fullbox cols-wrapper cols-2\" style=\"background-color:#ebebeb;color:#595959;\"><div class=\"clear\"><\/div><\/div>\n<div class=\"services-wrapper services-fullbox cols-wrapper cols-4\" style=\"background-color:#304151;color:#ffffff;\"><div class=\"services-box col services-no-content\"><div class=\"img-container\"><img decoding=\"async\" src=\"https:\/\/centroesteticamanresa.com\/wp-content\/uploads\/2020\/02\/manresa_tattoo_removal.jpeg\" alt=\"\"\/><\/div><div class=\"services-content\"><div class=\"sc-wraper\"><\/div><\/div><\/div><div class=\"services-box col services-no-content\"><div class=\"img-container\"><img decoding=\"async\" src=\"https:\/\/centroesteticamanresa.com\/wp-content\/uploads\/2020\/02\/tattoo_manresa.jpeg\" alt=\"\"\/><\/div><div class=\"services-content\"><div class=\"sc-wraper\"><\/div><\/div><\/div><div class=\"services-box col services-no-content\"><div class=\"img-container\"><img decoding=\"async\" src=\"https:\/\/centroesteticamanresa.com\/wp-content\/uploads\/2020\/02\/tattoo_manresa_removal.jpeg\" alt=\"\"\/><\/div><div class=\"services-content\"><div class=\"sc-wraper\"><\/div><\/div><\/div><div class=\"services-box col nomargin services-no-content\"><div class=\"img-container\"><img decoding=\"async\" src=\"https:\/\/centroesteticamanresa.com\/wp-content\/uploads\/2020\/02\/tatuaje_manresa.jpeg\" alt=\"\"\/><\/div><div class=\"services-content\"><div class=\"sc-wraper\"><\/div><\/div><\/div><div class=\"clear\"><\/div><\/div>\n","protected":false},"excerpt":{"rendered":"","protected":false},"author":4,"featured_media":0,"parent":0,"menu_order":0,"comment_status":"open","ping_status":"open","template":"template-full-custom.php","meta":{"_uag_custom_page_level_css":"","footnotes":""},"class_list":["post-971","page","type-page","status-publish","hentry"],"yoast_head":"<!-- This site is optimized with the Yoast SEO plugin v23.0 - https:\/\/yoast.com\/wordpress\/plugins\/seo\/ -->\n<title>Eliminaci\u00f3 de Tatuatges \u00b7 Natural M\u00e8dic Est\u00e8tic<\/title>\n<meta name=\"description\" content=\"Eliminaci\u00f3 de Tatuatges \u00b7 Natural M\u00e8dic Est\u00e8tic \u00b7 Centre d&#039;est\u00e8tica especialista en eliminar tatuatges a Manresa.\" \/>\n<meta name=\"robots\" content=\"index, follow, max-snippet:-1, max-image-preview:large, max-video-preview:-1\" \/>\n<link rel=\"canonical\" href=\"https:\/\/centroesteticamanresa.com\/ca\/eliminacion-tatuajes\/\" \/>\n<meta property=\"og:locale\" content=\"ca_ES\" \/>\n<meta property=\"og:type\" content=\"article\" \/>\n<meta property=\"og:title\" content=\"Eliminaci\u00f3 de Tatuatges \u00b7 Natural M\u00e8dic Est\u00e8tic\" \/>\n<meta property=\"og:description\" content=\"Eliminaci\u00f3 de Tatuatges \u00b7 Natural M\u00e8dic Est\u00e8tic \u00b7 Centre d&#039;est\u00e8tica especialista en eliminar tatuatges a Manresa.\" \/>\n<meta property=\"og:url\" content=\"https:\/\/centroesteticamanresa.com\/ca\/eliminacion-tatuajes\/\" \/>\n<meta property=\"og:site_name\" content=\"Natural M\u00e8dic Est\u00e8tic \u00b7 Centre M\u00e8dic Est\u00e8tic a Manresa\" \/>\n<meta property=\"article:modified_time\" content=\"2020-09-22T10:40:01+00:00\" \/>\n<meta name=\"twitter:card\" content=\"summary_large_image\" \/>\n<meta name=\"twitter:label1\" content=\"Temps estimat de lectura\" \/>\n\t<meta name=\"twitter:data1\" content=\"4 minuts\" \/>\n<script type=\"application\/ld+json\" class=\"yoast-schema-graph\">{\"@context\":\"https:\/\/schema.org\",\"@graph\":[{\"@type\":\"WebPage\",\"@id\":\"https:\/\/centroesteticamanresa.com\/ca\/eliminacion-tatuajes\/\",\"url\":\"https:\/\/centroesteticamanresa.com\/ca\/eliminacion-tatuajes\/\",\"name\":\"Eliminaci\u00f3 de Tatuatges \u00b7 Natural M\u00e8dic Est\u00e8tic\",\"isPartOf\":{\"@id\":\"https:\/\/centroesteticamanresa.com\/ca\/#website\"},\"datePublished\":\"2020-01-22T12:08:35+00:00\",\"dateModified\":\"2020-09-22T10:40:01+00:00\",\"description\":\"Eliminaci\u00f3 de Tatuatges \u00b7 Natural M\u00e8dic Est\u00e8tic \u00b7 Centre d'est\u00e8tica especialista en eliminar tatuatges a Manresa.\",\"breadcrumb\":{\"@id\":\"https:\/\/centroesteticamanresa.com\/ca\/eliminacion-tatuajes\/#breadcrumb\"},\"inLanguage\":\"ca\",\"potentialAction\":[{\"@type\":\"ReadAction\",\"target\":[\"https:\/\/centroesteticamanresa.com\/ca\/eliminacion-tatuajes\/\"]}]},{\"@type\":\"BreadcrumbList\",\"@id\":\"https:\/\/centroesteticamanresa.com\/ca\/eliminacion-tatuajes\/#breadcrumb\",\"itemListElement\":[{\"@type\":\"ListItem\",\"position\":1,\"name\":\"Portada\",\"item\":\"https:\/\/centroesteticamanresa.com\/ca\/?page_id=1166\"},{\"@type\":\"ListItem\",\"position\":2,\"name\":\"Eliminaci\u00f3 de Tatuatges\"}]},{\"@type\":\"WebSite\",\"@id\":\"https:\/\/centroesteticamanresa.com\/ca\/#website\",\"url\":\"https:\/\/centroesteticamanresa.com\/ca\/\",\"name\":\"Natural M\u00e8dic Est\u00e8tic \u00b7 Centre M\u00e8dic Est\u00e8tic a Manresa\",\"description\":\"Centro M\u00e9dico de est\u00e9tica avanzada especializado en adelgazamiento, belleza y salud integral, ubicado en Manresa (Barcelona).\",\"potentialAction\":[{\"@type\":\"SearchAction\",\"target\":{\"@type\":\"EntryPoint\",\"urlTemplate\":\"https:\/\/centroesteticamanresa.com\/ca\/?s={search_term_string}\"},\"query-input\":\"required name=search_term_string\"}],\"inLanguage\":\"ca\"}]}<\/script>\n<!-- \/ Yoast SEO plugin. -->","yoast_head_json":{"title":"Eliminaci\u00f3 de Tatuatges \u00b7 Natural M\u00e8dic Est\u00e8tic","description":"Eliminaci\u00f3 de Tatuatges \u00b7 Natural M\u00e8dic Est\u00e8tic \u00b7 Centre d'est\u00e8tica especialista en eliminar tatuatges a Manresa.","robots":{"index":"index","follow":"follow","max-snippet":"max-snippet:-1","max-image-preview":"max-image-preview:large","max-video-preview":"max-video-preview:-1"},"canonical":"https:\/\/centroesteticamanresa.com\/ca\/eliminacion-tatuajes\/","og_locale":"ca_ES","og_type":"article","og_title":"Eliminaci\u00f3 de Tatuatges \u00b7 Natural M\u00e8dic Est\u00e8tic","og_description":"Eliminaci\u00f3 de Tatuatges \u00b7 Natural M\u00e8dic Est\u00e8tic \u00b7 Centre d'est\u00e8tica especialista en eliminar tatuatges a Manresa.","og_url":"https:\/\/centroesteticamanresa.com\/ca\/eliminacion-tatuajes\/","og_site_name":"Natural M\u00e8dic Est\u00e8tic \u00b7 Centre M\u00e8dic Est\u00e8tic a Manresa","article_modified_time":"2020-09-22T10:40:01+00:00","twitter_card":"summary_large_image","twitter_misc":{"Temps estimat de lectura":"4 minuts"},"schema":{"@context":"https:\/\/schema.org","@graph":[{"@type":"WebPage","@id":"https:\/\/centroesteticamanresa.com\/ca\/eliminacion-tatuajes\/","url":"https:\/\/centroesteticamanresa.com\/ca\/eliminacion-tatuajes\/","name":"Eliminaci\u00f3 de Tatuatges \u00b7 Natural M\u00e8dic Est\u00e8tic","isPartOf":{"@id":"https:\/\/centroesteticamanresa.com\/ca\/#website"},"datePublished":"2020-01-22T12:08:35+00:00","dateModified":"2020-09-22T10:40:01+00:00","description":"Eliminaci\u00f3 de Tatuatges \u00b7 Natural M\u00e8dic Est\u00e8tic \u00b7 Centre d'est\u00e8tica especialista en eliminar tatuatges a Manresa.","breadcrumb":{"@id":"https:\/\/centroesteticamanresa.com\/ca\/eliminacion-tatuajes\/#breadcrumb"},"inLanguage":"ca","potentialAction":[{"@type":"ReadAction","target":["https:\/\/centroesteticamanresa.com\/ca\/eliminacion-tatuajes\/"]}]},{"@type":"BreadcrumbList","@id":"https:\/\/centroesteticamanresa.com\/ca\/eliminacion-tatuajes\/#breadcrumb","itemListElement":[{"@type":"ListItem","position":1,"name":"Portada","item":"https:\/\/centroesteticamanresa.com\/ca\/?page_id=1166"},{"@type":"ListItem","position":2,"name":"Eliminaci\u00f3 de Tatuatges"}]},{"@type":"WebSite","@id":"https:\/\/centroesteticamanresa.com\/ca\/#website","url":"https:\/\/centroesteticamanresa.com\/ca\/","name":"Natural M\u00e8dic Est\u00e8tic \u00b7 Centre M\u00e8dic Est\u00e8tic a Manresa","description":"Centro M\u00e9dico de est\u00e9tica avanzada especializado en adelgazamiento, belleza y salud integral, ubicado en Manresa (Barcelona).","potentialAction":[{"@type":"SearchAction","target":{"@type":"EntryPoint","urlTemplate":"https:\/\/centroesteticamanresa.com\/ca\/?s={search_term_string}"},"query-input":"required name=search_term_string"}],"inLanguage":"ca"}]}},"uagb_featured_image_src":{"full":false,"thumbnail":false,"medium":false,"medium_large":false,"large":false,"1536x1536":false,"2048x2048":false},"uagb_author_info":{"display_name":"AitzaWeb","author_link":"https:\/\/centroesteticamanresa.com\/ca\/author\/aitzaweb\/"},"uagb_comment_info":0,"uagb_excerpt":null,"_links":{"self":[{"href":"https:\/\/centroesteticamanresa.com\/ca\/wp-json\/wp\/v2\/pages\/971"}],"collection":[{"href":"https:\/\/centroesteticamanresa.com\/ca\/wp-json\/wp\/v2\/pages"}],"about":[{"href":"https:\/\/centroesteticamanresa.com\/ca\/wp-json\/wp\/v2\/types\/page"}],"author":[{"embeddable":true,"href":"https:\/\/centroesteticamanresa.com\/ca\/wp-json\/wp\/v2\/users\/4"}],"replies":[{"embeddable":true,"href":"https:\/\/centroesteticamanresa.com\/ca\/wp-json\/wp\/v2\/comments?post=971"}],"version-history":[{"count":6,"href":"https:\/\/centroesteticamanresa.com\/ca\/wp-json\/wp\/v2\/pages\/971\/revisions"}],"predecessor-version":[{"id":988,"href":"https:\/\/centroesteticamanresa.com\/ca\/wp-json\/wp\/v2\/pages\/971\/revisions\/988"}],"wp:attachment":[{"href":"https:\/\/centroesteticamanresa.com\/ca\/wp-json\/wp\/v2\/media?parent=971"}],"curies":[{"name":"wp","href":"https:\/\/api.w.org\/{rel}","templated":true}]}}