{"id":2237,"date":"2024-08-07T14:50:40","date_gmt":"2024-08-07T14:50:40","guid":{"rendered":"https:\/\/centroesteticamanresa.com\/?page_id=2237"},"modified":"2024-08-07T15:11:10","modified_gmt":"2024-08-07T15:11:10","slug":"consentimiento-tratamiento-datos-personales","status":"publish","type":"page","link":"https:\/\/centroesteticamanresa.com\/es\/consentimiento-tratamiento-datos-personales\/","title":{"rendered":"Consentimiento Tratamiento Datos Personales"},"content":{"rendered":"\n<h2 class=\"wp-block-heading has-text-color has-link-color wp-elements-e605780f3a2df727bfb8f7beb5968703\" style=\"color:#000000cc;font-size:30px;font-style:normal;font-weight:600;text-transform:uppercase\"><strong>Consentimiento para el tratamiento de datos personales<\/strong><\/h2>\n\n\n\n<p><strong>NATURAL M\u00c9DIC EST\u00c9TIC<\/strong> es el responsable del tratamiento de los datos personales del Usuario y le informa de que estos datos se tratar\u00e1n de conformidad con lo dispuesto en el Reglamento (UE) 2016\/679, de 27 de abril (GDPR), y la Ley Org\u00e1nica 3\/2018, de 5 de diciembre (LOPDGDD). A continuaci\u00f3n, se le facilita la siguiente informaci\u00f3n sobre el tratamiento de sus datos personales:<\/p>\n\n\n\n<h3 class=\"wp-block-heading\"><strong>Fines y legitimaci\u00f3n del tratamiento:<\/strong><\/h3>\n\n\n\n<ul class=\"wp-block-list\">\n<li><strong>Mantener una relaci\u00f3n comercial<\/strong>: basado en el inter\u00e9s leg\u00edtimo del responsable (art. 6.1.f del GDPR).<\/li>\n\n\n\n<li><strong>Env\u00edo de comunicaciones sobre productos o servicios<\/strong>: con el consentimiento del interesado (art. 6.1.a del GDPR).<\/li>\n\n\n\n<li><strong>Atender solicitudes o peticiones del usuario<\/strong>: seg\u00fan sea necesario para la ejecuci\u00f3n de un contrato (art. 6.1.b del GDPR).<\/li>\n<\/ul>\n\n\n\n<h3 class=\"wp-block-heading\"><strong>Criterios de conservaci\u00f3n de los datos:<\/strong><\/h3>\n\n\n\n<ul class=\"wp-block-list\">\n<li>Los datos se conservar\u00e1n durante el tiempo necesario para mantener el fin del tratamiento.<\/li>\n\n\n\n<li>Se conservar\u00e1n mientras existan prescripciones legales que dictaminen su custodia.<\/li>\n\n\n\n<li>Una vez no sean necesarios para dichos fines, se suprimir\u00e1n con medidas de seguridad adecuadas para garantizar su anonimizaci\u00f3n o destrucci\u00f3n total.<\/li>\n<\/ul>\n\n\n\n<h3 class=\"wp-block-heading\"><strong>Comunicaci\u00f3n de los datos:<\/strong><\/h3>\n\n\n\n<ul class=\"wp-block-list\">\n<li>Los datos no se comunicar\u00e1n a terceros, salvo por obligaci\u00f3n legal.<\/li>\n<\/ul>\n\n\n\n<h3 class=\"wp-block-heading\"><strong>Derechos del Usuario:<\/strong><\/h3>\n\n\n\n<ul class=\"wp-block-list\">\n<li><strong>Derecho a retirar el consentimiento<\/strong> en cualquier momento (art. 7.3 del GDPR).<\/li>\n\n\n\n<li><strong>Derecho de acceso<\/strong> a sus datos personales (art. 15 del GDPR).<\/li>\n\n\n\n<li><strong>Derecho de rectificaci\u00f3n<\/strong> de datos inexactos o incompletos (art. 16 del GDPR).<\/li>\n\n\n\n<li><strong>Derecho a la portabilidad<\/strong> de los datos (art. 20 del GDPR).<\/li>\n\n\n\n<li><strong>Derecho a la supresi\u00f3n<\/strong> de los datos (art. 17 del GDPR).<\/li>\n\n\n\n<li><strong>Derecho a la limitaci\u00f3n<\/strong> del tratamiento (art. 18 del GDPR).<\/li>\n\n\n\n<li><strong>Derecho de oposici\u00f3n<\/strong> al tratamiento de los datos (art. 21 del GDPR).<\/li>\n\n\n\n<li>Derecho a <strong>no ser objeto de decisiones automatizadas<\/strong> individualizadas (art. 22 del GDPR).<\/li>\n\n\n\n<li><strong>Derecho a presentar una reclamaci\u00f3n<\/strong> ante la Autoridad de Control (www.aepd.es) si considera que el tratamiento no se ajusta a la normativa vigente.<\/li>\n<\/ul>\n\n\n\n<h3 class=\"wp-block-heading\"><strong>Datos de contacto para ejercer sus derechos:<\/strong><\/h3>\n\n\n\n<p><strong>NATURAL M\u00c9DIC EST\u00c9TIC<\/strong><\/p>\n\n\n\n<p>Contacto del delegado de protecci\u00f3n de datos: <strong>info@naturalmedicestic.com<\/strong><\/p>\n","protected":false},"excerpt":{"rendered":"<p>Consentimiento para el tratamiento de datos personales NATURAL M\u00c9DIC EST\u00c9TIC es el responsable del tratamiento de los datos personales del [&hellip;]<\/p>\n","protected":false},"author":4,"featured_media":0,"parent":0,"menu_order":0,"comment_status":"closed","ping_status":"open","template":"","meta":{"_uag_custom_page_level_css":"","footnotes":""},"class_list":["post-2237","page","type-page","status-publish","hentry"],"yoast_head":"<!-- This site is optimized with the Yoast SEO plugin v23.0 - https:\/\/yoast.com\/wordpress\/plugins\/seo\/ -->\n<title>Tratamiento Datos Personales \u00b7 Natural M\u00e8dic Est\u00e8tic<\/title>\n<meta name=\"description\" content=\"Consentimiento Tratamiento Datos Personales \u00b7 Natural M\u00e8dic Est\u00e8tic \u00b7 Centro M\u00e9dico Est\u00e9tico en Manresa \u00b7 Est\u00e9tica Avanzada en Manresa.\" \/>\n<meta name=\"robots\" content=\"index, follow, max-snippet:-1, max-image-preview:large, max-video-preview:-1\" \/>\n<link rel=\"canonical\" href=\"https:\/\/centroesteticamanresa.com\/es\/consentimiento-tratamiento-datos-personales\/\" \/>\n<meta property=\"og:locale\" content=\"es_ES\" \/>\n<meta property=\"og:type\" content=\"article\" \/>\n<meta property=\"og:title\" content=\"Tratamiento Datos Personales \u00b7 Natural M\u00e8dic Est\u00e8tic\" \/>\n<meta property=\"og:description\" content=\"Consentimiento Tratamiento Datos Personales \u00b7 Natural M\u00e8dic Est\u00e8tic \u00b7 Centro M\u00e9dico Est\u00e9tico en Manresa \u00b7 Est\u00e9tica Avanzada en Manresa.\" \/>\n<meta property=\"og:url\" content=\"https:\/\/centroesteticamanresa.com\/es\/consentimiento-tratamiento-datos-personales\/\" \/>\n<meta property=\"og:site_name\" content=\"Natural M\u00e8dic Est\u00e8tic \u00b7 Centre M\u00e8dic Est\u00e8tic a Manresa\" \/>\n<meta property=\"article:modified_time\" content=\"2024-08-07T15:11:10+00:00\" \/>\n<meta name=\"twitter:card\" content=\"summary_large_image\" \/>\n<meta name=\"twitter:label1\" content=\"Tiempo de lectura\" \/>\n\t<meta name=\"twitter:data1\" content=\"2 minutos\" \/>\n<script type=\"application\/ld+json\" class=\"yoast-schema-graph\">{\"@context\":\"https:\/\/schema.org\",\"@graph\":[{\"@type\":\"WebPage\",\"@id\":\"https:\/\/centroesteticamanresa.com\/es\/consentimiento-tratamiento-datos-personales\/\",\"url\":\"https:\/\/centroesteticamanresa.com\/es\/consentimiento-tratamiento-datos-personales\/\",\"name\":\"Tratamiento Datos Personales \u00b7 Natural M\u00e8dic Est\u00e8tic\",\"isPartOf\":{\"@id\":\"https:\/\/centroesteticamanresa.com\/es\/#website\"},\"datePublished\":\"2024-08-07T14:50:40+00:00\",\"dateModified\":\"2024-08-07T15:11:10+00:00\",\"description\":\"Consentimiento Tratamiento Datos Personales \u00b7 Natural M\u00e8dic Est\u00e8tic \u00b7 Centro M\u00e9dico Est\u00e9tico en Manresa \u00b7 Est\u00e9tica Avanzada en Manresa.\",\"breadcrumb\":{\"@id\":\"https:\/\/centroesteticamanresa.com\/es\/consentimiento-tratamiento-datos-personales\/#breadcrumb\"},\"inLanguage\":\"es\",\"potentialAction\":[{\"@type\":\"ReadAction\",\"target\":[\"https:\/\/centroesteticamanresa.com\/es\/consentimiento-tratamiento-datos-personales\/\"]}]},{\"@type\":\"BreadcrumbList\",\"@id\":\"https:\/\/centroesteticamanresa.com\/es\/consentimiento-tratamiento-datos-personales\/#breadcrumb\",\"itemListElement\":[{\"@type\":\"ListItem\",\"position\":1,\"name\":\"Portada\",\"item\":\"https:\/\/centroesteticamanresa.com\/es\/\"},{\"@type\":\"ListItem\",\"position\":2,\"name\":\"Consentimiento Tratamiento Datos Personales\"}]},{\"@type\":\"WebSite\",\"@id\":\"https:\/\/centroesteticamanresa.com\/es\/#website\",\"url\":\"https:\/\/centroesteticamanresa.com\/es\/\",\"name\":\"Natural M\u00e8dic Est\u00e8tic \u00b7 Centre M\u00e8dic Est\u00e8tic a Manresa\",\"description\":\"Centro M\u00e9dico de est\u00e9tica avanzada especializado en adelgazamiento, belleza y salud integral, ubicado en Manresa (Barcelona).\",\"potentialAction\":[{\"@type\":\"SearchAction\",\"target\":{\"@type\":\"EntryPoint\",\"urlTemplate\":\"https:\/\/centroesteticamanresa.com\/es\/?s={search_term_string}\"},\"query-input\":\"required name=search_term_string\"}],\"inLanguage\":\"es\"}]}<\/script>\n<!-- \/ Yoast SEO plugin. -->","yoast_head_json":{"title":"Tratamiento Datos Personales \u00b7 Natural M\u00e8dic Est\u00e8tic","description":"Consentimiento Tratamiento Datos Personales \u00b7 Natural M\u00e8dic Est\u00e8tic \u00b7 Centro M\u00e9dico Est\u00e9tico en Manresa \u00b7 Est\u00e9tica Avanzada en Manresa.","robots":{"index":"index","follow":"follow","max-snippet":"max-snippet:-1","max-image-preview":"max-image-preview:large","max-video-preview":"max-video-preview:-1"},"canonical":"https:\/\/centroesteticamanresa.com\/es\/consentimiento-tratamiento-datos-personales\/","og_locale":"es_ES","og_type":"article","og_title":"Tratamiento Datos Personales \u00b7 Natural M\u00e8dic Est\u00e8tic","og_description":"Consentimiento Tratamiento Datos Personales \u00b7 Natural M\u00e8dic Est\u00e8tic \u00b7 Centro M\u00e9dico Est\u00e9tico en Manresa \u00b7 Est\u00e9tica Avanzada en Manresa.","og_url":"https:\/\/centroesteticamanresa.com\/es\/consentimiento-tratamiento-datos-personales\/","og_site_name":"Natural M\u00e8dic Est\u00e8tic \u00b7 Centre M\u00e8dic Est\u00e8tic a Manresa","article_modified_time":"2024-08-07T15:11:10+00:00","twitter_card":"summary_large_image","twitter_misc":{"Tiempo de lectura":"2 minutos"},"schema":{"@context":"https:\/\/schema.org","@graph":[{"@type":"WebPage","@id":"https:\/\/centroesteticamanresa.com\/es\/consentimiento-tratamiento-datos-personales\/","url":"https:\/\/centroesteticamanresa.com\/es\/consentimiento-tratamiento-datos-personales\/","name":"Tratamiento Datos Personales \u00b7 Natural M\u00e8dic Est\u00e8tic","isPartOf":{"@id":"https:\/\/centroesteticamanresa.com\/es\/#website"},"datePublished":"2024-08-07T14:50:40+00:00","dateModified":"2024-08-07T15:11:10+00:00","description":"Consentimiento Tratamiento Datos Personales \u00b7 Natural M\u00e8dic Est\u00e8tic \u00b7 Centro M\u00e9dico Est\u00e9tico en Manresa \u00b7 Est\u00e9tica Avanzada en Manresa.","breadcrumb":{"@id":"https:\/\/centroesteticamanresa.com\/es\/consentimiento-tratamiento-datos-personales\/#breadcrumb"},"inLanguage":"es","potentialAction":[{"@type":"ReadAction","target":["https:\/\/centroesteticamanresa.com\/es\/consentimiento-tratamiento-datos-personales\/"]}]},{"@type":"BreadcrumbList","@id":"https:\/\/centroesteticamanresa.com\/es\/consentimiento-tratamiento-datos-personales\/#breadcrumb","itemListElement":[{"@type":"ListItem","position":1,"name":"Portada","item":"https:\/\/centroesteticamanresa.com\/es\/"},{"@type":"ListItem","position":2,"name":"Consentimiento Tratamiento Datos Personales"}]},{"@type":"WebSite","@id":"https:\/\/centroesteticamanresa.com\/es\/#website","url":"https:\/\/centroesteticamanresa.com\/es\/","name":"Natural M\u00e8dic Est\u00e8tic \u00b7 Centre M\u00e8dic Est\u00e8tic a Manresa","description":"Centro M\u00e9dico de est\u00e9tica avanzada especializado en adelgazamiento, belleza y salud integral, ubicado en Manresa (Barcelona).","potentialAction":[{"@type":"SearchAction","target":{"@type":"EntryPoint","urlTemplate":"https:\/\/centroesteticamanresa.com\/es\/?s={search_term_string}"},"query-input":"required name=search_term_string"}],"inLanguage":"es"}]}},"uagb_featured_image_src":{"full":false,"thumbnail":false,"medium":false,"medium_large":false,"large":false,"1536x1536":false,"2048x2048":false},"uagb_author_info":{"display_name":"AitzaWeb","author_link":"https:\/\/centroesteticamanresa.com\/es\/author\/aitzaweb\/"},"uagb_comment_info":0,"uagb_excerpt":"Consentimiento para el tratamiento de datos personales NATURAL M\u00c9DIC EST\u00c9TIC es el responsable del tratamiento de los datos personales del [&hellip;]","_links":{"self":[{"href":"https:\/\/centroesteticamanresa.com\/es\/wp-json\/wp\/v2\/pages\/2237"}],"collection":[{"href":"https:\/\/centroesteticamanresa.com\/es\/wp-json\/wp\/v2\/pages"}],"about":[{"href":"https:\/\/centroesteticamanresa.com\/es\/wp-json\/wp\/v2\/types\/page"}],"author":[{"embeddable":true,"href":"https:\/\/centroesteticamanresa.com\/es\/wp-json\/wp\/v2\/users\/4"}],"replies":[{"embeddable":true,"href":"https:\/\/centroesteticamanresa.com\/es\/wp-json\/wp\/v2\/comments?post=2237"}],"version-history":[{"count":12,"href":"https:\/\/centroesteticamanresa.com\/es\/wp-json\/wp\/v2\/pages\/2237\/revisions"}],"predecessor-version":[{"id":2254,"href":"https:\/\/centroesteticamanresa.com\/es\/wp-json\/wp\/v2\/pages\/2237\/revisions\/2254"}],"wp:attachment":[{"href":"https:\/\/centroesteticamanresa.com\/es\/wp-json\/wp\/v2\/media?parent=2237"}],"curies":[{"name":"wp","href":"https:\/\/api.w.org\/{rel}","templated":true}]}}