{"id":246,"date":"2020-01-17T17:42:15","date_gmt":"2020-01-17T17:42:15","guid":{"rendered":"https:\/\/centroesteticamanresa.com\/web\/?page_id=246"},"modified":"2020-09-22T06:58:53","modified_gmt":"2020-09-22T06:58:53","slug":"tratamientos-faciales","status":"publish","type":"page","link":"https:\/\/centroesteticamanresa.com\/es\/tratamientos-faciales\/","title":{"rendered":"Tratamientos Faciales"},"content":{"rendered":"<div class=\"section-full-width section-light2\" style=\"background-color:#fcfcfc;\" id=\"section-1\"><div class=\"section-boxed\" style=\"color:#777777;\"><\/p>\n<h5 style=\"text-align: center;\">Tendr\u00e1s en <b>Natural Medic Estetic <\/b>siempre tus tratamientos <strong>FACIALES<\/strong><b> <\/b>personalizados, satisfaciendo tus necesidades especificas, creando un ecosistema que te ayudar\u00e1 a mantener sana tu piel y cuidado de tu rostro. Te realizaremos un diagn\u00f3stico personalizado, diagnosticando con nuestro Analizador M\u00e9dico Facial el estado de tu piel, analizaremos el nivel de tu grado de pigmentaci\u00f3n, hidrataci\u00f3n, grasa, PH y nutrici\u00f3n, combinando nuestra gran experiencia, aparatologia y productos naturales y cosmec\u00e9uticos de \u00faltima generaci\u00f3n, donde obtendr\u00e1s siempre los mejores resultados.<\/h5>\n<p style=\"text-align: center;\"><strong>FACILIDADES DE FINANCIACI\u00d3N EN TODOS TUS TRATAMIENTOS<\/strong><\/p>\n<h5 style=\"text-align: center;\"><\/h5>\n<h5><\/h5>\n<div class=\"services-wrapper services-thumbnail\"><div class=\"services-box col\"><div class=\"thumbnail-wrapper\"><div class=\"services-img\" style=\"background-image:url(https:\/\/centroesteticamanresa.com\/wp-content\/uploads\/2020\/01\/antiarrguas-235x235.jpg)\"><\/div><div class=\"services-content\"><div class=\"sc-wraper\"><h3><a href=\"https:\/\/centroesteticamanresa.com\/portfolio\/antiarrugas\/\">ANTIARRUGAS<\/a><\/h3><\/div><\/div><\/div><\/div><div class=\"services-box col\"><div class=\"thumbnail-wrapper\"><div class=\"services-img\" style=\"background-image:url(https:\/\/centroesteticamanresa.com\/wp-content\/uploads\/2020\/01\/manchas-235x235.jpg)\"><\/div><div class=\"services-content\"><div class=\"sc-wraper\"><h3><a href=\"https:\/\/centroesteticamanresa.com\/portfolio\/antimanchas\/\">ANTIMANCHAS<\/a><\/h3><\/div><\/div><\/div><\/div><div class=\"services-box col\"><div class=\"thumbnail-wrapper\"><div class=\"services-img\" style=\"background-image:url(https:\/\/centroesteticamanresa.com\/wp-content\/uploads\/2020\/01\/acne-235x235.jpg)\"><\/div><div class=\"services-content\"><div class=\"sc-wraper\"><h3><a href=\"https:\/\/centroesteticamanresa.com\/portfolio\/anti-acne\/\">ANTI ACNE<\/a><\/h3><\/div><\/div><\/div><\/div><div class=\"services-box col\"><div class=\"thumbnail-wrapper\"><div class=\"services-img\" style=\"background-image:url(https:\/\/centroesteticamanresa.com\/wp-content\/uploads\/2020\/01\/reafirmante-235x235.jpg)\"><\/div><div class=\"services-content\"><div class=\"sc-wraper\"><h3><a href=\"https:\/\/centroesteticamanresa.com\/portfolio\/reafirmante\/\">REAFIRMANTE<\/a><\/h3><\/div><\/div><\/div><\/div><div class=\"services-box col\"><div class=\"thumbnail-wrapper\"><div class=\"services-img\" style=\"background-image:url(https:\/\/centroesteticamanresa.com\/wp-content\/uploads\/2020\/01\/hidratante-235x235.jpg)\"><\/div><div class=\"services-content\"><div class=\"sc-wraper\"><h3><a href=\"https:\/\/centroesteticamanresa.com\/portfolio\/hidratante\/\">HIDRATANTE<\/a><\/h3><\/div><\/div><\/div><\/div><div class=\"services-box col\"><div class=\"thumbnail-wrapper\"><div class=\"services-img\" style=\"background-image:url(https:\/\/centroesteticamanresa.com\/wp-content\/uploads\/2020\/01\/oxigenante-235x235.jpg)\"><\/div><div class=\"services-content\"><div class=\"sc-wraper\"><h3><a href=\"https:\/\/centroesteticamanresa.com\/portfolio\/oxigenante\/\">OXIGENANTE<\/a><\/h3><\/div><\/div><\/div><\/div><div class=\"services-box col\"><div class=\"thumbnail-wrapper\"><div class=\"services-img\" style=\"background-image:url(https:\/\/centroesteticamanresa.com\/wp-content\/uploads\/2020\/01\/vitaminas-235x235.jpg)\"><\/div><div class=\"services-content\"><div class=\"sc-wraper\"><h3><a href=\"https:\/\/centroesteticamanresa.com\/portfolio\/vitaminas\/\">VITAMINAS<\/a><\/h3><\/div><\/div><\/div><\/div><div class=\"services-box col\"><div class=\"thumbnail-wrapper\"><div class=\"services-img\" style=\"background-image:url(https:\/\/centroesteticamanresa.com\/wp-content\/uploads\/2020\/01\/peelong-235x235.jpg)\"><\/div><div class=\"services-content\"><div class=\"sc-wraper\"><h3><a href=\"https:\/\/centroesteticamanresa.com\/portfolio\/peeling-quimicos\/\">PEELING <\/br>QU\u00cdMICOS<\/a><\/h3><\/div><\/div><\/div><\/div><div class=\"clear\"><\/div><\/div>\n<p>\n<\/div><\/div>\n<div class=\"services-wrapper services-fullbox cols-wrapper cols-4\" style=\"background-color:#304151;color:#ffffff;\"><div class=\"services-box col services-no-content\"><div class=\"img-container\"><img decoding=\"async\" src=\"https:\/\/centroesteticamanresa.com\/wp-content\/uploads\/2020\/01\/304044BA-E117-448B-838D-5E6A67618867.jpg\" alt=\"\"\/><\/div><div class=\"services-content\"><div class=\"sc-wraper\"><\/div><\/div><\/div><div class=\"services-box col services-no-content\"><div class=\"img-container\"><img decoding=\"async\" src=\"https:\/\/centroesteticamanresa.com\/wp-content\/uploads\/2020\/01\/0D8C9A2A-53E2-4BF0-8B1B-D51AFAF03E18.jpg\" alt=\"\"\/><\/div><div class=\"services-content\"><div class=\"sc-wraper\"><\/div><\/div><\/div><div class=\"services-box col services-no-content\"><div class=\"img-container\"><img decoding=\"async\" src=\"https:\/\/centroesteticamanresa.com\/wp-content\/uploads\/2020\/01\/74F6F3A7-A489-4933-8997-AA64CCBE8C12.jpg\" alt=\"\"\/><\/div><div class=\"services-content\"><div class=\"sc-wraper\"><\/div><\/div><\/div><div class=\"services-box col nomargin services-no-content\"><div class=\"img-container\"><img decoding=\"async\" src=\"https:\/\/centroesteticamanresa.com\/wp-content\/uploads\/2020\/01\/304044BA-E117-448B-838D-5E6A67618867.jpg\" alt=\"\"\/><\/div><div class=\"services-content\"><div class=\"sc-wraper\"><\/div><\/div><\/div><div class=\"clear\"><\/div><\/div>\n","protected":false},"excerpt":{"rendered":"","protected":false},"author":4,"featured_media":0,"parent":0,"menu_order":0,"comment_status":"open","ping_status":"open","template":"template-full-custom.php","meta":{"_uag_custom_page_level_css":"","footnotes":""},"class_list":["post-246","page","type-page","status-publish","hentry"],"yoast_head":"<!-- This site is optimized with the Yoast SEO plugin v23.0 - https:\/\/yoast.com\/wordpress\/plugins\/seo\/ -->\n<title>Natural M\u00e8dic Est\u00e8tic \u00b7 Tratamientos de Est\u00e9tica Faciales a Manresa<\/title>\n<meta name=\"description\" content=\"Natural M\u00e8dic Est\u00e8tic \u00b7 Tratamientos de Est\u00e9tica Faciales a Manresa \u00b7 Centro de est\u00e9tica situado en Manresa.\" \/>\n<meta name=\"robots\" content=\"index, follow, max-snippet:-1, max-image-preview:large, max-video-preview:-1\" \/>\n<link rel=\"canonical\" href=\"https:\/\/centroesteticamanresa.com\/es\/tratamientos-faciales\/\" \/>\n<meta property=\"og:locale\" content=\"es_ES\" \/>\n<meta property=\"og:type\" content=\"article\" \/>\n<meta property=\"og:title\" content=\"Natural M\u00e8dic Est\u00e8tic \u00b7 Tratamientos de Est\u00e9tica Faciales a Manresa\" \/>\n<meta property=\"og:description\" content=\"Natural M\u00e8dic Est\u00e8tic \u00b7 Tratamientos de Est\u00e9tica Faciales a Manresa \u00b7 Centro de est\u00e9tica situado en Manresa.\" \/>\n<meta property=\"og:url\" content=\"https:\/\/centroesteticamanresa.com\/es\/tratamientos-faciales\/\" \/>\n<meta property=\"og:site_name\" content=\"Natural M\u00e8dic Est\u00e8tic \u00b7 Centre M\u00e8dic Est\u00e8tic a Manresa\" \/>\n<meta property=\"article:modified_time\" content=\"2020-09-22T06:58:53+00:00\" \/>\n<meta name=\"twitter:card\" content=\"summary_large_image\" \/>\n<meta name=\"twitter:label1\" content=\"Tiempo de lectura\" \/>\n\t<meta name=\"twitter:data1\" content=\"1 minuto\" \/>\n<script type=\"application\/ld+json\" class=\"yoast-schema-graph\">{\"@context\":\"https:\/\/schema.org\",\"@graph\":[{\"@type\":\"WebPage\",\"@id\":\"https:\/\/centroesteticamanresa.com\/es\/tratamientos-faciales\/\",\"url\":\"https:\/\/centroesteticamanresa.com\/es\/tratamientos-faciales\/\",\"name\":\"Natural M\u00e8dic Est\u00e8tic \u00b7 Tratamientos de Est\u00e9tica Faciales a Manresa\",\"isPartOf\":{\"@id\":\"https:\/\/centroesteticamanresa.com\/es\/#website\"},\"datePublished\":\"2020-01-17T17:42:15+00:00\",\"dateModified\":\"2020-09-22T06:58:53+00:00\",\"description\":\"Natural M\u00e8dic Est\u00e8tic \u00b7 Tratamientos de Est\u00e9tica Faciales a Manresa \u00b7 Centro de est\u00e9tica situado en Manresa.\",\"breadcrumb\":{\"@id\":\"https:\/\/centroesteticamanresa.com\/es\/tratamientos-faciales\/#breadcrumb\"},\"inLanguage\":\"es\",\"potentialAction\":[{\"@type\":\"ReadAction\",\"target\":[\"https:\/\/centroesteticamanresa.com\/es\/tratamientos-faciales\/\"]}]},{\"@type\":\"BreadcrumbList\",\"@id\":\"https:\/\/centroesteticamanresa.com\/es\/tratamientos-faciales\/#breadcrumb\",\"itemListElement\":[{\"@type\":\"ListItem\",\"position\":1,\"name\":\"Portada\",\"item\":\"https:\/\/centroesteticamanresa.com\/es\/\"},{\"@type\":\"ListItem\",\"position\":2,\"name\":\"Tratamientos Faciales\"}]},{\"@type\":\"WebSite\",\"@id\":\"https:\/\/centroesteticamanresa.com\/es\/#website\",\"url\":\"https:\/\/centroesteticamanresa.com\/es\/\",\"name\":\"Natural M\u00e8dic Est\u00e8tic \u00b7 Centre M\u00e8dic Est\u00e8tic a Manresa\",\"description\":\"Centro M\u00e9dico de est\u00e9tica avanzada especializado en adelgazamiento, belleza y salud integral, ubicado en Manresa (Barcelona).\",\"potentialAction\":[{\"@type\":\"SearchAction\",\"target\":{\"@type\":\"EntryPoint\",\"urlTemplate\":\"https:\/\/centroesteticamanresa.com\/es\/?s={search_term_string}\"},\"query-input\":\"required name=search_term_string\"}],\"inLanguage\":\"es\"}]}<\/script>\n<!-- \/ Yoast SEO plugin. -->","yoast_head_json":{"title":"Natural M\u00e8dic Est\u00e8tic \u00b7 Tratamientos de Est\u00e9tica Faciales a Manresa","description":"Natural M\u00e8dic Est\u00e8tic \u00b7 Tratamientos de Est\u00e9tica Faciales a Manresa \u00b7 Centro de est\u00e9tica situado en Manresa.","robots":{"index":"index","follow":"follow","max-snippet":"max-snippet:-1","max-image-preview":"max-image-preview:large","max-video-preview":"max-video-preview:-1"},"canonical":"https:\/\/centroesteticamanresa.com\/es\/tratamientos-faciales\/","og_locale":"es_ES","og_type":"article","og_title":"Natural M\u00e8dic Est\u00e8tic \u00b7 Tratamientos de Est\u00e9tica Faciales a Manresa","og_description":"Natural M\u00e8dic Est\u00e8tic \u00b7 Tratamientos de Est\u00e9tica Faciales a Manresa \u00b7 Centro de est\u00e9tica situado en Manresa.","og_url":"https:\/\/centroesteticamanresa.com\/es\/tratamientos-faciales\/","og_site_name":"Natural M\u00e8dic Est\u00e8tic \u00b7 Centre M\u00e8dic Est\u00e8tic a Manresa","article_modified_time":"2020-09-22T06:58:53+00:00","twitter_card":"summary_large_image","twitter_misc":{"Tiempo de lectura":"1 minuto"},"schema":{"@context":"https:\/\/schema.org","@graph":[{"@type":"WebPage","@id":"https:\/\/centroesteticamanresa.com\/es\/tratamientos-faciales\/","url":"https:\/\/centroesteticamanresa.com\/es\/tratamientos-faciales\/","name":"Natural M\u00e8dic Est\u00e8tic \u00b7 Tratamientos de Est\u00e9tica Faciales a Manresa","isPartOf":{"@id":"https:\/\/centroesteticamanresa.com\/es\/#website"},"datePublished":"2020-01-17T17:42:15+00:00","dateModified":"2020-09-22T06:58:53+00:00","description":"Natural M\u00e8dic Est\u00e8tic \u00b7 Tratamientos de Est\u00e9tica Faciales a Manresa \u00b7 Centro de est\u00e9tica situado en Manresa.","breadcrumb":{"@id":"https:\/\/centroesteticamanresa.com\/es\/tratamientos-faciales\/#breadcrumb"},"inLanguage":"es","potentialAction":[{"@type":"ReadAction","target":["https:\/\/centroesteticamanresa.com\/es\/tratamientos-faciales\/"]}]},{"@type":"BreadcrumbList","@id":"https:\/\/centroesteticamanresa.com\/es\/tratamientos-faciales\/#breadcrumb","itemListElement":[{"@type":"ListItem","position":1,"name":"Portada","item":"https:\/\/centroesteticamanresa.com\/es\/"},{"@type":"ListItem","position":2,"name":"Tratamientos Faciales"}]},{"@type":"WebSite","@id":"https:\/\/centroesteticamanresa.com\/es\/#website","url":"https:\/\/centroesteticamanresa.com\/es\/","name":"Natural M\u00e8dic Est\u00e8tic \u00b7 Centre M\u00e8dic Est\u00e8tic a Manresa","description":"Centro M\u00e9dico de est\u00e9tica avanzada especializado en adelgazamiento, belleza y salud integral, ubicado en Manresa (Barcelona).","potentialAction":[{"@type":"SearchAction","target":{"@type":"EntryPoint","urlTemplate":"https:\/\/centroesteticamanresa.com\/es\/?s={search_term_string}"},"query-input":"required name=search_term_string"}],"inLanguage":"es"}]}},"uagb_featured_image_src":{"full":false,"thumbnail":false,"medium":false,"medium_large":false,"large":false,"1536x1536":false,"2048x2048":false},"uagb_author_info":{"display_name":"AitzaWeb","author_link":"https:\/\/centroesteticamanresa.com\/es\/author\/aitzaweb\/"},"uagb_comment_info":0,"uagb_excerpt":null,"_links":{"self":[{"href":"https:\/\/centroesteticamanresa.com\/es\/wp-json\/wp\/v2\/pages\/246"}],"collection":[{"href":"https:\/\/centroesteticamanresa.com\/es\/wp-json\/wp\/v2\/pages"}],"about":[{"href":"https:\/\/centroesteticamanresa.com\/es\/wp-json\/wp\/v2\/types\/page"}],"author":[{"embeddable":true,"href":"https:\/\/centroesteticamanresa.com\/es\/wp-json\/wp\/v2\/users\/4"}],"replies":[{"embeddable":true,"href":"https:\/\/centroesteticamanresa.com\/es\/wp-json\/wp\/v2\/comments?post=246"}],"version-history":[{"count":15,"href":"https:\/\/centroesteticamanresa.com\/es\/wp-json\/wp\/v2\/pages\/246\/revisions"}],"predecessor-version":[{"id":713,"href":"https:\/\/centroesteticamanresa.com\/es\/wp-json\/wp\/v2\/pages\/246\/revisions\/713"}],"wp:attachment":[{"href":"https:\/\/centroesteticamanresa.com\/es\/wp-json\/wp\/v2\/media?parent=246"}],"curies":[{"name":"wp","href":"https:\/\/api.w.org\/{rel}","templated":true}]}}