{"id":254,"date":"2020-01-17T17:48:06","date_gmt":"2020-01-17T17:48:06","guid":{"rendered":"https:\/\/centroesteticamanresa.com\/web\/?page_id=254"},"modified":"2020-09-22T09:05:39","modified_gmt":"2020-09-22T09:05:39","slug":"belleza","status":"publish","type":"page","link":"https:\/\/centroesteticamanresa.com\/es\/belleza\/","title":{"rendered":"Belleza"},"content":{"rendered":"<div class=\"section-full-width section-light2\" style=\"background-color:#fcfcfc;\" id=\"section-1\"><div class=\"section-boxed\" style=\"color:#777777;\"><\/p>\n<h5 style=\"text-align: center;\"><b>CONSEGUIR UN ROSTRO REJUVENECIDO ES EL SUE\u00d1O DE TODOS<\/b><br \/>\nUna piel cuidada, es sin\u00f3nimo de belleza y salud. \u00bfPorque renunciar a un rostro luminoso, suave y terso?<br \/>\nCon los tratamientos faciales personalizados conseguimos armon\u00eda en el rostro, corrigiendo o aminorando defectos as\u00ed como resaltar las partes m\u00e1s bellas de cada uno. La verdadera belleza est\u00e1 en la naturalidad.<\/h5>\n<p style=\"text-align: center;\">El ritmo de vida actual hace que cada vez exista m\u00e1s demanda social de tratamientos est\u00e9ticos, porque nuestra apariencia dice mucho de nosotros y ahora tenemos la suerte que cada vez podemos contar con m\u00e1s tratamientos est\u00e9ticos no invasivos, sin necesidad de cirug\u00eda, sin apenas efectos secundarios, lo que nos facilita nuestro d\u00eda a d\u00eda y no tener que faltar al trabajo y lo mejor, con grandes resultados.<\/p>\n<p style=\"text-align: center;\">Podemos ayudarte a lucir mas bella d\u00eda a d\u00eda, descubre tu belleza desde el interior.<\/p>\n<h5><\/h5>\n<div class=\"services-wrapper services-thumbnail\"><div class=\"services-box col\"><div class=\"thumbnail-wrapper\"><div class=\"services-img\" style=\"background-image:url(https:\/\/centroesteticamanresa.com\/wp-content\/uploads\/2020\/06\/96803A17-0D69-43EE-802F-185D96E5FCEE-235x235.jpg)\"><\/div><div class=\"services-content\"><div class=\"sc-wraper\"><h3>MICROBLADING<\/h3><\/div><\/div><\/div><\/div><div class=\"services-box col\"><div class=\"thumbnail-wrapper\"><div class=\"services-img\" style=\"background-image:url(https:\/\/centroesteticamanresa.com\/wp-content\/uploads\/2020\/02\/micropigmentacion_manresa-235x235.jpeg)\"><\/div><div class=\"services-content\"><div class=\"sc-wraper\"><h3><a href=\"https:\/\/centroesteticamanresa.com\/portfolio\/microprigmentacion\/\">MICROPRIGMENTACI\u00d3N<\/a><\/h3><\/div><\/div><\/div><\/div><div class=\"services-box col\"><div class=\"thumbnail-wrapper\"><div class=\"services-img\" style=\"background-image:url(https:\/\/centroesteticamanresa.com\/wp-content\/uploads\/2020\/02\/depilacion_cera_manresa-235x235.jpeg)\"><\/div><div class=\"services-content\"><div class=\"sc-wraper\"><h3><a href=\"https:\/\/centroesteticamanresa.com\/portfolio\/depilacion-cera-tibia-y-caliente\/\">DEPILACI\u00d3N CERA TIBIA Y CALIENTE<\/a><\/h3><\/div><\/div><\/div><\/div><div class=\"services-box col\"><div class=\"thumbnail-wrapper\"><div class=\"services-img\" style=\"background-image:url(https:\/\/centroesteticamanresa.com\/wp-content\/uploads\/2020\/02\/peeling_manresa-235x235.jpeg)\"><\/div><div class=\"services-content\"><div class=\"sc-wraper\"><h3><a href=\"https:\/\/centroesteticamanresa.com\/portfolio\/peeling-e-hidratacion-corporal\/\">PEELING E HIDRATACI\u00d3N CORPORAL<\/a><\/h3><\/div><\/div><\/div><\/div><div class=\"services-box col\"><div class=\"thumbnail-wrapper\"><div class=\"services-img\" style=\"background-image:url(https:\/\/centroesteticamanresa.com\/wp-content\/uploads\/2020\/02\/manicura_pedicura_manresa-235x235.jpeg)\"><\/div><div class=\"services-content\"><div class=\"sc-wraper\"><h3><a href=\"https:\/\/centroesteticamanresa.com\/portfolio\/manicura-y-pedicura\/\">MANICURA Y PEDICURA<\/a><\/h3><\/div><\/div><\/div><\/div><div class=\"services-box col\"><div class=\"thumbnail-wrapper\"><div class=\"services-img\" style=\"background-image:url(https:\/\/centroesteticamanresa.com\/wp-content\/uploads\/2020\/02\/rizar_pestanyas_manresa-235x235.jpeg)\"><\/div><div class=\"services-content\"><div class=\"sc-wraper\"><h3><a href=\"https:\/\/centroesteticamanresa.com\/portfolio\/rizado-y-tinte-de-pestanas\/\">RIZADO Y TINTE DE PESTA\u00d1AS<\/a><\/h3><\/div><\/div><\/div><\/div><div class=\"services-box col\"><div class=\"thumbnail-wrapper\"><div class=\"services-img\" style=\"background-image:url(https:\/\/centroesteticamanresa.com\/wp-content\/uploads\/2020\/02\/cuidado_pelo_manresa-235x235.jpeg)\"><\/div><div class=\"services-content\"><div class=\"sc-wraper\"><h3><a href=\"https:\/\/centroesteticamanresa.com\/portfolio\/trataientos-capilares\/\">TRATAMIENTOS CAPILARES<\/a><\/h3><\/div><\/div><\/div><\/div><div class=\"services-box col\"><div class=\"thumbnail-wrapper\"><div class=\"services-img\" style=\"background-image:url(https:\/\/centroesteticamanresa.com\/wp-content\/uploads\/2020\/02\/mensajes_manresa-235x235.jpeg)\"><\/div><div class=\"services-content\"><div class=\"sc-wraper\"><h3><a href=\"https:\/\/centroesteticamanresa.com\/portfolio\/masajes\/\">MASAJES<\/a><\/h3><\/div><\/div><\/div><\/div><div class=\"clear\"><\/div><\/div>\n<p>\n<\/div><\/div>\n","protected":false},"excerpt":{"rendered":"","protected":false},"author":4,"featured_media":0,"parent":0,"menu_order":0,"comment_status":"open","ping_status":"open","template":"template-full-custom.php","meta":{"_uag_custom_page_level_css":"","footnotes":""},"class_list":["post-254","page","type-page","status-publish","hentry"],"yoast_head":"<!-- This site is optimized with the Yoast SEO plugin v23.0 - https:\/\/yoast.com\/wordpress\/plugins\/seo\/ -->\n<title>Centro de Belleza en Manresa \u00b7 Natural M\u00e8dic Est\u00e8tic \u00b7 Est\u00e9tica Avanzada<\/title>\n<meta name=\"description\" content=\"Centro de Belleza en Manresa \u00b7 Natural M\u00e8dic Est\u00e8tic \u00b7 Est\u00e9tica Avanzada \u00b7 Centro de est\u00e9tica avanzada situado en Manresa (Barcelona)\" \/>\n<meta name=\"robots\" content=\"index, follow, max-snippet:-1, max-image-preview:large, max-video-preview:-1\" \/>\n<link rel=\"canonical\" href=\"https:\/\/centroesteticamanresa.com\/es\/belleza\/\" \/>\n<meta property=\"og:locale\" content=\"es_ES\" \/>\n<meta property=\"og:type\" content=\"article\" \/>\n<meta property=\"og:title\" content=\"Centro de Belleza en Manresa \u00b7 Natural M\u00e8dic Est\u00e8tic \u00b7 Est\u00e9tica Avanzada\" \/>\n<meta property=\"og:description\" content=\"Centro de Belleza en Manresa \u00b7 Natural M\u00e8dic Est\u00e8tic \u00b7 Est\u00e9tica Avanzada \u00b7 Centro de est\u00e9tica avanzada situado en Manresa (Barcelona)\" \/>\n<meta property=\"og:url\" content=\"https:\/\/centroesteticamanresa.com\/es\/belleza\/\" \/>\n<meta property=\"og:site_name\" content=\"Natural M\u00e8dic Est\u00e8tic \u00b7 Centre M\u00e8dic Est\u00e8tic a Manresa\" \/>\n<meta property=\"article:modified_time\" content=\"2020-09-22T09:05:39+00:00\" \/>\n<meta name=\"twitter:card\" content=\"summary_large_image\" \/>\n<meta name=\"twitter:label1\" content=\"Tiempo de lectura\" \/>\n\t<meta name=\"twitter:data1\" content=\"1 minuto\" \/>\n<script type=\"application\/ld+json\" class=\"yoast-schema-graph\">{\"@context\":\"https:\/\/schema.org\",\"@graph\":[{\"@type\":\"WebPage\",\"@id\":\"https:\/\/centroesteticamanresa.com\/es\/belleza\/\",\"url\":\"https:\/\/centroesteticamanresa.com\/es\/belleza\/\",\"name\":\"Centro de Belleza en Manresa \u00b7 Natural M\u00e8dic Est\u00e8tic \u00b7 Est\u00e9tica Avanzada\",\"isPartOf\":{\"@id\":\"https:\/\/centroesteticamanresa.com\/es\/#website\"},\"datePublished\":\"2020-01-17T17:48:06+00:00\",\"dateModified\":\"2020-09-22T09:05:39+00:00\",\"description\":\"Centro de Belleza en Manresa \u00b7 Natural M\u00e8dic Est\u00e8tic \u00b7 Est\u00e9tica Avanzada \u00b7 Centro de est\u00e9tica avanzada situado en Manresa (Barcelona)\",\"breadcrumb\":{\"@id\":\"https:\/\/centroesteticamanresa.com\/es\/belleza\/#breadcrumb\"},\"inLanguage\":\"es\",\"potentialAction\":[{\"@type\":\"ReadAction\",\"target\":[\"https:\/\/centroesteticamanresa.com\/es\/belleza\/\"]}]},{\"@type\":\"BreadcrumbList\",\"@id\":\"https:\/\/centroesteticamanresa.com\/es\/belleza\/#breadcrumb\",\"itemListElement\":[{\"@type\":\"ListItem\",\"position\":1,\"name\":\"Portada\",\"item\":\"https:\/\/centroesteticamanresa.com\/es\/\"},{\"@type\":\"ListItem\",\"position\":2,\"name\":\"Belleza\"}]},{\"@type\":\"WebSite\",\"@id\":\"https:\/\/centroesteticamanresa.com\/es\/#website\",\"url\":\"https:\/\/centroesteticamanresa.com\/es\/\",\"name\":\"Natural M\u00e8dic Est\u00e8tic \u00b7 Centre M\u00e8dic Est\u00e8tic a Manresa\",\"description\":\"Centro M\u00e9dico de est\u00e9tica avanzada especializado en adelgazamiento, belleza y salud integral, ubicado en Manresa (Barcelona).\",\"potentialAction\":[{\"@type\":\"SearchAction\",\"target\":{\"@type\":\"EntryPoint\",\"urlTemplate\":\"https:\/\/centroesteticamanresa.com\/es\/?s={search_term_string}\"},\"query-input\":\"required name=search_term_string\"}],\"inLanguage\":\"es\"}]}<\/script>\n<!-- \/ Yoast SEO plugin. -->","yoast_head_json":{"title":"Centro de Belleza en Manresa \u00b7 Natural M\u00e8dic Est\u00e8tic \u00b7 Est\u00e9tica Avanzada","description":"Centro de Belleza en Manresa \u00b7 Natural M\u00e8dic Est\u00e8tic \u00b7 Est\u00e9tica Avanzada \u00b7 Centro de est\u00e9tica avanzada situado en Manresa (Barcelona)","robots":{"index":"index","follow":"follow","max-snippet":"max-snippet:-1","max-image-preview":"max-image-preview:large","max-video-preview":"max-video-preview:-1"},"canonical":"https:\/\/centroesteticamanresa.com\/es\/belleza\/","og_locale":"es_ES","og_type":"article","og_title":"Centro de Belleza en Manresa \u00b7 Natural M\u00e8dic Est\u00e8tic \u00b7 Est\u00e9tica Avanzada","og_description":"Centro de Belleza en Manresa \u00b7 Natural M\u00e8dic Est\u00e8tic \u00b7 Est\u00e9tica Avanzada \u00b7 Centro de est\u00e9tica avanzada situado en Manresa (Barcelona)","og_url":"https:\/\/centroesteticamanresa.com\/es\/belleza\/","og_site_name":"Natural M\u00e8dic Est\u00e8tic \u00b7 Centre M\u00e8dic Est\u00e8tic a Manresa","article_modified_time":"2020-09-22T09:05:39+00:00","twitter_card":"summary_large_image","twitter_misc":{"Tiempo de lectura":"1 minuto"},"schema":{"@context":"https:\/\/schema.org","@graph":[{"@type":"WebPage","@id":"https:\/\/centroesteticamanresa.com\/es\/belleza\/","url":"https:\/\/centroesteticamanresa.com\/es\/belleza\/","name":"Centro de Belleza en Manresa \u00b7 Natural M\u00e8dic Est\u00e8tic \u00b7 Est\u00e9tica Avanzada","isPartOf":{"@id":"https:\/\/centroesteticamanresa.com\/es\/#website"},"datePublished":"2020-01-17T17:48:06+00:00","dateModified":"2020-09-22T09:05:39+00:00","description":"Centro de Belleza en Manresa \u00b7 Natural M\u00e8dic Est\u00e8tic \u00b7 Est\u00e9tica Avanzada \u00b7 Centro de est\u00e9tica avanzada situado en Manresa (Barcelona)","breadcrumb":{"@id":"https:\/\/centroesteticamanresa.com\/es\/belleza\/#breadcrumb"},"inLanguage":"es","potentialAction":[{"@type":"ReadAction","target":["https:\/\/centroesteticamanresa.com\/es\/belleza\/"]}]},{"@type":"BreadcrumbList","@id":"https:\/\/centroesteticamanresa.com\/es\/belleza\/#breadcrumb","itemListElement":[{"@type":"ListItem","position":1,"name":"Portada","item":"https:\/\/centroesteticamanresa.com\/es\/"},{"@type":"ListItem","position":2,"name":"Belleza"}]},{"@type":"WebSite","@id":"https:\/\/centroesteticamanresa.com\/es\/#website","url":"https:\/\/centroesteticamanresa.com\/es\/","name":"Natural M\u00e8dic Est\u00e8tic \u00b7 Centre M\u00e8dic Est\u00e8tic a Manresa","description":"Centro M\u00e9dico de est\u00e9tica avanzada especializado en adelgazamiento, belleza y salud integral, ubicado en Manresa (Barcelona).","potentialAction":[{"@type":"SearchAction","target":{"@type":"EntryPoint","urlTemplate":"https:\/\/centroesteticamanresa.com\/es\/?s={search_term_string}"},"query-input":"required name=search_term_string"}],"inLanguage":"es"}]}},"uagb_featured_image_src":{"full":false,"thumbnail":false,"medium":false,"medium_large":false,"large":false,"1536x1536":false,"2048x2048":false},"uagb_author_info":{"display_name":"AitzaWeb","author_link":"https:\/\/centroesteticamanresa.com\/es\/author\/aitzaweb\/"},"uagb_comment_info":0,"uagb_excerpt":null,"_links":{"self":[{"href":"https:\/\/centroesteticamanresa.com\/es\/wp-json\/wp\/v2\/pages\/254"}],"collection":[{"href":"https:\/\/centroesteticamanresa.com\/es\/wp-json\/wp\/v2\/pages"}],"about":[{"href":"https:\/\/centroesteticamanresa.com\/es\/wp-json\/wp\/v2\/types\/page"}],"author":[{"embeddable":true,"href":"https:\/\/centroesteticamanresa.com\/es\/wp-json\/wp\/v2\/users\/4"}],"replies":[{"embeddable":true,"href":"https:\/\/centroesteticamanresa.com\/es\/wp-json\/wp\/v2\/comments?post=254"}],"version-history":[{"count":10,"href":"https:\/\/centroesteticamanresa.com\/es\/wp-json\/wp\/v2\/pages\/254\/revisions"}],"predecessor-version":[{"id":1183,"href":"https:\/\/centroesteticamanresa.com\/es\/wp-json\/wp\/v2\/pages\/254\/revisions\/1183"}],"wp:attachment":[{"href":"https:\/\/centroesteticamanresa.com\/es\/wp-json\/wp\/v2\/media?parent=254"}],"curies":[{"name":"wp","href":"https:\/\/api.w.org\/{rel}","templated":true}]}}