{"id":261,"date":"2020-01-22T10:59:40","date_gmt":"2020-01-22T10:59:40","guid":{"rendered":"https:\/\/centroesteticamanresa.com\/web\/?page_id=261"},"modified":"2020-09-22T10:06:31","modified_gmt":"2020-09-22T10:06:31","slug":"bienestar","status":"publish","type":"page","link":"https:\/\/centroesteticamanresa.com\/es\/bienestar\/","title":{"rendered":"Bienestar"},"content":{"rendered":"<div class=\"section-full-width section-light2\" style=\"background-color:#fcfcfc;\" id=\"ritualesdebelleza\"><div class=\"section-boxed\" style=\"color:#777777;\"><h2 class=\"section-title\" style=\"color:#252525;\">Rituales de belleza<\/h2><\/p>\n<h5 style=\"text-align: center;\">Tratamientos en Centro de Est\u00e9tica M\u00e9dico Manresa<\/h5>\n<h5><\/h5>\n<div class=\"services-wrapper services-thumbnail\"><div class=\"services-box col\"><div class=\"thumbnail-wrapper\"><div class=\"services-img\" style=\"background-image:url(https:\/\/centroesteticamanresa.com\/wp-content\/uploads\/2020\/02\/a1-235x235.jpg)\"><\/div><div class=\"services-content\"><div class=\"sc-wraper\"><h3><a href=\"https:\/\/centroesteticamanresa.com\/portfolio\/masajes-relajantes\/\">MASAJES RELAJANTES<\/a><\/h3><\/div><\/div><\/div><\/div><div class=\"services-box col\"><div class=\"thumbnail-wrapper\"><div class=\"services-img\" style=\"background-image:url(https:\/\/centroesteticamanresa.com\/wp-content\/uploads\/2020\/02\/a2-235x235.jpg)\"><\/div><div class=\"services-content\"><div class=\"sc-wraper\"><h3><a href=\"https:\/\/centroesteticamanresa.com\/portfolio\/masajes-descontracturantes\/\">MASAJES DESCONTRACTURANTES<\/a><\/h3><\/div><\/div><\/div><\/div><div class=\"services-box col\"><div class=\"thumbnail-wrapper\"><div class=\"services-img\" style=\"background-image:url(https:\/\/centroesteticamanresa.com\/wp-content\/uploads\/2020\/02\/a3-235x235.jpg)\"><\/div><div class=\"services-content\"><div class=\"sc-wraper\"><h3><a href=\"https:\/\/centroesteticamanresa.com\/portfolio\/masajes-con-canas-de-bambu\/\">MASAJES CON CA\u00d1AS DE BAMBU<\/a><\/h3><\/div><\/div><\/div><\/div><div class=\"services-box col\"><div class=\"thumbnail-wrapper\"><div class=\"services-img\" style=\"background-image:url(https:\/\/centroesteticamanresa.com\/wp-content\/uploads\/2020\/02\/a4-235x235.jpg)\"><\/div><div class=\"services-content\"><div class=\"sc-wraper\"><h3><a href=\"https:\/\/centroesteticamanresa.com\/portfolio\/pindas-medicinales\/\">PINDAS MEDICINALES<\/a><\/h3><\/div><\/div><\/div><\/div><div class=\"services-box col\"><div class=\"thumbnail-wrapper\"><div class=\"services-img\" style=\"background-image:url(https:\/\/centroesteticamanresa.com\/wp-content\/uploads\/2020\/02\/a5-235x235.jpg)\"><\/div><div class=\"services-content\"><div class=\"sc-wraper\"><h3><a href=\"https:\/\/centroesteticamanresa.com\/portfolio\/quiromasaje\/\">QUIROMASAJE<\/a><\/h3><\/div><\/div><\/div><\/div><div class=\"services-box col\"><div class=\"thumbnail-wrapper\"><div class=\"services-img\" style=\"background-image:url(https:\/\/centroesteticamanresa.com\/wp-content\/uploads\/2020\/02\/a6-235x235.jpg)\"><\/div><div class=\"services-content\"><div class=\"sc-wraper\"><h3><a href=\"https:\/\/centroesteticamanresa.com\/portfolio\/reiki\/\">REIKI<\/a><\/h3><\/div><\/div><\/div><\/div><div class=\"services-box col\"><div class=\"thumbnail-wrapper\"><div class=\"services-img\" style=\"background-image:url(https:\/\/centroesteticamanresa.com\/wp-content\/uploads\/2020\/07\/madero-235x235.jpg)\"><\/div><div class=\"services-content\"><div class=\"sc-wraper\"><h3><a href=\"https:\/\/centroesteticamanresa.com\/portfolio\/flores-de-bach-y-minerales\/\">MADEROTER\u00c1PIA Y MINERALES<\/a><\/h3><\/div><\/div><\/div><\/div><div class=\"services-box col\"><div class=\"thumbnail-wrapper\"><div class=\"services-img\" style=\"background-image:url(https:\/\/centroesteticamanresa.com\/wp-content\/uploads\/2020\/02\/a8-235x235.jpg)\"><\/div><div class=\"services-content\"><div class=\"sc-wraper\"><h3><a href=\"https:\/\/centroesteticamanresa.com\/portfolio\/auriculoterapia\/\">AURICULOTERAPIA<\/a><\/h3><\/div><\/div><\/div><\/div><div class=\"clear\"><\/div><\/div>\n<p>\n<\/div><\/div>\n","protected":false},"excerpt":{"rendered":"","protected":false},"author":4,"featured_media":0,"parent":0,"menu_order":0,"comment_status":"open","ping_status":"open","template":"template-full-custom.php","meta":{"_uag_custom_page_level_css":"","footnotes":""},"class_list":["post-261","page","type-page","status-publish","hentry"],"yoast_head":"<!-- This site is optimized with the Yoast SEO plugin v23.0 - https:\/\/yoast.com\/wordpress\/plugins\/seo\/ -->\n<title>Centro M\u00e9dico Est\u00e9tico en Manresa \u00b7 Natural M\u00e8dic Est\u00e8tic<\/title>\n<meta name=\"description\" content=\"Centro M\u00e9dico Est\u00e9tico en Manresa \u00b7 Natural M\u00e8dic Est\u00e8tic \u00b7 Centro de est\u00e9tica avanzada situado en Manresa (Barcelona). Aitza Su\u00e1rez\" \/>\n<meta name=\"robots\" content=\"index, follow, max-snippet:-1, max-image-preview:large, max-video-preview:-1\" \/>\n<link rel=\"canonical\" href=\"https:\/\/centroesteticamanresa.com\/es\/bienestar\/\" \/>\n<meta property=\"og:locale\" content=\"es_ES\" \/>\n<meta property=\"og:type\" content=\"article\" \/>\n<meta property=\"og:title\" content=\"Centro M\u00e9dico Est\u00e9tico en Manresa \u00b7 Natural M\u00e8dic Est\u00e8tic\" \/>\n<meta property=\"og:description\" content=\"Centro M\u00e9dico Est\u00e9tico en Manresa \u00b7 Natural M\u00e8dic Est\u00e8tic \u00b7 Centro de est\u00e9tica avanzada situado en Manresa (Barcelona). Aitza Su\u00e1rez\" \/>\n<meta property=\"og:url\" content=\"https:\/\/centroesteticamanresa.com\/es\/bienestar\/\" \/>\n<meta property=\"og:site_name\" content=\"Natural M\u00e8dic Est\u00e8tic \u00b7 Centre M\u00e8dic Est\u00e8tic a Manresa\" \/>\n<meta property=\"article:modified_time\" content=\"2020-09-22T10:06:31+00:00\" \/>\n<meta name=\"twitter:card\" content=\"summary_large_image\" \/>\n<meta name=\"twitter:label1\" content=\"Tiempo de lectura\" \/>\n\t<meta name=\"twitter:data1\" content=\"1 minuto\" \/>\n<script type=\"application\/ld+json\" class=\"yoast-schema-graph\">{\"@context\":\"https:\/\/schema.org\",\"@graph\":[{\"@type\":\"WebPage\",\"@id\":\"https:\/\/centroesteticamanresa.com\/es\/bienestar\/\",\"url\":\"https:\/\/centroesteticamanresa.com\/es\/bienestar\/\",\"name\":\"Centro M\u00e9dico Est\u00e9tico en Manresa \u00b7 Natural M\u00e8dic Est\u00e8tic\",\"isPartOf\":{\"@id\":\"https:\/\/centroesteticamanresa.com\/es\/#website\"},\"datePublished\":\"2020-01-22T10:59:40+00:00\",\"dateModified\":\"2020-09-22T10:06:31+00:00\",\"description\":\"Centro M\u00e9dico Est\u00e9tico en Manresa \u00b7 Natural M\u00e8dic Est\u00e8tic \u00b7 Centro de est\u00e9tica avanzada situado en Manresa (Barcelona). Aitza Su\u00e1rez\",\"breadcrumb\":{\"@id\":\"https:\/\/centroesteticamanresa.com\/es\/bienestar\/#breadcrumb\"},\"inLanguage\":\"es\",\"potentialAction\":[{\"@type\":\"ReadAction\",\"target\":[\"https:\/\/centroesteticamanresa.com\/es\/bienestar\/\"]}]},{\"@type\":\"BreadcrumbList\",\"@id\":\"https:\/\/centroesteticamanresa.com\/es\/bienestar\/#breadcrumb\",\"itemListElement\":[{\"@type\":\"ListItem\",\"position\":1,\"name\":\"Portada\",\"item\":\"https:\/\/centroesteticamanresa.com\/es\/\"},{\"@type\":\"ListItem\",\"position\":2,\"name\":\"Bienestar\"}]},{\"@type\":\"WebSite\",\"@id\":\"https:\/\/centroesteticamanresa.com\/es\/#website\",\"url\":\"https:\/\/centroesteticamanresa.com\/es\/\",\"name\":\"Natural M\u00e8dic Est\u00e8tic \u00b7 Centre M\u00e8dic Est\u00e8tic a Manresa\",\"description\":\"Centro M\u00e9dico de est\u00e9tica avanzada especializado en adelgazamiento, belleza y salud integral, ubicado en Manresa (Barcelona).\",\"potentialAction\":[{\"@type\":\"SearchAction\",\"target\":{\"@type\":\"EntryPoint\",\"urlTemplate\":\"https:\/\/centroesteticamanresa.com\/es\/?s={search_term_string}\"},\"query-input\":\"required name=search_term_string\"}],\"inLanguage\":\"es\"}]}<\/script>\n<!-- \/ Yoast SEO plugin. -->","yoast_head_json":{"title":"Centro M\u00e9dico Est\u00e9tico en Manresa \u00b7 Natural M\u00e8dic Est\u00e8tic","description":"Centro M\u00e9dico Est\u00e9tico en Manresa \u00b7 Natural M\u00e8dic Est\u00e8tic \u00b7 Centro de est\u00e9tica avanzada situado en Manresa (Barcelona). Aitza Su\u00e1rez","robots":{"index":"index","follow":"follow","max-snippet":"max-snippet:-1","max-image-preview":"max-image-preview:large","max-video-preview":"max-video-preview:-1"},"canonical":"https:\/\/centroesteticamanresa.com\/es\/bienestar\/","og_locale":"es_ES","og_type":"article","og_title":"Centro M\u00e9dico Est\u00e9tico en Manresa \u00b7 Natural M\u00e8dic Est\u00e8tic","og_description":"Centro M\u00e9dico Est\u00e9tico en Manresa \u00b7 Natural M\u00e8dic Est\u00e8tic \u00b7 Centro de est\u00e9tica avanzada situado en Manresa (Barcelona). Aitza Su\u00e1rez","og_url":"https:\/\/centroesteticamanresa.com\/es\/bienestar\/","og_site_name":"Natural M\u00e8dic Est\u00e8tic \u00b7 Centre M\u00e8dic Est\u00e8tic a Manresa","article_modified_time":"2020-09-22T10:06:31+00:00","twitter_card":"summary_large_image","twitter_misc":{"Tiempo de lectura":"1 minuto"},"schema":{"@context":"https:\/\/schema.org","@graph":[{"@type":"WebPage","@id":"https:\/\/centroesteticamanresa.com\/es\/bienestar\/","url":"https:\/\/centroesteticamanresa.com\/es\/bienestar\/","name":"Centro M\u00e9dico Est\u00e9tico en Manresa \u00b7 Natural M\u00e8dic Est\u00e8tic","isPartOf":{"@id":"https:\/\/centroesteticamanresa.com\/es\/#website"},"datePublished":"2020-01-22T10:59:40+00:00","dateModified":"2020-09-22T10:06:31+00:00","description":"Centro M\u00e9dico Est\u00e9tico en Manresa \u00b7 Natural M\u00e8dic Est\u00e8tic \u00b7 Centro de est\u00e9tica avanzada situado en Manresa (Barcelona). Aitza Su\u00e1rez","breadcrumb":{"@id":"https:\/\/centroesteticamanresa.com\/es\/bienestar\/#breadcrumb"},"inLanguage":"es","potentialAction":[{"@type":"ReadAction","target":["https:\/\/centroesteticamanresa.com\/es\/bienestar\/"]}]},{"@type":"BreadcrumbList","@id":"https:\/\/centroesteticamanresa.com\/es\/bienestar\/#breadcrumb","itemListElement":[{"@type":"ListItem","position":1,"name":"Portada","item":"https:\/\/centroesteticamanresa.com\/es\/"},{"@type":"ListItem","position":2,"name":"Bienestar"}]},{"@type":"WebSite","@id":"https:\/\/centroesteticamanresa.com\/es\/#website","url":"https:\/\/centroesteticamanresa.com\/es\/","name":"Natural M\u00e8dic Est\u00e8tic \u00b7 Centre M\u00e8dic Est\u00e8tic a Manresa","description":"Centro M\u00e9dico de est\u00e9tica avanzada especializado en adelgazamiento, belleza y salud integral, ubicado en Manresa (Barcelona).","potentialAction":[{"@type":"SearchAction","target":{"@type":"EntryPoint","urlTemplate":"https:\/\/centroesteticamanresa.com\/es\/?s={search_term_string}"},"query-input":"required name=search_term_string"}],"inLanguage":"es"}]}},"uagb_featured_image_src":{"full":false,"thumbnail":false,"medium":false,"medium_large":false,"large":false,"1536x1536":false,"2048x2048":false},"uagb_author_info":{"display_name":"AitzaWeb","author_link":"https:\/\/centroesteticamanresa.com\/es\/author\/aitzaweb\/"},"uagb_comment_info":0,"uagb_excerpt":null,"_links":{"self":[{"href":"https:\/\/centroesteticamanresa.com\/es\/wp-json\/wp\/v2\/pages\/261"}],"collection":[{"href":"https:\/\/centroesteticamanresa.com\/es\/wp-json\/wp\/v2\/pages"}],"about":[{"href":"https:\/\/centroesteticamanresa.com\/es\/wp-json\/wp\/v2\/types\/page"}],"author":[{"embeddable":true,"href":"https:\/\/centroesteticamanresa.com\/es\/wp-json\/wp\/v2\/users\/4"}],"replies":[{"embeddable":true,"href":"https:\/\/centroesteticamanresa.com\/es\/wp-json\/wp\/v2\/comments?post=261"}],"version-history":[{"count":2,"href":"https:\/\/centroesteticamanresa.com\/es\/wp-json\/wp\/v2\/pages\/261\/revisions"}],"predecessor-version":[{"id":512,"href":"https:\/\/centroesteticamanresa.com\/es\/wp-json\/wp\/v2\/pages\/261\/revisions\/512"}],"wp:attachment":[{"href":"https:\/\/centroesteticamanresa.com\/es\/wp-json\/wp\/v2\/media?parent=261"}],"curies":[{"name":"wp","href":"https:\/\/api.w.org\/{rel}","templated":true}]}}