{"id":264,"date":"2020-01-22T11:09:47","date_gmt":"2020-01-22T11:09:47","guid":{"rendered":"https:\/\/centroesteticamanresa.com\/web\/?page_id=264"},"modified":"2020-09-22T09:36:11","modified_gmt":"2020-09-22T09:36:11","slug":"medicina-estetica","status":"publish","type":"page","link":"https:\/\/centroesteticamanresa.com\/es\/medicina-estetica\/","title":{"rendered":"Medicina Est\u00e9tica"},"content":{"rendered":"<div class=\"section-full-width section-light2\" style=\"background-color:#fcfcfc;\" id=\"descubrelamedicinaest\u00e9ticaantiaging\"><div class=\"section-boxed\" style=\"color:#777777;\"><h2 class=\"section-title\" style=\"color:#252525;\">Descubre la medicina est\u00e9tica antiaging<\/h2><h4 style=\"color:#252525;\" class=\"sub-title\">Natura M\u00e9dic Est\u00e9tic cuenta con la consulta de medicina est\u00e9tica Antiaging<\/h4><\/p>\n<h5 style=\"text-align: center;\">Dirigido por la doctora Zainela Labordes L\u00f3pez, colegiada 3556.<br \/>\nLa primera visita es <b>GRATUITA<\/b> y sin compromiso. <a href=\"https:\/\/centroesteticamanresa.com\/web\/contact\/\">Pide m\u00e1s informaci\u00f3n poni\u00e9ndote en contacto con nosotros.<\/a><\/h5>\n<p style=\"text-align: center;\">Podr\u00e1s encontrar y beneficiarte de los \u00faltimos y mas novedosos tratamientos como son:<\/p>\n<div class=\"services-wrapper services-boxed-photo cols-wrapper cols-4\"><div class=\"services-box col\"><div class=\"img-container\"><img decoding=\"async\" src=\"https:\/\/centroesteticamanresa.com\/wp-content\/uploads\/2020\/07\/7393A0F3-8E80-4CD2-9E1C-FA14AD8B7BAC.jpg\" alt=\"\u00c1CIDO &lt;\/br&gt;HIALURONICO\"\/><\/div><div class=\"services-content\"><div class=\"sc-wraper\"><h3>\u00c1CIDO <\/br>HIALURONICO<\/h3><\/div><\/div><\/div><div class=\"services-box col\"><div class=\"img-container\"><img decoding=\"async\" src=\"https:\/\/centroesteticamanresa.com\/wp-content\/uploads\/2020\/02\/botox.jpg\" alt=\"&lt;\/br&gt;CORRECCI\u00d3N DE ARRUGAS\"\/><\/div><div class=\"services-content\"><div class=\"sc-wraper\"><h3><\/br>CORRECCI\u00d3N DE ARRUGAS<\/h3><\/div><\/div><\/div><div class=\"services-box col\"><div class=\"img-container\"><img decoding=\"async\" src=\"https:\/\/centroesteticamanresa.com\/wp-content\/uploads\/2020\/02\/mesoterapia.jpg\" alt=\"MESOTERAPIA &lt;\/br&gt;VITAMINAS\"\/><\/div><div class=\"services-content\"><div class=\"sc-wraper\"><h3>MESOTERAPIA <\/br>VITAMINAS<\/h3><\/div><\/div><\/div><div class=\"services-box col nomargin\"><div class=\"img-container\"><img decoding=\"async\" src=\"https:\/\/centroesteticamanresa.com\/wp-content\/uploads\/2020\/02\/peeling.jpg\" alt=\"PEELING&lt;\/br&gt; QUIMICO\"\/><\/div><div class=\"services-content\"><div class=\"sc-wraper\"><h3>PEELING<\/br> QUIMICO<\/h3><\/div><\/div><\/div><div class=\"clear\"><\/div><\/div>\n<p>\n<\/div><\/div>\n","protected":false},"excerpt":{"rendered":"","protected":false},"author":4,"featured_media":0,"parent":0,"menu_order":0,"comment_status":"open","ping_status":"open","template":"template-full-custom.php","meta":{"_uag_custom_page_level_css":"","footnotes":""},"class_list":["post-264","page","type-page","status-publish","hentry"],"yoast_head":"<!-- This site is optimized with the Yoast SEO plugin v23.0 - https:\/\/yoast.com\/wordpress\/plugins\/seo\/ -->\n<title>Medicina Est\u00e9tica en Manresa \u00b7 Natural M\u00e8dic Est\u00e8tic<\/title>\n<meta name=\"description\" content=\"Medicina Est\u00e9tica en Manresa \u00b7 Natural M\u00e8dic Est\u00e8tic \u00b7 Centro de est\u00e9tica ubicado en Manresa \u00b7 Centro m\u00e9dico est\u00e9tico Manresa.\" \/>\n<meta name=\"robots\" content=\"index, follow, max-snippet:-1, max-image-preview:large, max-video-preview:-1\" \/>\n<link rel=\"canonical\" href=\"https:\/\/centroesteticamanresa.com\/es\/medicina-estetica\/\" \/>\n<meta property=\"og:locale\" content=\"es_ES\" \/>\n<meta property=\"og:type\" content=\"article\" \/>\n<meta property=\"og:title\" content=\"Medicina Est\u00e9tica en Manresa \u00b7 Natural M\u00e8dic Est\u00e8tic\" \/>\n<meta property=\"og:description\" content=\"Medicina Est\u00e9tica en Manresa \u00b7 Natural M\u00e8dic Est\u00e8tic \u00b7 Centro de est\u00e9tica ubicado en Manresa \u00b7 Centro m\u00e9dico est\u00e9tico Manresa.\" \/>\n<meta property=\"og:url\" content=\"https:\/\/centroesteticamanresa.com\/es\/medicina-estetica\/\" \/>\n<meta property=\"og:site_name\" content=\"Natural M\u00e8dic Est\u00e8tic \u00b7 Centre M\u00e8dic Est\u00e8tic a Manresa\" \/>\n<meta property=\"article:modified_time\" content=\"2020-09-22T09:36:11+00:00\" \/>\n<meta name=\"twitter:card\" content=\"summary_large_image\" \/>\n<meta name=\"twitter:label1\" content=\"Tiempo de lectura\" \/>\n\t<meta name=\"twitter:data1\" content=\"1 minuto\" \/>\n<script type=\"application\/ld+json\" class=\"yoast-schema-graph\">{\"@context\":\"https:\/\/schema.org\",\"@graph\":[{\"@type\":\"WebPage\",\"@id\":\"https:\/\/centroesteticamanresa.com\/es\/medicina-estetica\/\",\"url\":\"https:\/\/centroesteticamanresa.com\/es\/medicina-estetica\/\",\"name\":\"Medicina Est\u00e9tica en Manresa \u00b7 Natural M\u00e8dic Est\u00e8tic\",\"isPartOf\":{\"@id\":\"https:\/\/centroesteticamanresa.com\/es\/#website\"},\"datePublished\":\"2020-01-22T11:09:47+00:00\",\"dateModified\":\"2020-09-22T09:36:11+00:00\",\"description\":\"Medicina Est\u00e9tica en Manresa \u00b7 Natural M\u00e8dic Est\u00e8tic \u00b7 Centro de est\u00e9tica ubicado en Manresa \u00b7 Centro m\u00e9dico est\u00e9tico Manresa.\",\"breadcrumb\":{\"@id\":\"https:\/\/centroesteticamanresa.com\/es\/medicina-estetica\/#breadcrumb\"},\"inLanguage\":\"es\",\"potentialAction\":[{\"@type\":\"ReadAction\",\"target\":[\"https:\/\/centroesteticamanresa.com\/es\/medicina-estetica\/\"]}]},{\"@type\":\"BreadcrumbList\",\"@id\":\"https:\/\/centroesteticamanresa.com\/es\/medicina-estetica\/#breadcrumb\",\"itemListElement\":[{\"@type\":\"ListItem\",\"position\":1,\"name\":\"Portada\",\"item\":\"https:\/\/centroesteticamanresa.com\/es\/\"},{\"@type\":\"ListItem\",\"position\":2,\"name\":\"Medicina Est\u00e9tica\"}]},{\"@type\":\"WebSite\",\"@id\":\"https:\/\/centroesteticamanresa.com\/es\/#website\",\"url\":\"https:\/\/centroesteticamanresa.com\/es\/\",\"name\":\"Natural M\u00e8dic Est\u00e8tic \u00b7 Centre M\u00e8dic Est\u00e8tic a Manresa\",\"description\":\"Centro M\u00e9dico de est\u00e9tica avanzada especializado en adelgazamiento, belleza y salud integral, ubicado en Manresa (Barcelona).\",\"potentialAction\":[{\"@type\":\"SearchAction\",\"target\":{\"@type\":\"EntryPoint\",\"urlTemplate\":\"https:\/\/centroesteticamanresa.com\/es\/?s={search_term_string}\"},\"query-input\":\"required name=search_term_string\"}],\"inLanguage\":\"es\"}]}<\/script>\n<!-- \/ Yoast SEO plugin. -->","yoast_head_json":{"title":"Medicina Est\u00e9tica en Manresa \u00b7 Natural M\u00e8dic Est\u00e8tic","description":"Medicina Est\u00e9tica en Manresa \u00b7 Natural M\u00e8dic Est\u00e8tic \u00b7 Centro de est\u00e9tica ubicado en Manresa \u00b7 Centro m\u00e9dico est\u00e9tico Manresa.","robots":{"index":"index","follow":"follow","max-snippet":"max-snippet:-1","max-image-preview":"max-image-preview:large","max-video-preview":"max-video-preview:-1"},"canonical":"https:\/\/centroesteticamanresa.com\/es\/medicina-estetica\/","og_locale":"es_ES","og_type":"article","og_title":"Medicina Est\u00e9tica en Manresa \u00b7 Natural M\u00e8dic Est\u00e8tic","og_description":"Medicina Est\u00e9tica en Manresa \u00b7 Natural M\u00e8dic Est\u00e8tic \u00b7 Centro de est\u00e9tica ubicado en Manresa \u00b7 Centro m\u00e9dico est\u00e9tico Manresa.","og_url":"https:\/\/centroesteticamanresa.com\/es\/medicina-estetica\/","og_site_name":"Natural M\u00e8dic Est\u00e8tic \u00b7 Centre M\u00e8dic Est\u00e8tic a Manresa","article_modified_time":"2020-09-22T09:36:11+00:00","twitter_card":"summary_large_image","twitter_misc":{"Tiempo de lectura":"1 minuto"},"schema":{"@context":"https:\/\/schema.org","@graph":[{"@type":"WebPage","@id":"https:\/\/centroesteticamanresa.com\/es\/medicina-estetica\/","url":"https:\/\/centroesteticamanresa.com\/es\/medicina-estetica\/","name":"Medicina Est\u00e9tica en Manresa \u00b7 Natural M\u00e8dic Est\u00e8tic","isPartOf":{"@id":"https:\/\/centroesteticamanresa.com\/es\/#website"},"datePublished":"2020-01-22T11:09:47+00:00","dateModified":"2020-09-22T09:36:11+00:00","description":"Medicina Est\u00e9tica en Manresa \u00b7 Natural M\u00e8dic Est\u00e8tic \u00b7 Centro de est\u00e9tica ubicado en Manresa \u00b7 Centro m\u00e9dico est\u00e9tico Manresa.","breadcrumb":{"@id":"https:\/\/centroesteticamanresa.com\/es\/medicina-estetica\/#breadcrumb"},"inLanguage":"es","potentialAction":[{"@type":"ReadAction","target":["https:\/\/centroesteticamanresa.com\/es\/medicina-estetica\/"]}]},{"@type":"BreadcrumbList","@id":"https:\/\/centroesteticamanresa.com\/es\/medicina-estetica\/#breadcrumb","itemListElement":[{"@type":"ListItem","position":1,"name":"Portada","item":"https:\/\/centroesteticamanresa.com\/es\/"},{"@type":"ListItem","position":2,"name":"Medicina Est\u00e9tica"}]},{"@type":"WebSite","@id":"https:\/\/centroesteticamanresa.com\/es\/#website","url":"https:\/\/centroesteticamanresa.com\/es\/","name":"Natural M\u00e8dic Est\u00e8tic \u00b7 Centre M\u00e8dic Est\u00e8tic a Manresa","description":"Centro M\u00e9dico de est\u00e9tica avanzada especializado en adelgazamiento, belleza y salud integral, ubicado en Manresa (Barcelona).","potentialAction":[{"@type":"SearchAction","target":{"@type":"EntryPoint","urlTemplate":"https:\/\/centroesteticamanresa.com\/es\/?s={search_term_string}"},"query-input":"required name=search_term_string"}],"inLanguage":"es"}]}},"uagb_featured_image_src":{"full":false,"thumbnail":false,"medium":false,"medium_large":false,"large":false,"1536x1536":false,"2048x2048":false},"uagb_author_info":{"display_name":"AitzaWeb","author_link":"https:\/\/centroesteticamanresa.com\/es\/author\/aitzaweb\/"},"uagb_comment_info":0,"uagb_excerpt":null,"_links":{"self":[{"href":"https:\/\/centroesteticamanresa.com\/es\/wp-json\/wp\/v2\/pages\/264"}],"collection":[{"href":"https:\/\/centroesteticamanresa.com\/es\/wp-json\/wp\/v2\/pages"}],"about":[{"href":"https:\/\/centroesteticamanresa.com\/es\/wp-json\/wp\/v2\/types\/page"}],"author":[{"embeddable":true,"href":"https:\/\/centroesteticamanresa.com\/es\/wp-json\/wp\/v2\/users\/4"}],"replies":[{"embeddable":true,"href":"https:\/\/centroesteticamanresa.com\/es\/wp-json\/wp\/v2\/comments?post=264"}],"version-history":[{"count":17,"href":"https:\/\/centroesteticamanresa.com\/es\/wp-json\/wp\/v2\/pages\/264\/revisions"}],"predecessor-version":[{"id":1153,"href":"https:\/\/centroesteticamanresa.com\/es\/wp-json\/wp\/v2\/pages\/264\/revisions\/1153"}],"wp:attachment":[{"href":"https:\/\/centroesteticamanresa.com\/es\/wp-json\/wp\/v2\/media?parent=264"}],"curies":[{"name":"wp","href":"https:\/\/api.w.org\/{rel}","templated":true}]}}