{"id":291,"date":"2020-01-22T12:08:35","date_gmt":"2020-01-22T12:08:35","guid":{"rendered":"https:\/\/centroesteticamanresa.com\/web\/?page_id=291"},"modified":"2020-09-22T10:19:45","modified_gmt":"2020-09-22T10:19:45","slug":"eliminacion-tatuajes","status":"publish","type":"page","link":"https:\/\/centroesteticamanresa.com\/es\/eliminacion-tatuajes\/","title":{"rendered":"Eliminaci\u00f3n de Tatuajes"},"content":{"rendered":"<div class=\"section-full-width section-light2\" style=\"background-color:#f7f7f7;\" id=\"section-1\"><div class=\"section-boxed\" style=\"color:#777777;\"><div class=\"services-wrapper services-fullbox cols-wrapper cols-2\" style=\"background-color:#ebebeb;color:#595959;\"><div class=\"services-box col services-no-image\"><div class=\"services-content\"><div class=\"sc-wraper\"><h3><span style=\"color: #aabe3b;\">Qu\u00e9 debes saber<\/span><\/h3><p>El n\u00famero de sesiones necesarias para quitar tatuajes <b>depende de muchos factores como el color, zona, antig\u00fcedad o profundidad<\/b>. La media de sesiones para un tratamiento completo suele ser de 8 a 15.\r\n<\/p><\/div><\/div><\/div><div class=\"services-box col nomargin services-no-content\"><div class=\"img-container\"><img decoding=\"async\" src=\"https:\/\/centroesteticamanresa.com\/wp-content\/uploads\/2020\/02\/eliminar_tatuaje_manresa.jpeg\" alt=\"\"\/><\/div><div class=\"services-content\"><div class=\"sc-wraper\"><\/div><\/div><\/div><div class=\"clear\"><\/div><\/div>\n<div class=\"section-full-width section-light2\" style=\"background-color:#f7f7f7;\" id=\"n\u00famerodesessionesnecesarias\"><div class=\"section-boxed\" style=\"color:#777777;\"><h2 class=\"section-title\" style=\"color:#252525;\">N\u00famero de sessiones necesarias<\/h2><h4 style=\"color:#252525;\" class=\"sub-title\">DUDAS FRECUENTES DEL TRATAMIENTO<\/h4><\/div><\/div>\n<p>Algunos de los factores que influyen en el n\u00famero de sesiones necesarias para la eliminaci\u00f3n de tatuajes son:<\/p>\n<p>&nbsp;<\/p>\n<p><b><span style=\"color: #aabe3b;\">COLOR DEL TATUAJE<\/span><\/b><\/p>\n<p><b>Pigmento de color negro y azul oscuro.<\/b><br \/>\nSon los que mejor responden al l\u00e1ser, y por ello los que menos sesiones necesitan para su eliminaci\u00f3n. La dificultad de este color radica en su alta densidad, como en el caso de los tatuajes tribales.<\/p>\n<p><b>Pigmento de colores azul claro, verde, amarillo y tonos mixtos.<\/b><br \/>\nEl pico de absorci\u00f3n de estos colores y su composici\u00f3n son variables y est\u00e1 condicionada fundamentalmente por la cantidad de \u00f3xido de titanio o de zinc, que son los pigmentos m\u00e1s dif\u00edciles de eliminar.<\/p>\n<p><b>Pigmento de color rojo.<\/b><br \/>\nResponden bien al l\u00e1ser aunque con algunas sesiones m\u00e1s que los negros.<\/p>\n<p>&nbsp;<\/p>\n<p><b><span style=\"color: #aabe3b;\">TIPO DE TATUAJE<\/span><\/b><\/p>\n<p><b>Tatuaje profesional.<\/b><br \/>\nRequiere un mayor n\u00famero de sesiones, de 8 a 15, debido a la gran permanencia de los pigmentos empleados y la mayor densidad y profundidad.<\/p>\n<p><b>Tatuaje aficionado.<\/b><br \/>\nEste tipo de tatuajes se realizan con tintas m\u00e1s inestables, por lo que la cantidad de pigmento es menor y suele ser m\u00e1s superficial. Precisa una media de 8 sesiones para su eliminaci\u00f3n aunque hay veces que son profundos y necesitar\u00e1n el mismo n\u00famero de sesiones que un tatuaje profesional.<\/p>\n<p>&nbsp;<\/p>\n<p><b><span style=\"color: #aabe3b;\">LOCALIZACI\u00d3N CORPORAL<\/span><\/b><br \/>\nLas zonas en las que la piel es m\u00e1s fina son las que precisan menor n\u00famero de sesiones (cabeza, cuello, escote femenino, mu\u00f1eca).<\/p>\n<p>En zonas como piernas, brazos y espalda, la tinta del tatuaje se encuentra a mayor profundidad y la piel es m\u00e1s gruesa, por lo que requieren un mayor n\u00famero de sesiones.<\/p>\n<p>&nbsp;<\/p>\n<p><b><span style=\"color: #aabe3b;\">COLOR DE LA PIEL<\/span><\/b><br \/>\nEn las pieles claras ser\u00e1 en las que mejor responda el l\u00e1ser y en las que se noten los resultados con menos sesiones, en las pieles m\u00e1s oscuras ser\u00e1n precisas m\u00e1s sesiones para quitar tatuajes.<\/p>\n<div class=\"section-full-width section-light2\" style=\"background-color:#f7f7f7;\" id=\"\u00bfc\u00f3moserealizaeltratamiento\"><div class=\"section-boxed\" style=\"color:#777777;\"><h2 class=\"section-title\" style=\"color:#252525;\">\u00bfC\u00f3mo Se Realiza El Tratamiento?<\/h2><h4 style=\"color:#252525;\" class=\"sub-title\">Laser Tattoo Removal<\/h4><\/div><\/div>\n<p>El tratamiento se realiza con el l\u00e1ser Q-Switch que combina las longitudes de onda de 1064nm y 532nm , lo que permite eliminar la gran mayor\u00eda de pigmentos.<\/p>\n<p>Se ajustan los par\u00e1metros del l\u00e1ser y se comienza a disparar sobre el tatuaje. El l\u00e1ser act\u00faa fragmentando las part\u00edculas de pigmento en part\u00edculas de tama\u00f1o mucho m\u00e1s peque\u00f1o que permiten que nuestro organismo las reabsorba y las elimine posteriormente a trav\u00e9s del drenaje linf\u00e1tico.<br \/>\nUna vez finalizada la sesi\u00f3n, que en general es r\u00e1pida, gracias a que el l\u00e1ser emite a 5Hz (es decir, 5 impactos por segundo), se aplica pomada antibi\u00f3tica y se cubre la zona tratada con una cura oclusiva. Las curas deben realizarse a diario hasta que la piel se recupera de la sesi\u00f3n.<\/p>\n<p>En el transcurso de 4 a 6 semanas nuestro metabolismo ir\u00e1 eliminando las micropart\u00edculas de pigmento. No deben pasar m\u00e1s de 8 semanas entre sesi\u00f3n y sesi\u00f3n ya que hay estudios que demuestran que el proceso de eliminaci\u00f3n de tatuajes se ralentiza. El l\u00e1ser Q-Switch es muy vers\u00e1til y produce resultados excelentes en el tratamiento de tatuajes. Las complicaciones son m\u00ednimas.<\/p>\n<p>&nbsp;<\/p>\n<p><b><span style=\"color: #aabe3b;\">RECOMENDACIONES PREVIAS A LA SESI\u00d3N<\/span><\/b><br \/>\nNo tomar el sol ni hacer sesiones de rayos UVA 10 d\u00edas antes del tratamiento<\/p>\n<p>\n<\/div><\/div>\n<div class=\"services-wrapper services-fullbox cols-wrapper cols-2\" style=\"background-color:#ebebeb;color:#595959;\"><div class=\"services-box col services-no-image\"><div class=\"services-content\"><div class=\"sc-wraper\"><h3><span style=\"color: #aabe3b;\">Cuidados Posteriores<\/span><\/h3><p>Inmediatamente despu\u00e9s del tratamiento se producir\u00e1 enrojecimiento e hinchaz\u00f3n de la zona tratada. Puede tener una sensaci\u00f3n de escozor o quemadura despu\u00e9s del tratamiento, generalmente esta sensaci\u00f3n cede unas horas despu\u00e9s del tratamiento.\r\n<\/br><\/br>\r\n\u00b7 Apl\u00edquese fr\u00edo, le ayudar\u00e1 a reducir las molestias y disminuir\u00e1 la hinchaz\u00f3n y el enrojecimiento.\r\n<\/br><\/br>\u00b7 Evite frotar o rascar la zona que ha sido tratada.\r\n<\/br><\/br><b>\u00b7 Aplicar la pomada de tratamiento cada 8 horas, de 5 a 7 d\u00edas.\r\n<\/br><\/br>\u00b7 Aplicar una crema regenerante 2 veces al d\u00eda hasta que la cicatrizaci\u00f3n se haya completado.<\/b>\r\nProcure evitar ba\u00f1os, duchas muy calientes, saunas y ambientes calurosos durante estos d\u00edas posteriores a su tratamiento.\r\n<\/br><\/br>\u00b7 Utilice un jab\u00f3n neutro para lavar la zona tratada. No frote ni use esponjas \u00e1speras sobre estas \u00e1reas. Secar con una toalla limpia presionando suavemente sobre la zona y sin arrastrar inmediatamente despu\u00e9s del lavado.<\/p><\/div><\/div><\/div><div class=\"services-box col nomargin services-no-content\"><div class=\"img-container\"><img decoding=\"async\" src=\"https:\/\/centroesteticamanresa.com\/wp-content\/uploads\/2020\/02\/WhatsApp-Image-2020-02-03-at-17.53.19.jpeg\" alt=\"\"\/><\/div><div class=\"services-content\"><div class=\"sc-wraper\"><\/div><\/div><\/div><div class=\"clear\"><\/div><\/div>\n<div class=\"services-wrapper services-fullbox cols-wrapper cols-4\" style=\"background-color:#304151;color:#ffffff;\"><div class=\"services-box col services-no-content\"><div class=\"img-container\"><img decoding=\"async\" src=\"https:\/\/centroesteticamanresa.com\/wp-content\/uploads\/2020\/02\/manresa_tattoo_removal.jpeg\" alt=\"\"\/><\/div><div class=\"services-content\"><div class=\"sc-wraper\"><\/div><\/div><\/div><div class=\"services-box col services-no-content\"><div class=\"img-container\"><img decoding=\"async\" src=\"https:\/\/centroesteticamanresa.com\/wp-content\/uploads\/2020\/02\/tattoo_manresa.jpeg\" alt=\"\"\/><\/div><div class=\"services-content\"><div class=\"sc-wraper\"><\/div><\/div><\/div><div class=\"services-box col services-no-content\"><div class=\"img-container\"><img decoding=\"async\" src=\"https:\/\/centroesteticamanresa.com\/wp-content\/uploads\/2020\/02\/tattoo_manresa_removal.jpeg\" alt=\"\"\/><\/div><div class=\"services-content\"><div class=\"sc-wraper\"><\/div><\/div><\/div><div class=\"services-box col nomargin services-no-content\"><div class=\"img-container\"><img decoding=\"async\" src=\"https:\/\/centroesteticamanresa.com\/wp-content\/uploads\/2020\/02\/tatuaje_manresa.jpeg\" alt=\"\"\/><\/div><div class=\"services-content\"><div class=\"sc-wraper\"><\/div><\/div><\/div><div class=\"clear\"><\/div><\/div>\n","protected":false},"excerpt":{"rendered":"","protected":false},"author":4,"featured_media":0,"parent":0,"menu_order":0,"comment_status":"open","ping_status":"open","template":"template-full-custom.php","meta":{"_uag_custom_page_level_css":"","footnotes":""},"class_list":["post-291","page","type-page","status-publish","hentry"],"yoast_head":"<!-- This site is optimized with the Yoast SEO plugin v23.0 - https:\/\/yoast.com\/wordpress\/plugins\/seo\/ -->\n<title>Eliminaci\u00f3n de Tatuajes en Manresa \u00b7 Natural M\u00e8dic Est\u00e8tic<\/title>\n<meta name=\"description\" content=\"Eliminaci\u00f3n de Tatuajes en Manresa \u00b7 Natural M\u00e8dic Est\u00e8tic \u00b7 Centro de est\u00e9tica especialista en elimnar tatuajes en Manresa.\" \/>\n<meta name=\"robots\" content=\"index, follow, max-snippet:-1, max-image-preview:large, max-video-preview:-1\" \/>\n<link rel=\"canonical\" href=\"https:\/\/centroesteticamanresa.com\/es\/eliminacion-tatuajes\/\" \/>\n<meta property=\"og:locale\" content=\"es_ES\" \/>\n<meta property=\"og:type\" content=\"article\" \/>\n<meta property=\"og:title\" content=\"Eliminaci\u00f3n de Tatuajes en Manresa \u00b7 Natural M\u00e8dic Est\u00e8tic\" \/>\n<meta property=\"og:description\" content=\"Eliminaci\u00f3n de Tatuajes en Manresa \u00b7 Natural M\u00e8dic Est\u00e8tic \u00b7 Centro de est\u00e9tica especialista en elimnar tatuajes en Manresa.\" \/>\n<meta property=\"og:url\" content=\"https:\/\/centroesteticamanresa.com\/es\/eliminacion-tatuajes\/\" \/>\n<meta property=\"og:site_name\" content=\"Natural M\u00e8dic Est\u00e8tic \u00b7 Centre M\u00e8dic Est\u00e8tic a Manresa\" \/>\n<meta property=\"article:modified_time\" content=\"2020-09-22T10:19:45+00:00\" \/>\n<meta name=\"twitter:card\" content=\"summary_large_image\" \/>\n<meta name=\"twitter:label1\" content=\"Tiempo de lectura\" \/>\n\t<meta name=\"twitter:data1\" content=\"4 minutos\" \/>\n<script type=\"application\/ld+json\" class=\"yoast-schema-graph\">{\"@context\":\"https:\/\/schema.org\",\"@graph\":[{\"@type\":\"WebPage\",\"@id\":\"https:\/\/centroesteticamanresa.com\/es\/eliminacion-tatuajes\/\",\"url\":\"https:\/\/centroesteticamanresa.com\/es\/eliminacion-tatuajes\/\",\"name\":\"Eliminaci\u00f3n de Tatuajes en Manresa \u00b7 Natural M\u00e8dic Est\u00e8tic\",\"isPartOf\":{\"@id\":\"https:\/\/centroesteticamanresa.com\/es\/#website\"},\"datePublished\":\"2020-01-22T12:08:35+00:00\",\"dateModified\":\"2020-09-22T10:19:45+00:00\",\"description\":\"Eliminaci\u00f3n de Tatuajes en Manresa \u00b7 Natural M\u00e8dic Est\u00e8tic \u00b7 Centro de est\u00e9tica especialista en elimnar tatuajes en Manresa.\",\"breadcrumb\":{\"@id\":\"https:\/\/centroesteticamanresa.com\/es\/eliminacion-tatuajes\/#breadcrumb\"},\"inLanguage\":\"es\",\"potentialAction\":[{\"@type\":\"ReadAction\",\"target\":[\"https:\/\/centroesteticamanresa.com\/es\/eliminacion-tatuajes\/\"]}]},{\"@type\":\"BreadcrumbList\",\"@id\":\"https:\/\/centroesteticamanresa.com\/es\/eliminacion-tatuajes\/#breadcrumb\",\"itemListElement\":[{\"@type\":\"ListItem\",\"position\":1,\"name\":\"Portada\",\"item\":\"https:\/\/centroesteticamanresa.com\/es\/\"},{\"@type\":\"ListItem\",\"position\":2,\"name\":\"Eliminaci\u00f3n de Tatuajes\"}]},{\"@type\":\"WebSite\",\"@id\":\"https:\/\/centroesteticamanresa.com\/es\/#website\",\"url\":\"https:\/\/centroesteticamanresa.com\/es\/\",\"name\":\"Natural M\u00e8dic Est\u00e8tic \u00b7 Centre M\u00e8dic Est\u00e8tic a Manresa\",\"description\":\"Centro M\u00e9dico de est\u00e9tica avanzada especializado en adelgazamiento, belleza y salud integral, ubicado en Manresa (Barcelona).\",\"potentialAction\":[{\"@type\":\"SearchAction\",\"target\":{\"@type\":\"EntryPoint\",\"urlTemplate\":\"https:\/\/centroesteticamanresa.com\/es\/?s={search_term_string}\"},\"query-input\":\"required name=search_term_string\"}],\"inLanguage\":\"es\"}]}<\/script>\n<!-- \/ Yoast SEO plugin. -->","yoast_head_json":{"title":"Eliminaci\u00f3n de Tatuajes en Manresa \u00b7 Natural M\u00e8dic Est\u00e8tic","description":"Eliminaci\u00f3n de Tatuajes en Manresa \u00b7 Natural M\u00e8dic Est\u00e8tic \u00b7 Centro de est\u00e9tica especialista en elimnar tatuajes en Manresa.","robots":{"index":"index","follow":"follow","max-snippet":"max-snippet:-1","max-image-preview":"max-image-preview:large","max-video-preview":"max-video-preview:-1"},"canonical":"https:\/\/centroesteticamanresa.com\/es\/eliminacion-tatuajes\/","og_locale":"es_ES","og_type":"article","og_title":"Eliminaci\u00f3n de Tatuajes en Manresa \u00b7 Natural M\u00e8dic Est\u00e8tic","og_description":"Eliminaci\u00f3n de Tatuajes en Manresa \u00b7 Natural M\u00e8dic Est\u00e8tic \u00b7 Centro de est\u00e9tica especialista en elimnar tatuajes en Manresa.","og_url":"https:\/\/centroesteticamanresa.com\/es\/eliminacion-tatuajes\/","og_site_name":"Natural M\u00e8dic Est\u00e8tic \u00b7 Centre M\u00e8dic Est\u00e8tic a Manresa","article_modified_time":"2020-09-22T10:19:45+00:00","twitter_card":"summary_large_image","twitter_misc":{"Tiempo de lectura":"4 minutos"},"schema":{"@context":"https:\/\/schema.org","@graph":[{"@type":"WebPage","@id":"https:\/\/centroesteticamanresa.com\/es\/eliminacion-tatuajes\/","url":"https:\/\/centroesteticamanresa.com\/es\/eliminacion-tatuajes\/","name":"Eliminaci\u00f3n de Tatuajes en Manresa \u00b7 Natural M\u00e8dic Est\u00e8tic","isPartOf":{"@id":"https:\/\/centroesteticamanresa.com\/es\/#website"},"datePublished":"2020-01-22T12:08:35+00:00","dateModified":"2020-09-22T10:19:45+00:00","description":"Eliminaci\u00f3n de Tatuajes en Manresa \u00b7 Natural M\u00e8dic Est\u00e8tic \u00b7 Centro de est\u00e9tica especialista en elimnar tatuajes en Manresa.","breadcrumb":{"@id":"https:\/\/centroesteticamanresa.com\/es\/eliminacion-tatuajes\/#breadcrumb"},"inLanguage":"es","potentialAction":[{"@type":"ReadAction","target":["https:\/\/centroesteticamanresa.com\/es\/eliminacion-tatuajes\/"]}]},{"@type":"BreadcrumbList","@id":"https:\/\/centroesteticamanresa.com\/es\/eliminacion-tatuajes\/#breadcrumb","itemListElement":[{"@type":"ListItem","position":1,"name":"Portada","item":"https:\/\/centroesteticamanresa.com\/es\/"},{"@type":"ListItem","position":2,"name":"Eliminaci\u00f3n de Tatuajes"}]},{"@type":"WebSite","@id":"https:\/\/centroesteticamanresa.com\/es\/#website","url":"https:\/\/centroesteticamanresa.com\/es\/","name":"Natural M\u00e8dic Est\u00e8tic \u00b7 Centre M\u00e8dic Est\u00e8tic a Manresa","description":"Centro M\u00e9dico de est\u00e9tica avanzada especializado en adelgazamiento, belleza y salud integral, ubicado en Manresa (Barcelona).","potentialAction":[{"@type":"SearchAction","target":{"@type":"EntryPoint","urlTemplate":"https:\/\/centroesteticamanresa.com\/es\/?s={search_term_string}"},"query-input":"required name=search_term_string"}],"inLanguage":"es"}]}},"uagb_featured_image_src":{"full":false,"thumbnail":false,"medium":false,"medium_large":false,"large":false,"1536x1536":false,"2048x2048":false},"uagb_author_info":{"display_name":"AitzaWeb","author_link":"https:\/\/centroesteticamanresa.com\/es\/author\/aitzaweb\/"},"uagb_comment_info":0,"uagb_excerpt":null,"_links":{"self":[{"href":"https:\/\/centroesteticamanresa.com\/es\/wp-json\/wp\/v2\/pages\/291"}],"collection":[{"href":"https:\/\/centroesteticamanresa.com\/es\/wp-json\/wp\/v2\/pages"}],"about":[{"href":"https:\/\/centroesteticamanresa.com\/es\/wp-json\/wp\/v2\/types\/page"}],"author":[{"embeddable":true,"href":"https:\/\/centroesteticamanresa.com\/es\/wp-json\/wp\/v2\/users\/4"}],"replies":[{"embeddable":true,"href":"https:\/\/centroesteticamanresa.com\/es\/wp-json\/wp\/v2\/comments?post=291"}],"version-history":[{"count":47,"href":"https:\/\/centroesteticamanresa.com\/es\/wp-json\/wp\/v2\/pages\/291\/revisions"}],"predecessor-version":[{"id":299,"href":"https:\/\/centroesteticamanresa.com\/es\/wp-json\/wp\/v2\/pages\/291\/revisions\/299"}],"wp:attachment":[{"href":"https:\/\/centroesteticamanresa.com\/es\/wp-json\/wp\/v2\/media?parent=291"}],"curies":[{"name":"wp","href":"https:\/\/api.w.org\/{rel}","templated":true}]}}