{"id":721,"date":"2020-09-16T08:58:45","date_gmt":"2020-09-16T08:58:45","guid":{"rendered":"https:\/\/centroesteticamanresa.com\/?page_id=721"},"modified":"2020-09-22T10:48:56","modified_gmt":"2020-09-22T10:48:56","slug":"politica-de-cookies","status":"publish","type":"page","link":"https:\/\/centroesteticamanresa.com\/es\/politica-de-cookies\/","title":{"rendered":"Pol\u00edtica de Cookies"},"content":{"rendered":"<h2>POL\u00cdTICA DE COOKIES<\/h2>\n<h3>1. \u00bfQu\u00e9 son las cookies y por qu\u00e9 las utilizamos en la Web?<\/h3>\n<p>Una cookie es un archivo que se descarga en el dispositivo del usuario al acceder a determinados sitio web para almacenar y recuperar informaci\u00f3n sobre la navegaci\u00f3n que se efect\u00faa desde su equipo.<br \/>\nLas cookies permiten a esta web, entre otras cosas, almacenar y recuperar informaci\u00f3n sobre las decisiones y h\u00e1bitos del usuario. Al presente web las cookies que existen son necesarias para el funcionamiento de \u00e9sta.<br \/>\nEs importante destacar que el uso de cookies no proporciona datos personales del usuario.<\/p>\n<h3>2. \u00bfQu\u00e9 tipo de cookies existen?<\/h3>\n<p>Las cookies, en funci\u00f3n del tiempo que permanecen activadas, pueden dividirse en cookies de sesi\u00f3n o permanentes:<\/p>\n<h4>\u2022 Cookies de sesi\u00f3n y persistentes:<\/h4>\n<p>Las Cookies de sesi\u00f3n son dise\u00f1adas para recaudar y almacenar datos mientras el usuario accede a una p\u00e1gina web. Se suelen emplear para almacenar informaci\u00f3n que solamente interesa conservar para la prestaci\u00f3n del servicio solicitado por el usuario en una sola ocasi\u00f3n. En el caso de las persistentes, los datos siguen almacenados en el dispositivo durante un periodo de tiempo determinado, facilitando as\u00ed el control de las preferencias elegidas sin volver que repetir ciertos par\u00e1metros cada vez que se visita el sitio web.<\/p>\n<p>Adicionalmente, seg\u00fan la entidad que las gestione, las cookies pueden clasificarse en propias o de tercero:<\/p>\n<h4>\u2022 Cookies propias o de terceros:<\/h4>\n<p>Las Cookies propias son aquellas que se env\u00edan al equipo terminal del usuario desde un equipo o dominio gestionado por el propio editor y desde el que se presta el servicio solicitado por el usuario. En cambio, las cookies de terceros son aquellas que se env\u00edan al terminal del usuario desde un equipo o dominio que no es gestionado por el editor, sino por un otra entidad que trata los datos obtenidos a trav\u00e9s de las cookies.<\/p>\n<p>En cuanto a ello, las cookies pueden ser:<\/p>\n<h4>\u2022 Cookies t\u00e9cnicas \/ personalizaci\u00f3n \/ an\u00e1lisis \/ publicitarias:<\/h4>\n<p>Las cookies t\u00e9cnicas ser\u00edan las que permiten controlar el tr\u00e1fico y la comunicaci\u00f3n de datos; las de personalizaci\u00f3n, las que dejan a los usuarios acceder seg\u00fan algunas caracter\u00edsticas propias que se recogen (navegador, idioma, etc.). Las de an\u00e1lisis son aquellas que permiten al responsable de las mismas, el seguimiento y el tama\u00f1o del comportamiento de los usuarios de los sitios web a los que est\u00e1n vinculadas, recogen datos sobre el comportamiento de los usuarios y permiten elaborar un perfil de usuario. Finalmente, las publicitarias recogen datos sobre la gesti\u00f3n de los espacios publicitarios<\/p>\n<h3>3. \u00bfQu\u00e9 tipo de cookies utiliza la p\u00e1gina web?<\/h3>\n<table width=\"437\">\n<thead>\n<tr>\n<td width=\"83\"><strong>Nombre<\/strong><\/td>\n<td width=\"106\"><strong>Dominio<\/strong><\/td>\n<td width=\"183\"><strong>Finalidad<\/strong><\/td>\n<td width=\"64\"><strong>Vencimento<\/strong><\/td>\n<\/tr>\n<\/thead>\n<tbody>\n<tr>\n<td width=\"83\">DIYAppServer<\/td>\n<td width=\"106\">cdn.website-start.de<\/td>\n<td width=\"183\">Cookies relativas al servidor de hosting 1&amp;1, informaci\u00f3n estad\u00edstica de las visitas que recibe la web.<\/td>\n<td width=\"64\">sessi\u00f3n<\/td>\n<\/tr>\n<tr>\n<td width=\"83\">DIY_SB<\/td>\n<td width=\"106\">www.mentaevents.com<\/td>\n<td width=\"183\">Instala cuando se accede al sitio web en el navegador. Es una cookie que identifica la sesi\u00f3n, la cual se env\u00eda para cualquier otro tipo de sesi\u00f3n.<\/p>\n<p>&nbsp;<\/td>\n<td width=\"64\">sessi\u00f3n<\/td>\n<tr>\n<p>&nbsp;<\/td>\n<\/tr>\n<\/tbody>\n<\/table>\n<h3>4. Como deshabilitar las cookies del navegador?<\/h3>\n<p>El usuario puede configurar su navegador para no aceptar el uso de cookies, en este caso la personalizaci\u00f3n de la experiencia no se aplicar\u00eda. Si se selecciona esta configuraci\u00f3n puede que no se pueda acceder a ciertas partes del sitio web, ya que puede causar una navegaci\u00f3n menos eficaz.<br \/>\nLa mayor\u00eda de navegadores actualmente permiten al usuario configurar si desean aceptar cookies y cu\u00e1les de estas. Estos par\u00e1metros normalmente se encuentran en los \u00abpar\u00e1metros\u00bb o \u00abpreferencias\u00bb del men\u00fa de su navegador.<br \/>\nInternet Explorer desde aqu\u00ed: <a href=\"http:\/\/windows.microsoft.com\/es-es\/internet-explorer\/delete-manage-cookies#ie=ie-10\" target=\"_blank\" rel=\"noopener noreferrer\">http:\/\/windows.microsoft.com\/es-es\/internet-explorer\/delete-manage-cookies#ie=ie-10<\/a><br \/>\nGoogle Chrome desde aqu\u00ed: <a href=\"http:\/\/support.google.com\/chrome\/bin\/answer.py?hl=es&amp;answer=95647\" target=\"_blank\" rel=\"noopener noreferrer\">http:\/\/support.google.com\/chrome\/bin\/answer.py?hl=es&amp;answer=95647<\/a><br \/>\nSafari desde aqu\u00ed: <a href=\"https:\/\/support.apple.com\/kb\/ph17191?locale=es_ES\" target=\"_blank\" rel=\"noopener noreferrer\">https:\/\/support.apple.com\/kb\/ph17191?locale=es_ES<\/a><br \/>\nOpera desde aqu\u00ed: <a href=\"http:\/\/help.opera.com\/Windows\/11.50\/es-ES\/cookies.html\" target=\"_blank\" rel=\"noopener noreferrer\">http:\/\/help.opera.com\/Windows\/11.50\/es-ES\/cookies.html<\/a><\/p>\n","protected":false},"excerpt":{"rendered":"<p>POL\u00cdTICA DE COOKIES 1. \u00bfQu\u00e9 son las cookies y por qu\u00e9 las utilizamos en la Web? Una cookie es un [&hellip;]<\/p>\n","protected":false},"author":4,"featured_media":0,"parent":0,"menu_order":0,"comment_status":"closed","ping_status":"open","template":"","meta":{"_uag_custom_page_level_css":"","footnotes":""},"class_list":["post-721","page","type-page","status-publish","hentry"],"yoast_head":"<!-- This site is optimized with the Yoast SEO plugin v23.0 - https:\/\/yoast.com\/wordpress\/plugins\/seo\/ -->\n<title>Pol\u00edtica de Cookies \u00b7 Natural M\u00e8dic Est\u00e8tic \u00b7 Centro Est\u00e8tica Manresa<\/title>\n<meta name=\"description\" content=\"Pol\u00edtica de Cookies \u00b7 Natural M\u00e8dic Est\u00e8tic \u00b7 Centro Est\u00e8tica Manresa \u00b7 Centro m\u00e9dico est\u00e9tico ubicado en Manresa (Barcelona).\" \/>\n<meta name=\"robots\" content=\"index, follow, max-snippet:-1, max-image-preview:large, max-video-preview:-1\" \/>\n<link rel=\"canonical\" href=\"https:\/\/centroesteticamanresa.com\/es\/politica-de-cookies\/\" \/>\n<meta property=\"og:locale\" content=\"es_ES\" \/>\n<meta property=\"og:type\" content=\"article\" \/>\n<meta property=\"og:title\" content=\"Pol\u00edtica de Cookies \u00b7 Natural M\u00e8dic Est\u00e8tic \u00b7 Centro Est\u00e8tica Manresa\" \/>\n<meta property=\"og:description\" content=\"Pol\u00edtica de Cookies \u00b7 Natural M\u00e8dic Est\u00e8tic \u00b7 Centro Est\u00e8tica Manresa \u00b7 Centro m\u00e9dico est\u00e9tico ubicado en Manresa (Barcelona).\" \/>\n<meta property=\"og:url\" content=\"https:\/\/centroesteticamanresa.com\/es\/politica-de-cookies\/\" \/>\n<meta property=\"og:site_name\" content=\"Natural M\u00e8dic Est\u00e8tic \u00b7 Centre M\u00e8dic Est\u00e8tic a Manresa\" \/>\n<meta property=\"article:modified_time\" content=\"2020-09-22T10:48:56+00:00\" \/>\n<meta name=\"twitter:card\" content=\"summary_large_image\" \/>\n<meta name=\"twitter:label1\" content=\"Tiempo de lectura\" \/>\n\t<meta name=\"twitter:data1\" content=\"3 minutos\" \/>\n<script type=\"application\/ld+json\" class=\"yoast-schema-graph\">{\"@context\":\"https:\/\/schema.org\",\"@graph\":[{\"@type\":\"WebPage\",\"@id\":\"https:\/\/centroesteticamanresa.com\/es\/politica-de-cookies\/\",\"url\":\"https:\/\/centroesteticamanresa.com\/es\/politica-de-cookies\/\",\"name\":\"Pol\u00edtica de Cookies \u00b7 Natural M\u00e8dic Est\u00e8tic \u00b7 Centro Est\u00e8tica Manresa\",\"isPartOf\":{\"@id\":\"https:\/\/centroesteticamanresa.com\/es\/#website\"},\"datePublished\":\"2020-09-16T08:58:45+00:00\",\"dateModified\":\"2020-09-22T10:48:56+00:00\",\"description\":\"Pol\u00edtica de Cookies \u00b7 Natural M\u00e8dic Est\u00e8tic \u00b7 Centro Est\u00e8tica Manresa \u00b7 Centro m\u00e9dico est\u00e9tico ubicado en Manresa (Barcelona).\",\"breadcrumb\":{\"@id\":\"https:\/\/centroesteticamanresa.com\/es\/politica-de-cookies\/#breadcrumb\"},\"inLanguage\":\"es\",\"potentialAction\":[{\"@type\":\"ReadAction\",\"target\":[\"https:\/\/centroesteticamanresa.com\/es\/politica-de-cookies\/\"]}]},{\"@type\":\"BreadcrumbList\",\"@id\":\"https:\/\/centroesteticamanresa.com\/es\/politica-de-cookies\/#breadcrumb\",\"itemListElement\":[{\"@type\":\"ListItem\",\"position\":1,\"name\":\"Portada\",\"item\":\"https:\/\/centroesteticamanresa.com\/es\/\"},{\"@type\":\"ListItem\",\"position\":2,\"name\":\"Pol\u00edtica de Cookies\"}]},{\"@type\":\"WebSite\",\"@id\":\"https:\/\/centroesteticamanresa.com\/es\/#website\",\"url\":\"https:\/\/centroesteticamanresa.com\/es\/\",\"name\":\"Natural M\u00e8dic Est\u00e8tic \u00b7 Centre M\u00e8dic Est\u00e8tic a Manresa\",\"description\":\"Centro M\u00e9dico de est\u00e9tica avanzada especializado en adelgazamiento, belleza y salud integral, ubicado en Manresa (Barcelona).\",\"potentialAction\":[{\"@type\":\"SearchAction\",\"target\":{\"@type\":\"EntryPoint\",\"urlTemplate\":\"https:\/\/centroesteticamanresa.com\/es\/?s={search_term_string}\"},\"query-input\":\"required name=search_term_string\"}],\"inLanguage\":\"es\"}]}<\/script>\n<!-- \/ Yoast SEO plugin. -->","yoast_head_json":{"title":"Pol\u00edtica de Cookies \u00b7 Natural M\u00e8dic Est\u00e8tic \u00b7 Centro Est\u00e8tica Manresa","description":"Pol\u00edtica de Cookies \u00b7 Natural M\u00e8dic Est\u00e8tic \u00b7 Centro Est\u00e8tica Manresa \u00b7 Centro m\u00e9dico est\u00e9tico ubicado en Manresa (Barcelona).","robots":{"index":"index","follow":"follow","max-snippet":"max-snippet:-1","max-image-preview":"max-image-preview:large","max-video-preview":"max-video-preview:-1"},"canonical":"https:\/\/centroesteticamanresa.com\/es\/politica-de-cookies\/","og_locale":"es_ES","og_type":"article","og_title":"Pol\u00edtica de Cookies \u00b7 Natural M\u00e8dic Est\u00e8tic \u00b7 Centro Est\u00e8tica Manresa","og_description":"Pol\u00edtica de Cookies \u00b7 Natural M\u00e8dic Est\u00e8tic \u00b7 Centro Est\u00e8tica Manresa \u00b7 Centro m\u00e9dico est\u00e9tico ubicado en Manresa (Barcelona).","og_url":"https:\/\/centroesteticamanresa.com\/es\/politica-de-cookies\/","og_site_name":"Natural M\u00e8dic Est\u00e8tic \u00b7 Centre M\u00e8dic Est\u00e8tic a Manresa","article_modified_time":"2020-09-22T10:48:56+00:00","twitter_card":"summary_large_image","twitter_misc":{"Tiempo de lectura":"3 minutos"},"schema":{"@context":"https:\/\/schema.org","@graph":[{"@type":"WebPage","@id":"https:\/\/centroesteticamanresa.com\/es\/politica-de-cookies\/","url":"https:\/\/centroesteticamanresa.com\/es\/politica-de-cookies\/","name":"Pol\u00edtica de Cookies \u00b7 Natural M\u00e8dic Est\u00e8tic \u00b7 Centro Est\u00e8tica Manresa","isPartOf":{"@id":"https:\/\/centroesteticamanresa.com\/es\/#website"},"datePublished":"2020-09-16T08:58:45+00:00","dateModified":"2020-09-22T10:48:56+00:00","description":"Pol\u00edtica de Cookies \u00b7 Natural M\u00e8dic Est\u00e8tic \u00b7 Centro Est\u00e8tica Manresa \u00b7 Centro m\u00e9dico est\u00e9tico ubicado en Manresa (Barcelona).","breadcrumb":{"@id":"https:\/\/centroesteticamanresa.com\/es\/politica-de-cookies\/#breadcrumb"},"inLanguage":"es","potentialAction":[{"@type":"ReadAction","target":["https:\/\/centroesteticamanresa.com\/es\/politica-de-cookies\/"]}]},{"@type":"BreadcrumbList","@id":"https:\/\/centroesteticamanresa.com\/es\/politica-de-cookies\/#breadcrumb","itemListElement":[{"@type":"ListItem","position":1,"name":"Portada","item":"https:\/\/centroesteticamanresa.com\/es\/"},{"@type":"ListItem","position":2,"name":"Pol\u00edtica de Cookies"}]},{"@type":"WebSite","@id":"https:\/\/centroesteticamanresa.com\/es\/#website","url":"https:\/\/centroesteticamanresa.com\/es\/","name":"Natural M\u00e8dic Est\u00e8tic \u00b7 Centre M\u00e8dic Est\u00e8tic a Manresa","description":"Centro M\u00e9dico de est\u00e9tica avanzada especializado en adelgazamiento, belleza y salud integral, ubicado en Manresa (Barcelona).","potentialAction":[{"@type":"SearchAction","target":{"@type":"EntryPoint","urlTemplate":"https:\/\/centroesteticamanresa.com\/es\/?s={search_term_string}"},"query-input":"required name=search_term_string"}],"inLanguage":"es"}]}},"uagb_featured_image_src":{"full":false,"thumbnail":false,"medium":false,"medium_large":false,"large":false,"1536x1536":false,"2048x2048":false},"uagb_author_info":{"display_name":"AitzaWeb","author_link":"https:\/\/centroesteticamanresa.com\/es\/author\/aitzaweb\/"},"uagb_comment_info":0,"uagb_excerpt":"POL\u00cdTICA DE COOKIES 1. \u00bfQu\u00e9 son las cookies y por qu\u00e9 las utilizamos en la Web? Una cookie es un [&hellip;]","_links":{"self":[{"href":"https:\/\/centroesteticamanresa.com\/es\/wp-json\/wp\/v2\/pages\/721"}],"collection":[{"href":"https:\/\/centroesteticamanresa.com\/es\/wp-json\/wp\/v2\/pages"}],"about":[{"href":"https:\/\/centroesteticamanresa.com\/es\/wp-json\/wp\/v2\/types\/page"}],"author":[{"embeddable":true,"href":"https:\/\/centroesteticamanresa.com\/es\/wp-json\/wp\/v2\/users\/4"}],"replies":[{"embeddable":true,"href":"https:\/\/centroesteticamanresa.com\/es\/wp-json\/wp\/v2\/comments?post=721"}],"version-history":[{"count":1,"href":"https:\/\/centroesteticamanresa.com\/es\/wp-json\/wp\/v2\/pages\/721\/revisions"}],"predecessor-version":[{"id":722,"href":"https:\/\/centroesteticamanresa.com\/es\/wp-json\/wp\/v2\/pages\/721\/revisions\/722"}],"wp:attachment":[{"href":"https:\/\/centroesteticamanresa.com\/es\/wp-json\/wp\/v2\/media?parent=721"}],"curies":[{"name":"wp","href":"https:\/\/api.w.org\/{rel}","templated":true}]}}